{"id":6622,"date":"2023-12-28T00:45:21","date_gmt":"2023-12-27T23:45:21","guid":{"rendered":"https:\/\/bns.berlin\/?page_id=6622"},"modified":"2024-05-27T21:31:00","modified_gmt":"2024-05-27T19:31:00","slug":"zentrum-uberleben","status":"publish","type":"page","link":"https:\/\/bns.berlin\/tr\/zentrum-uberleben\/","title":{"rendered":"Zentrum \u00dcBERLEBEN"},"content":{"rendered":"\n<div class=\"wp-block-columns alignwide has-base-color has-primary-background-color has-text-color has-background has-link-color wp-elements-9bb424618d2a49a477d64ea5a2d9d710 is-layout-flex wp-container-core-columns-is-layout-28f84493 wp-block-columns-is-layout-flex\" style=\"border-radius:25px\">\n<div class=\"wp-block-column is-layout-flow wp-block-column-is-layout-flow\">\n<h1 class=\"wp-block-heading has-base-color has-text-color has-link-color has-xxxl-font-size wp-elements-2d322a67c7db71bdb9aed9dce611847a\" style=\"text-transform:none\">Zentrum \u00dcBERLEBEN<\/h1>\n\n\n\n<p class=\"has-l-font-size\">Fachstelle f\u00fcr traumatisierte Gefl\u00fcchtete und \u00dcberlebende schwerer Gewalt<\/p>\n<\/div>\n<\/div>\n\n\n\n<h2 class=\"wp-block-heading is-style-screen-reader-text\">Mehr \u00fcber Zentrum \u00dcBERLEBEN<\/h2>\n\n\n\n<div class=\"wp-block-columns alignwide is-layout-flex wp-container-core-columns-is-layout-28f84493 wp-block-columns-is-layout-flex\">\n<div class=\"wp-block-column is-layout-flow wp-block-column-is-layout-flow\">\n<div style=\"height:35px\" aria-hidden=\"true\" class=\"wp-block-spacer\"><\/div>\n\n\n\n<div id=\"readspeaker_button1\" class=\"rs_skip rsbtn rs_preserve\">\n    <a rel=\"nofollow\" class=\"rsbtn_play\" title=\"Metni dinlemek i\u00e7in l\u00fctfen ReadSpeaker WebReader'\u0131 kullan\u0131n.\" href=\"https:\/\/app-eu.readspeaker.com\/cgi-bin\/rsent?customerid=14400&amp;lang=tr_tr&amp;readclass=zentrum&amp;url=https:\/\/bns.berlin\/tr\/fachstellen-ubersicht\/zentrum-uberleben\/\">\n        <span class=\"rsbtn_left rsimg rspart\"><span class=\"rsbtn_text\"><span>Oku<\/span><\/span><\/span>\n        <span class=\"rsbtn_right rsimg rsplay rspart\"><\/span>\n    <\/a>\n<\/div>\n<\/div>\n<\/div>\n\n\n\n<div class=\"wp-block-columns alignwide zentrum has-contrast-alt-color has-text-color has-link-color wp-elements-789b0f0b6652f11eaff0c4868bb6b371 is-layout-flex wp-container-core-columns-is-layout-6944e41c wp-block-columns-is-layout-flex\" style=\"border-radius:25px;margin-top:0;margin-bottom:0;padding-top:var(--wp--preset--spacing--s);padding-right:0;padding-bottom:var(--wp--preset--spacing--s);padding-left:0\">\n<div class=\"wp-block-column is-layout-flow wp-block-column-is-layout-flow\" style=\"padding-top:var(--wp--preset--spacing--m);padding-right:0;padding-bottom:var(--wp--preset--spacing--m);padding-left:0;flex-basis:60%\">\n<div class=\"wp-block-group has-custom-color-1-background-color has-background is-vertical is-layout-flex wp-container-core-group-is-layout-cf91af71 wp-block-group-is-layout-flex\" style=\"border-radius:25px;padding-top:var(--wp--preset--spacing--s);padding-right:0;padding-bottom:var(--wp--preset--spacing--s);padding-left:0\">\n<div class=\"wp-block-columns is-layout-flex wp-container-core-columns-is-layout-28f84493 wp-block-columns-is-layout-flex\">\n<div class=\"wp-block-column is-layout-flow wp-block-column-is-layout-flow\" style=\"padding-top:var(--wp--preset--spacing--s);padding-right:var(--wp--preset--spacing--m);padding-bottom:var(--wp--preset--spacing--s);padding-left:var(--wp--preset--spacing--m)\">\n<h3 class=\"wp-block-heading has-primary-color has-text-color has-m-font-size\" style=\"letter-spacing:0.05em;text-transform:none\">Haklar\u0131n\u0131z hakk\u0131nda sizi bilgilendiriyor ve sizi destekliyoruz, \u00f6rn.:<\/h3>\n\n\n\n<ul class=\"has-primary-color has-text-color has-link-color wp-block-list wp-elements-37046880ea0df995c32fb2c66cc5dda9\">\n<li>\u0130ltica i\u015flemleri s\u00fcreci<\/li>\n\n\n\n<li>\u0130ltica \u0130\u015flemlerindeki \u00f6zel durumlar i\u00e7in ifade verme hususunda bilgilendirme<\/li>\n<\/ul>\n\n\n\n<p class=\"has-primary-color has-text-color has-link-color wp-elements-1f092831b46aa8290c83bef23839fce0\"><strong><strong>Dan\u0131\u015fmanl\u0131k hizmeti ve destek verdiklerimiz: yeti\u015fkinler, \u00e7ocuklar ve gen\u00e7ler.<\/strong><\/strong><\/p>\n<\/div>\n<\/div>\n<\/div>\n\n\n\n<div class=\"wp-block-group has-custom-color-1-background-color has-background is-vertical is-layout-flex wp-container-core-group-is-layout-cf91af71 wp-block-group-is-layout-flex\" style=\"border-radius:25px;padding-top:var(--wp--preset--spacing--s);padding-right:0;padding-bottom:var(--wp--preset--spacing--s);padding-left:0\">\n<div class=\"wp-block-columns is-layout-flex wp-container-core-columns-is-layout-28f84493 wp-block-columns-is-layout-flex\">\n<div class=\"wp-block-column is-layout-flow wp-block-column-is-layout-flow\" style=\"padding-top:var(--wp--preset--spacing--s);padding-right:var(--wp--preset--spacing--m);padding-bottom:var(--wp--preset--spacing--s);padding-left:var(--wp--preset--spacing--m)\">\n<h3 class=\"wp-block-heading has-primary-color has-text-color has-m-font-size\" style=\"letter-spacing:0.05em;text-transform:none\">Psikolojik rahats\u0131zl\u0131klara uygun yard\u0131m hizmeti sunuyoruz. \u00d6rne\u011fin:<\/h3>\n\n\n\n<ul class=\"has-primary-color has-text-color has-link-color wp-block-list wp-elements-84fc724bca347d3b16fba553c52c571c\">\n<li>Psikoterapik yard\u0131m<\/li>\n\n\n\n<li>Psikiyatrik yard\u0131m<\/li>\n\n\n\n<li>Psikososyal yard\u0131m<\/li>\n\n\n\n<li>Entegrasyon yard\u0131m\u0131<\/li>\n<\/ul>\n<\/div>\n<\/div>\n<\/div>\n\n\n\n<div class=\"wp-block-group has-custom-color-1-background-color has-background is-vertical is-layout-flex wp-container-core-group-is-layout-cf91af71 wp-block-group-is-layout-flex\" style=\"border-radius:25px;padding-top:var(--wp--preset--spacing--s);padding-right:0;padding-bottom:var(--wp--preset--spacing--s);padding-left:0\">\n<div class=\"wp-block-columns is-layout-flex wp-container-core-columns-is-layout-28f84493 wp-block-columns-is-layout-flex\">\n<div class=\"wp-block-column is-layout-flow wp-block-column-is-layout-flow\" style=\"padding-top:var(--wp--preset--spacing--s);padding-right:var(--wp--preset--spacing--m);padding-bottom:var(--wp--preset--spacing--s);padding-left:var(--wp--preset--spacing--m)\">\n<h3 class=\"wp-block-heading has-primary-color has-text-color has-m-font-size\" style=\"letter-spacing:0.05em;text-transform:none\">Ba\u015fvurular\u0131n\u0131zda size destek oluruz. \u00d6rne\u011fin:<\/h3>\n\n\n\n<ul class=\"has-primary-color has-text-color has-link-color wp-block-list wp-elements-21eed13530143f5513e6b3511a68e462\">\n<li>Psikoterapi<\/li>\n\n\n\n<li>Aile i\u00e7in destek (E\u011fitime yard\u0131m)<\/li>\n\n\n\n<li>Sosyal hukuk hizmetleri<\/li>\n<\/ul>\n<\/div>\n<\/div>\n<\/div>\n\n\n\n<div class=\"wp-block-group has-custom-color-1-background-color has-background is-vertical is-layout-flex wp-container-core-group-is-layout-cf91af71 wp-block-group-is-layout-flex\" style=\"border-radius:25px;padding-top:var(--wp--preset--spacing--s);padding-right:0;padding-bottom:var(--wp--preset--spacing--s);padding-left:0\">\n<div class=\"wp-block-columns is-layout-flex wp-container-core-columns-is-layout-28f84493 wp-block-columns-is-layout-flex\">\n<div class=\"wp-block-column is-layout-flow wp-block-column-is-layout-flow\" style=\"padding-top:var(--wp--preset--spacing--s);padding-right:var(--wp--preset--spacing--m);padding-bottom:var(--wp--preset--spacing--s);padding-left:var(--wp--preset--spacing--m)\">\n<h3 class=\"wp-block-heading has-primary-color has-text-color has-m-font-size\" style=\"letter-spacing:0.05em;text-transform:none\">\u0130leti\u015fimde size destek oluruz, \u00f6rn.:<\/h3>\n\n\n\n<ul class=\"has-primary-color has-text-color has-link-color wp-block-list wp-elements-a8d6934d3818914ea9a336733d1a7ca3\">\n<li>LAF<\/li>\n\n\n\n<li>B\u00f6lge ofisleri<\/li>\n\n\n\n<li>Yabanc\u0131lar dairesi<\/li>\n\n\n\n<li>BAMF<\/li>\n<\/ul>\n<\/div>\n<\/div>\n<\/div>\n\n\n\n<div class=\"wp-block-group has-custom-color-1-background-color has-background is-vertical is-layout-flex wp-container-core-group-is-layout-cf91af71 wp-block-group-is-layout-flex\" style=\"border-radius:25px;padding-top:var(--wp--preset--spacing--s);padding-right:0;padding-bottom:var(--wp--preset--spacing--s);padding-left:0\">\n<div class=\"wp-block-columns is-layout-flex wp-container-core-columns-is-layout-28f84493 wp-block-columns-is-layout-flex\">\n<div class=\"wp-block-column is-layout-flow wp-block-column-is-layout-flow\" style=\"padding-top:var(--wp--preset--spacing--s);padding-right:var(--wp--preset--spacing--m);padding-bottom:var(--wp--preset--spacing--s);padding-left:var(--wp--preset--spacing--m)\">\n<p class=\"has-primary-color has-text-color has-m-font-size\"><strong><strong>Konaklama durumunuz (yurt odas\u0131) hakk\u0131nda \u00f6neride bulunuyoruz.<\/strong><\/strong><\/p>\n<\/div>\n<\/div>\n<\/div>\n\n\n\n<div class=\"wp-block-group has-custom-color-1-background-color has-background is-vertical is-layout-flex wp-container-core-group-is-layout-cf91af71 wp-block-group-is-layout-flex\" style=\"border-radius:25px;padding-top:var(--wp--preset--spacing--s);padding-right:0;padding-bottom:var(--wp--preset--spacing--s);padding-left:0\">\n<div class=\"wp-block-columns is-layout-flex wp-container-core-columns-is-layout-28f84493 wp-block-columns-is-layout-flex\">\n<div class=\"wp-block-column is-layout-flow wp-block-column-is-layout-flow\" style=\"padding-top:var(--wp--preset--spacing--s);padding-right:var(--wp--preset--spacing--m);padding-bottom:var(--wp--preset--spacing--s);padding-left:var(--wp--preset--spacing--m)\">\n<h3 class=\"wp-block-heading has-primary-color has-text-color has-m-font-size\"><strong>\u0130sterseniz sizi sosyal, yasal ve sa\u011fl\u0131k tekliflerine dahil ediyoruz.<\/strong><\/h3>\n\n\n\n<ul class=\"wp-block-list\" style=\"color:#005ba8\">\n<li>Entegrasyon yard\u0131m\u0131<\/li>\n\n\n\n<li>Hukuki dan\u0131\u015fmanl\u0131k<\/li>\n<\/ul>\n<\/div>\n<\/div>\n<\/div>\n\n\n\n<div class=\"wp-block-group has-border-color has-custom-color-2-border-color has-base-background-color has-background is-vertical is-layout-flex wp-container-core-group-is-layout-cf91af71 wp-block-group-is-layout-flex\" style=\"border-width:3px;border-radius:25px;padding-top:var(--wp--preset--spacing--s);padding-right:0;padding-bottom:var(--wp--preset--spacing--s);padding-left:0\">\n<div class=\"wp-block-columns is-layout-flex wp-container-core-columns-is-layout-28f84493 wp-block-columns-is-layout-flex\">\n<div class=\"wp-block-column is-layout-flow wp-block-column-is-layout-flow\" style=\"border-radius:25px;padding-top:var(--wp--preset--spacing--s);padding-right:var(--wp--preset--spacing--m);padding-bottom:var(--wp--preset--spacing--s);padding-left:var(--wp--preset--spacing--m)\">\n<figure class=\"wp-block-image size-full is-resized\"><img loading=\"lazy\" decoding=\"async\" width=\"400\" height=\"164\" src=\"https:\/\/bns.berlin\/wp-content\/uploads\/2023\/11\/Zentrumueberleben400.jpg\" alt=\"Logo Zentrum \u00dcberleben\" class=\"wp-image-4898\" style=\"width:400px\" srcset=\"https:\/\/bns.berlin\/wp-content\/uploads\/2023\/11\/Zentrumueberleben400.jpg 400w, https:\/\/bns.berlin\/wp-content\/uploads\/2023\/11\/Zentrumueberleben400-300x123.jpg 300w\" sizes=\"auto, (max-width: 400px) 100vw, 400px\" \/><\/figure>\n<\/div>\n<\/div>\n<\/div>\n<\/div>\n\n\n\n<div class=\"wp-block-column is-layout-flow wp-block-column-is-layout-flow\" style=\"padding-top:var(--wp--preset--spacing--m);padding-bottom:var(--wp--preset--spacing--m)\">\n<div class=\"wp-block-group has-border-color has-custom-color-2-border-color has-base-background-color has-background is-vertical is-layout-flex wp-container-core-group-is-layout-aedf0d0a wp-block-group-is-layout-flex\" style=\"border-width:3px;border-radius:25px;padding-top:var(--wp--preset--spacing--m);padding-right:var(--wp--preset--spacing--s);padding-bottom:var(--wp--preset--spacing--m);padding-left:var(--wp--preset--spacing--s)\">\n<h3 class=\"wp-block-heading is-style-screen-reader-text\" style=\"text-transform:none\">\u0130leti\u015fim Bilgileri Zentrum \u00dcBERLEBEN<\/h3>\n\n\n\n<p class=\"info termine has-primary-color has-text-color has-link-color has-m-font-size wp-elements-e3d5fc73ca9e5a8097d4a8c0cf8030bf\" style=\"font-style:normal;font-weight:500\"><strong>Bizimle ileti\u015fime ge\u00e7in ve bize neye ihtiyac\u0131n\u0131z oldu\u011funu s\u00f6yleyin.<\/strong><br><strong>Randevular\u0131n telefonla yoluyla al\u0131nmas\u0131 gerekir.<\/strong><\/p>\n\n\n\n<h4 class=\"wp-block-heading is-style-screen-reader-text has-m-font-size\" style=\"letter-spacing:0.05em;text-transform:uppercase\">Telefon<\/h4>\n\n\n\n<p class=\"info telefon has-primary-color has-text-color has-link-color wp-elements-b309a95d076960cbdd3cb757d1d7e2cb\" style=\"font-style:normal;font-weight:400\"><strong>Telefonla dan\u0131\u015fma<\/strong><\/p>\n\n\n\n<ul style=\"margin-top:0;margin-bottom:0;padding-top:0;padding-bottom:0\" class=\"info is-style-no-bullets has-primary-color has-text-color has-link-color wp-block-list wp-elements-8303aa499a41ed617d94e4b4ceec2fed\">\n<li>Pazartesi 12:00-14:00<\/li>\n\n\n\n<li>aras\u0131 \u00c7ar\u015famba 11:00-13:00 aras\u0131<\/li>\n\n\n\n<li>Tel.: <a href=\"tel:+493030390669\">(030) 30 39 06 -69<\/a><\/li>\n<\/ul>\n\n\n\n<h4 class=\"wp-block-heading is-style-screen-reader-text has-m-font-size\" style=\"letter-spacing:0.05em;text-transform:uppercase\">E-posta<\/h4>\n\n\n\n<p class=\"info email has-primary-color has-text-color has-link-color wp-elements-0d2d21859c0c2cba8e37fea4fcfec9c9\"><a href=\"mailto:bns@ueberleben.org\">bns@ueberleben.org<\/a><\/p>\n\n\n\n<h4 class=\"wp-block-heading is-style-screen-reader-text has-m-font-size\" style=\"letter-spacing:0.05em;text-transform:uppercase\">Dil Arac\u0131l\u0131\u011f\u0131yla \u0130leti\u015fim<\/h4>\n\n\n\n<p class=\"info sprache has-primary-color has-text-color has-link-color wp-elements-2e292cf18ebdbf2f2da20112a9c03c06\" style=\"font-style:normal;font-weight:500\"><strong><strong>Bizler terc\u00fcman temin ediyoruz.<\/strong><\/strong><\/p>\n\n\n\n<p class=\"info has-primary-color has-text-color has-link-color wp-elements-a81cab68bbf10464dd301e1390cb8446\" style=\"font-style:normal;font-weight:400\">Dilerseniz size anonim olarak da tavsiyelerde bulunabiliriz<br>O zaman bize isminizi belirtmeniz gerekmez.<\/p>\n\n\n\n<h4 class=\"wp-block-heading is-style-screen-reader-text has-m-font-size\" style=\"letter-spacing:0.05em;text-transform:uppercase\">Adres<\/h4>\n\n\n\n<p class=\"info adresse has-primary-color has-text-color has-link-color wp-elements-aa40ba4aeacd8729d6ebfb5e6da389b0\" style=\"font-style:normal;font-weight:400\"><strong>Zentrum \u00dcBERLEBEN gGmbH<\/strong><br>Turmstrasse 21<br>Haus K<br>10559 Berlin<\/p>\n\n\n\n<p class=\"info has-primary-color has-text-color has-link-color wp-elements-7c4372c03c077491fbe61f24ec0734ca\">Kap\u0131lar\u0131m\u0131z herkese a\u00e7\u0131kt\u0131r.<\/p>\n\n\n\n<ul class=\"is-style-no-bullets info has-primary-color has-text-color has-link-color wp-block-list wp-elements-7fa8d71e81e749c18d442b74133c962d\">\n<li style=\"margin-top:0;margin-bottom:0\"><img decoding=\"async\" vertical-align=\"middle\" width=\"18px\" src=\"https:\/\/bns.berlin\/wp-content\/uploads\/2023\/11\/S-Bahn.png\"> S-Bahn Bellevue<\/li>\n\n\n\n<li><img decoding=\"async\" vertical-align=\"middle\" width=\"18px\" src=\"https:\/\/bns.berlin\/wp-content\/uploads\/2023\/11\/U-Bahn.jpg\"> U-Bahn Turmstra\u00dfe<\/li>\n\n\n\n<li><img decoding=\"async\" vertical-align=\"middle\" width=\"18px\" src=\"https:\/\/bns.berlin\/wp-content\/uploads\/2023\/11\/bus25.png\"> Bus 101\/123\/187\/245 Turmstra\u00dfe\/L\u00fcbecker Stra\u00dfe<\/li>\n<\/ul>\n\n\n\n<p class=\"info has-primary-color has-text-color has-link-color wp-elements-c29768860b7501f0a01a9db7d7517d30\"><a href=\"https:\/\/www.google.com\/maps\/dir\/\/Zentrum+%C3%9CBERLEBEN+gGmbH,+Turmstra%C3%9Fe+21,+10559+Berlin\/@52.5285438,13.3457398,17z\/data=!4m16!1m6!3m5!1s0x47a851879fbcfe85:0xcfcbd15f74ba45df!2sZentrum+%C3%9CBERLEBEN+gGmbH!8m2!3d52.5287294!4d13.3477701!4m8!1m0!1m5!1m1!1s0x47a851879fbcfe85:0xcfcbd15f74ba45df!2m2!1d13.3477701!2d52.5287294!3e3\">GOOGLE MAPS ile YOL TAR\u0130F\u0130:<\/a><\/p>\n\n\n\n<h4 class=\"wp-block-heading is-style-screen-reader-text has-m-font-size\" style=\"letter-spacing:0.05em;text-transform:uppercase\">Ba\u011flant\u0131<\/h4>\n\n\n\n<p class=\"info web has-primary-color has-text-color has-link-color wp-elements-397395ebe0796839e14c83945264137b\" style=\"font-style:normal;font-weight:400\"><strong><strong>Merkezimizde ba\u015fka teklif ve \u00f6nerilerimiz de var:<\/strong><\/strong><br><a href=\"http:\/\/www.ueberleben.org\/\" target=\"_blank\" rel=\"noreferrer noopener\">www.ueberleben.org<\/a><\/p>\n<\/div>\n<\/div>\n<\/div>\n","protected":false},"excerpt":{"rendered":"<p>Mehr \u00fcber Zentrum \u00dcBERLEBEN Oku<\/p>\n","protected":false},"author":12,"featured_media":0,"parent":0,"menu_order":0,"comment_status":"closed","ping_status":"closed","template":"wp-custom-template-no-intro-blue-background","meta":{"_coblocks_attr":"","_coblocks_dimensions":"","_coblocks_responsive_height":"","_coblocks_accordion_ie_support":"","inline_featured_image":false,"footnotes":""},"class_list":["post-6622","page","type-page","status-publish","hentry"],"_links":{"self":[{"href":"https:\/\/bns.berlin\/tr\/wp-json\/wp\/v2\/pages\/6622","targetHints":{"allow":["GET"]}}],"collection":[{"href":"https:\/\/bns.berlin\/tr\/wp-json\/wp\/v2\/pages"}],"about":[{"href":"https:\/\/bns.berlin\/tr\/wp-json\/wp\/v2\/types\/page"}],"author":[{"embeddable":true,"href":"https:\/\/bns.berlin\/tr\/wp-json\/wp\/v2\/users\/12"}],"replies":[{"embeddable":true,"href":"https:\/\/bns.berlin\/tr\/wp-json\/wp\/v2\/comments?post=6622"}],"version-history":[{"count":2,"href":"https:\/\/bns.berlin\/tr\/wp-json\/wp\/v2\/pages\/6622\/revisions"}],"predecessor-version":[{"id":7555,"href":"https:\/\/bns.berlin\/tr\/wp-json\/wp\/v2\/pages\/6622\/revisions\/7555"}],"wp:attachment":[{"href":"https:\/\/bns.berlin\/tr\/wp-json\/wp\/v2\/media?parent=6622"}],"curies":[{"name":"wp","href":"https:\/\/api.w.org\/{rel}","templated":true}]}}