{"id":6617,"date":"2023-12-28T00:43:16","date_gmt":"2023-12-27T23:43:16","guid":{"rendered":"https:\/\/bns.berlin\/?page_id=6617"},"modified":"2025-02-05T13:38:06","modified_gmt":"2025-02-05T12:38:06","slug":"kommmit-bbz","status":"publish","type":"page","link":"https:\/\/bns.berlin\/tr\/fachstellen-ubersicht\/kommmit-bbz\/","title":{"rendered":"KommMit-BBZ"},"content":{"rendered":"\n<div class=\"wp-block-columns alignwide has-base-color has-primary-background-color has-text-color has-background has-link-color wp-elements-eeddbb3063392f600a6f145f19e5c2fa is-layout-flex wp-container-core-columns-is-layout-28f84493 wp-block-columns-is-layout-flex\" style=\"border-radius:25px\">\n<div class=\"wp-block-column is-layout-flow wp-block-column-is-layout-flow\">\n<h1 class=\"wp-block-heading has-base-color has-text-color has-link-color has-xxxl-font-size wp-elements-cb4dca1d5c705b212701ad928415601b\" style=\"text-transform:none\">KommMit-BBZ<\/h1>\n\n\n\n<p class=\"has-l-font-size\">Uzman kadrosuyla Berlin a\u011f\u0131, ba\u015fta yard\u0131ma muhta\u00e7 s\u0131\u011f\u0131nmac\u0131lar insanlar olmak \u00fczere \u00e7ocuk ve gen\u00e7lere hizmet veriyor. (KommMit-BBZ)<\/p>\n<\/div>\n<\/div>\n\n\n\n<h2 class=\"wp-block-heading is-style-screen-reader-text\">Mehr \u00fcber KommMit-BBZ<\/h2>\n\n\n\n<div class=\"wp-block-columns alignwide is-layout-flex wp-container-core-columns-is-layout-28f84493 wp-block-columns-is-layout-flex\">\n<div class=\"wp-block-column is-layout-flow wp-block-column-is-layout-flow\">\n<div style=\"height:35px\" aria-hidden=\"true\" class=\"wp-block-spacer\"><\/div>\n\n\n\n<div id=\"readspeaker_button1\" class=\"rs_skip rsbtn rs_preserve\">\n    <a rel=\"nofollow\" class=\"rsbtn_play\" title=\"Metni dinlemek i\u00e7in l\u00fctfen ReadSpeaker WebReader'\u0131 kullan\u0131n.\" href=\"https:\/\/app-eu.readspeaker.com\/cgi-bin\/rsent?customerid=14400&amp;lang=tr_tr&amp;readclass=bbz&amp;url=https:\/\/bns.berlin\/tr\/fachstellen-ubersicht\/kommmit-bbz\/\">\n        <span class=\"rsbtn_left rsimg rspart\"><span class=\"rsbtn_text\"><span>Oku<\/span><\/span><\/span>\n        <span class=\"rsbtn_right rsimg rsplay rspart\"><\/span>\n    <\/a>\n<\/div>\n<\/div>\n<\/div>\n\n\n\n<div class=\"wp-block-columns alignwide bbz has-contrast-alt-color has-text-color has-link-color wp-elements-622929d169d0fc1c8c984520ace4da1b is-layout-flex wp-container-core-columns-is-layout-6944e41c wp-block-columns-is-layout-flex\" style=\"border-radius:25px;margin-top:0;margin-bottom:0;padding-top:var(--wp--preset--spacing--s);padding-right:0;padding-bottom:var(--wp--preset--spacing--s);padding-left:0\">\n<div class=\"wp-block-column is-layout-flow wp-block-column-is-layout-flow\" style=\"padding-top:var(--wp--preset--spacing--m);padding-right:0;padding-bottom:var(--wp--preset--spacing--m);padding-left:0;flex-basis:60%\">\n<div class=\"wp-block-group has-custom-color-1-background-color has-background is-vertical is-layout-flex wp-container-core-group-is-layout-cf91af71 wp-block-group-is-layout-flex\" style=\"border-radius:25px;padding-top:var(--wp--preset--spacing--s);padding-right:0;padding-bottom:var(--wp--preset--spacing--s);padding-left:0\">\n<div class=\"wp-block-columns is-layout-flex wp-container-core-columns-is-layout-28f84493 wp-block-columns-is-layout-flex\">\n<div class=\"wp-block-column is-layout-flow wp-block-column-is-layout-flow\" style=\"padding-top:var(--wp--preset--spacing--s);padding-right:var(--wp--preset--spacing--m);padding-bottom:var(--wp--preset--spacing--s);padding-left:var(--wp--preset--spacing--m)\">\n<h3 class=\"wp-block-heading has-primary-color has-text-color has-m-font-size\" style=\"letter-spacing:0.05em;text-transform:none\">Hukuksal haklar\u0131n konusunda seni bilgilendiriyor ve destek hizmeti veriyoruz. \u00d6rne\u011fin:<\/h3>\n\n\n\n<ul class=\"wp-block-list has-primary-color has-text-color has-link-color wp-elements-e4b586acd7f3c5adc31e4dc0a9b29ec6\">\n<li>\u0130ltica i\u015flemleri s\u00fcreci<\/li>\n\n\n\n<li>Oturum hakk\u0131<\/li>\n\n\n\n<li>Re\u015fit olmayan ki\u015filerin s\u0131nav ile ilgili kar\u015f\u0131lacacaklar\u0131 engellerin kald\u0131r\u0131lmas\u0131nda yard\u0131mc\u0131 olmak<\/li>\n\n\n\n<li>Gen\u00e7lik destek merkezi taraf\u0131ndan bak\u0131m alma<\/li>\n\n\n\n<li>Gen\u00e7lerin bar\u0131nma sorununa \u00e7\u00f6z\u00fcm<\/li>\n\n\n\n<li>Vesayet<\/li>\n\n\n\n<li>Ya\u015f tayini<\/li>\n\n\n\n<li>Re\u015fit olan gen\u00e7lere yard\u0131m<\/li>\n\n\n\n<li>Okul<\/li>\n\n\n\n<li>\u00d6zel pedagojik destek<\/li>\n\n\n\n<li>E\u011fitim ve kat\u0131l\u0131m (BuT)<\/li>\n<\/ul>\n<\/div>\n<\/div>\n<\/div>\n\n\n\n<div class=\"wp-block-group has-custom-color-1-background-color has-background is-vertical is-layout-flex wp-container-core-group-is-layout-cf91af71 wp-block-group-is-layout-flex\" style=\"border-radius:25px;padding-top:var(--wp--preset--spacing--s);padding-right:0;padding-bottom:var(--wp--preset--spacing--s);padding-left:0\">\n<div class=\"wp-block-columns is-layout-flex wp-container-core-columns-is-layout-28f84493 wp-block-columns-is-layout-flex\">\n<div class=\"wp-block-column is-layout-flow wp-block-column-is-layout-flow\" style=\"padding-top:var(--wp--preset--spacing--s);padding-right:var(--wp--preset--spacing--m);padding-bottom:var(--wp--preset--spacing--s);padding-left:var(--wp--preset--spacing--m)\">\n<h3 class=\"wp-block-heading has-primary-color has-text-color has-m-font-size\" style=\"letter-spacing:0.05em;text-transform:none\">Psikolojik rahats\u0131zl\u0131\u011f\u0131n varsa seninle birlikte sana uygun olan yard\u0131m\u0131 belirlemek. \u00d6rne\u011fin:<\/h3>\n\n\n\n<ul style=\"color:#005ba8\" class=\"wp-block-list\">\n<li>Psikoterapik yard\u0131m<\/li>\n\n\n\n<li>Psikiyatrik yard\u0131m<\/li>\n\n\n\n<li>Psikososyal yard\u0131m<\/li>\n\n\n\n<li>Entegrasyon yard\u0131m\u0131<\/li>\n<\/ul>\n<\/div>\n<\/div>\n<\/div>\n\n\n\n<div class=\"wp-block-group has-custom-color-1-background-color has-background is-vertical is-layout-flex wp-container-core-group-is-layout-cf91af71 wp-block-group-is-layout-flex\" style=\"border-radius:25px;padding-top:var(--wp--preset--spacing--s);padding-right:0;padding-bottom:var(--wp--preset--spacing--s);padding-left:0\">\n<div class=\"wp-block-columns is-layout-flex wp-container-core-columns-is-layout-28f84493 wp-block-columns-is-layout-flex\">\n<div class=\"wp-block-column is-layout-flow wp-block-column-is-layout-flow\" style=\"padding-top:var(--wp--preset--spacing--s);padding-right:var(--wp--preset--spacing--m);padding-bottom:var(--wp--preset--spacing--s);padding-left:var(--wp--preset--spacing--m)\">\n<h3 class=\"wp-block-heading has-primary-color has-text-color has-m-font-size\" style=\"letter-spacing:0.05em;text-transform:none\">Ba\u015fvuru, itirazlar ve \u015fikayetler konusunda sana destek hizmeti veriyoruz. \u00d6rne\u011fin:<\/h3>\n\n\n\n<ul class=\"wp-block-list has-primary-color has-text-color has-link-color wp-elements-cd0bef1ed5e5f64a4b7dcf70c247c737\">\n<li>\u0130ltica ba\u015fvurusu<\/li>\n\n\n\n<li>Re\u015fit olanlar i\u00e7in yard\u0131m<\/li>\n\n\n\n<li>E\u011fitim i\u00e7in okulda yer bulma<\/li>\n\n\n\n<li>Psikoterapi<\/li>\n<\/ul>\n<\/div>\n<\/div>\n<\/div>\n\n\n\n<div class=\"wp-block-group has-custom-color-1-background-color has-background is-vertical is-layout-flex wp-container-core-group-is-layout-cf91af71 wp-block-group-is-layout-flex\" style=\"border-radius:25px;padding-top:var(--wp--preset--spacing--s);padding-right:0;padding-bottom:var(--wp--preset--spacing--s);padding-left:0\">\n<div class=\"wp-block-columns is-layout-flex wp-container-core-columns-is-layout-28f84493 wp-block-columns-is-layout-flex\">\n<div class=\"wp-block-column is-layout-flow wp-block-column-is-layout-flow\" style=\"padding-top:var(--wp--preset--spacing--s);padding-right:var(--wp--preset--spacing--m);padding-bottom:var(--wp--preset--spacing--s);padding-left:var(--wp--preset--spacing--m)\">\n<h3 class=\"wp-block-heading has-primary-color has-text-color has-m-font-size\" style=\"letter-spacing:0.05em;text-transform:none\">\u0130leti\u015fimde seni destekliyoruz daire ve resmi makamlarda sana e\u015flik ediyoruz, \u00f6rn.:<\/h3>\n\n\n\n<ul class=\"wp-block-list has-primary-color has-text-color has-link-color wp-elements-dabd22b44bf8dbe5f4fd7de4a70cdfc6\">\n<li>Gen\u00e7lik Destek Merkezleri<\/li>\n\n\n\n<li>LAF<\/li>\n\n\n\n<li>Yabanc\u0131lar Dairesi<\/li>\n\n\n\n<li>BAMF<\/li>\n\n\n\n<li>Veliler<\/li>\n\n\n\n<li>Okul<\/li>\n<\/ul>\n<\/div>\n<\/div>\n<\/div>\n\n\n\n<div class=\"wp-block-group has-custom-color-1-background-color has-background is-vertical is-layout-flex wp-container-core-group-is-layout-cf91af71 wp-block-group-is-layout-flex\" style=\"border-radius:25px;padding-top:var(--wp--preset--spacing--s);padding-right:0;padding-bottom:var(--wp--preset--spacing--s);padding-left:0\">\n<div class=\"wp-block-columns is-layout-flex wp-container-core-columns-is-layout-28f84493 wp-block-columns-is-layout-flex\">\n<div class=\"wp-block-column is-layout-flow wp-block-column-is-layout-flow\" style=\"padding-top:var(--wp--preset--spacing--s);padding-right:var(--wp--preset--spacing--m);padding-bottom:var(--wp--preset--spacing--s);padding-left:var(--wp--preset--spacing--m)\">\n<p class=\"has-primary-color has-text-color has-m-font-size\"><strong>\u0130stersen seni sosyal, yasal ve sa\u011fl\u0131k alan\u0131ndaki \u00e7al\u0131\u015fmalara dahil ediyoruz.<\/strong><\/p>\n\n\n\n<p class=\"has-primary-color has-text-color has-m-font-size\">Bizimle konta\u011fa ge\u00e7&nbsp; ve bize ihtiyac\u0131n olan \u015feyi s\u00f6yle.<\/p>\n<\/div>\n<\/div>\n<\/div>\n\n\n\n<div class=\"wp-block-group has-border-color has-custom-color-2-border-color has-base-background-color has-background is-vertical is-layout-flex wp-container-core-group-is-layout-cf91af71 wp-block-group-is-layout-flex\" style=\"border-width:3px;border-radius:25px;padding-top:var(--wp--preset--spacing--s);padding-right:0;padding-bottom:var(--wp--preset--spacing--s);padding-left:0\">\n<div class=\"wp-block-columns is-layout-flex wp-container-core-columns-is-layout-28f84493 wp-block-columns-is-layout-flex\">\n<div class=\"wp-block-column is-layout-flow wp-block-column-is-layout-flow\" style=\"border-radius:25px;padding-top:var(--wp--preset--spacing--s);padding-right:var(--wp--preset--spacing--m);padding-bottom:var(--wp--preset--spacing--s);padding-left:var(--wp--preset--spacing--m)\">\n<figure class=\"wp-block-image size-full is-resized\"><img loading=\"lazy\" decoding=\"async\" width=\"1344\" height=\"730\" src=\"https:\/\/bns.berlin\/wp-content\/uploads\/2023\/11\/BBZ_Logo.png\" alt=\"Logo BBZ Beratungs- und Betreuungszentrum f\ufffdr junge Gefl\ufffdchtete und Migrant*innen\" class=\"wp-image-4954\" style=\"width:405px\" srcset=\"https:\/\/bns.berlin\/wp-content\/uploads\/2023\/11\/BBZ_Logo.png 1344w, https:\/\/bns.berlin\/wp-content\/uploads\/2023\/11\/BBZ_Logo-300x163.png 300w, https:\/\/bns.berlin\/wp-content\/uploads\/2023\/11\/BBZ_Logo-1024x556.png 1024w, https:\/\/bns.berlin\/wp-content\/uploads\/2023\/11\/BBZ_Logo-768x417.png 768w, https:\/\/bns.berlin\/wp-content\/uploads\/2023\/11\/BBZ_Logo-480x261.png 480w\" sizes=\"auto, (max-width: 1344px) 100vw, 1344px\" \/><\/figure>\n<\/div>\n<\/div>\n<\/div>\n<\/div>\n\n\n\n<div class=\"wp-block-column is-layout-flow wp-block-column-is-layout-flow\" style=\"padding-top:var(--wp--preset--spacing--m);padding-bottom:var(--wp--preset--spacing--m)\">\n<div class=\"wp-block-group has-border-color has-custom-color-2-border-color has-base-background-color has-background is-vertical is-layout-flex wp-container-core-group-is-layout-aedf0d0a wp-block-group-is-layout-flex\" style=\"border-width:3px;border-radius:25px;padding-top:var(--wp--preset--spacing--m);padding-right:var(--wp--preset--spacing--s);padding-bottom:var(--wp--preset--spacing--m);padding-left:var(--wp--preset--spacing--s)\">\n<h3 class=\"wp-block-heading is-style-screen-reader-text\" style=\"text-transform:none\">\u0130leti\u015fim Bilgileri KommMit<\/h3>\n\n\n\n<p class=\"info termine has-primary-color has-text-color has-link-color has-m-font-size wp-elements-220dc8837af86e908d8b815dbd2ae4a7\" style=\"font-style:normal;font-weight:500\"><strong>A\u00e7\u0131k g\u00f6r\u00fc\u015fme saatleri<\/strong><\/p>\n\n\n\n<p class=\"info has-primary-color has-text-color has-link-color wp-elements-aa23bf44384cda6cb8ef9f6c2d283172\">\u00c7ar\u015famba, saat 13:00 <br>Per\u015fembe saat 12:00\u2019de.<\/p>\n\n\n\n<p class=\"info has-primary-color has-text-color has-link-color wp-elements-cf492beaf40b5128a65f7435bacde824\"><strong>Psikolojik Dan\u0131\u015fmanl\u0131k<\/strong><\/p>\n\n\n\n<p class=\"info has-primary-color has-text-color has-link-color wp-elements-230b7aef37019f11add310912962dba0\">Per\u015fembe 15-17 saatleri <br>Cuma 10-14 saatleri aras\u0131ndad\u0131r.<\/p>\n\n\n\n<p class=\"info has-primary-color has-text-color has-link-color wp-elements-cfbe3237265119d5cae82c877f49df84\">Sadece istisnai durumlarda randevu almadan g\u00f6r\u00fc\u015fme talebini kabul etmek m\u00fcmk\u00fcn.<\/p>\n\n\n\n<h4 class=\"wp-block-heading is-style-screen-reader-text has-m-font-size\" style=\"letter-spacing:0.05em;text-transform:uppercase\">Telefon<\/h4>\n\n\n\n<p class=\"info telefon has-primary-color has-text-color has-link-color wp-elements-bec59d7ea1d3a6be059d64e63ccffe1f\" style=\"font-style:normal;font-weight:400\"><a href=\"tel:+493066640721\"><strong>030 \/ 666 407 21<\/strong><\/a><\/p>\n\n\n\n<h4 class=\"wp-block-heading is-style-screen-reader-text has-m-font-size\" style=\"letter-spacing:0.05em;text-transform:uppercase\">E-posta<\/h4>\n\n\n\n<ul class=\"wp-block-list info email is-style-no-bullets has-primary-color has-text-color has-link-color wp-elements-afabdacf37eee8cbcf559453708b859e\">\n<li><a href=\"mailto:d.jasch@kommmitbbz.de\">d.jasch@kommmitbbz.de<\/a><\/li>\n\n\n\n<li><a href=\"mailto:a.akhavan@kommmitbbz.de\">a.akhavan@kommmitbbz.de<\/a><\/li>\n\n\n\n<li><strong><strong>Psikolog<\/strong>:<\/strong><br><a href=\"mailto:a.moeller@kommmitbbz.de\">a.moeller@kommmitbbz.de<\/a><\/li>\n<\/ul>\n\n\n\n<h4 class=\"wp-block-heading is-style-screen-reader-text has-m-font-size\" style=\"letter-spacing:0.05em;text-transform:uppercase\">Dil Arac\u0131l\u0131\u011f\u0131yla \u0130leti\u015fim<\/h4>\n\n\n\n<p class=\"info sprache has-primary-color has-text-color has-link-color wp-elements-828e12eb00a8b933ecca5004b594fcb7\" style=\"font-style:normal;font-weight:500\"><strong><strong>Merkezimizde terc\u00fcmanlar\u0131m\u0131z haz\u0131r bulunmaktad\u0131r: <\/strong><\/strong>Arap\u00e7a, Darice\/Fars\u00e7a, \u0130nglizce, Frans\u0131zca, K\u00fcrt\u00e7e ve T\u00fcrk\u00e7e.<\/p>\n\n\n\n<p class=\"info has-primary-color has-text-color has-link-color wp-elements-89da92ad82110601d14f8a3a9a413357\"><strong>Di\u011fer diller istek \u00fczerine m\u00fcmk\u00fcn olabilir.<\/strong><\/p>\n\n\n\n<p class=\"info has-primary-color has-text-color has-link-color wp-elements-3fc5250076d195352487139a7cffbbfd\">Dilersen sana anonim olarak dan\u0131\u015fmanl\u0131k hizmeti verebiliriz.<\/p>\n\n\n\n<p class=\"info has-primary-color has-text-color has-link-color wp-elements-43c88544491c7980130356c8a7dd8ce1\">Bu durumda sen bize ad\u0131n\u0131 a\u00e7\u0131klamak zorunda de\u011filsin.<\/p>\n\n\n\n<h4 class=\"wp-block-heading is-style-screen-reader-text has-m-font-size\" style=\"letter-spacing:0.05em;text-transform:uppercase\">Adres<\/h4>\n\n\n\n<p class=\"info adresse has-primary-color has-text-color has-link-color wp-elements-648ac3b137d8a41e10f91214d36bf07a\" style=\"font-style:normal;font-weight:400\"><strong>KommMit<\/strong><br><strong>F\u00fcr Migranten und Fl\u00fcchtlinge e.V.<\/strong><br>Stromstr. 47<br>10551 Berlin<\/p>\n\n\n\n<p class=\"info has-primary-color has-text-color has-link-color wp-elements-e453d37c5a586d94b0f796c589f0b463\" style=\"font-style:normal;font-weight:400\">Kap\u0131lar\u0131m\u0131z herkese a\u00e7\u0131kt\u0131r.<\/p>\n\n\n\n<ul class=\"wp-block-list is-style-no-bullets info has-primary-color has-text-color has-link-color wp-elements-94dcdb86973285878f6b89d97ae9b892\">\n<li><img decoding=\"async\" vertical-align=\"middle\" width=\"18px\" src=\"https:\/\/bns.berlin\/wp-content\/uploads\/2023\/11\/U-Bahn.jpg\"> U-Bahn Turmstra\u00dfe<\/li>\n\n\n\n<li><img decoding=\"async\" vertical-align=\"middle\" width=\"18px\" src=\"https:\/\/bns.berlin\/wp-content\/uploads\/2023\/11\/bus25.png\"> Bus 101 Turmstra\u00dfe\/Waldstra\u00dfe<\/li>\n\n\n\n<li><img decoding=\"async\" vertical-align=\"middle\" width=\"18px\" src=\"https:\/\/bns.berlin\/wp-content\/uploads\/2023\/11\/bus25.png\"> Bus&nbsp;106\/123\/M27\/TXL Turmstra\u00dfe\/Beusselstra\u00dfe<\/li>\n<\/ul>\n\n\n\n<p class=\"info has-primary-color has-text-color has-link-color wp-elements-286708e8a028bfeb16439a29a69e9849\"><a href=\"https:\/\/www.google.com\/maps\/dir\/\/Zentrum+%C3%9CBERLEBEN+gGmbH,+Turmstra%C3%9Fe+21,+10559+Berlin\/@52.5285438,13.3457398,17z\/data=!4m16!1m6!3m5!1s0x47a851879fbcfe85:0xcfcbd15f74ba45df!2sZentrum+%C3%9CBERLEBEN+gGmbH!8m2!3d52.5287294!4d13.3477701!4m8!1m0!1m5!1m1!1s0x47a851879fbcfe85:0xcfcbd15f74ba45df!2m2!1d13.3477701!2d52.5287294!3e3\">GOOGLE MAPS il<\/a><a href=\"https:\/\/www.google.com\/maps\/dir\/?api=1&amp;destination=Stromstr.+47,+10551+Berlin&amp;travelmode=transit\">e<\/a><a href=\"https:\/\/www.google.com\/maps\/dir\/\/Zentrum+%C3%9CBERLEBEN+gGmbH,+Turmstra%C3%9Fe+21,+10559+Berlin\/@52.5285438,13.3457398,17z\/data=!4m16!1m6!3m5!1s0x47a851879fbcfe85:0xcfcbd15f74ba45df!2sZentrum+%C3%9CBERLEBEN+gGmbH!8m2!3d52.5287294!4d13.3477701!4m8!1m0!1m5!1m1!1s0x47a851879fbcfe85:0xcfcbd15f74ba45df!2m2!1d13.3477701!2d52.5287294!3e3\"> YOL TAR\u0130F\u0130:<\/a><a href=\"https:\/\/www.google.com\/maps\/dir\/\/Kontakt-+und+Beratungsstelle+f%C3%BCr+Fl%C3%BCchtlinge+und+Migrant_innen+e.V.+(KuB),+Oranienstra%C3%9Fe+159,+10969+Berlin\/@52.5027402,13.4132902,15z\/data=!4m16!1m6!3m5!1s0x0:0x8a0083028050a25d!2sKontakt-+und+Beratungsstelle+f%C3%BCr+Fl%C3%BCchtlinge+und+Migrant_innen+e.V.+(KuB)!8m2!3d52.5027402!4d13.4132902!4m8!1m0!1m5!1m1!1s0x47a84e320a98488b:0x8a0083028050a25d!2m2!1d13.4132902!2d52.5027402!3e3\">o<\/a><\/p>\n\n\n\n<h4 class=\"wp-block-heading is-style-screen-reader-text has-m-font-size\" style=\"letter-spacing:0.05em;text-transform:uppercase\">Ba\u011flant\u0131<\/h4>\n\n\n\n<p class=\"info web has-primary-color has-text-color has-link-color wp-elements-ab784a3b03f922237f16ab1ed4407f41\" style=\"font-style:normal;font-weight:400\"><strong>Merkezimizde ba\u015fka tekliflerimiz ve \u00f6nerilerimiz de var:<\/strong><br><a href=\"http:\/\/www.bbzberlin.de\/\" target=\"_blank\" rel=\"noreferrer noopener\">www.bbzberlin.de<\/a><\/p>\n<\/div>\n<\/div>\n<\/div>\n","protected":false},"excerpt":{"rendered":"<p>Mehr \u00fcber KommMit-BBZ Oku<\/p>\n","protected":false},"author":12,"featured_media":0,"parent":6615,"menu_order":0,"comment_status":"closed","ping_status":"closed","template":"wp-custom-template-no-intro-blue-background","meta":{"_coblocks_attr":"","_coblocks_dimensions":"","_coblocks_responsive_height":"","_coblocks_accordion_ie_support":"","inline_featured_image":false,"footnotes":""},"class_list":["post-6617","page","type-page","status-publish","hentry"],"_links":{"self":[{"href":"https:\/\/bns.berlin\/tr\/wp-json\/wp\/v2\/pages\/6617","targetHints":{"allow":["GET"]}}],"collection":[{"href":"https:\/\/bns.berlin\/tr\/wp-json\/wp\/v2\/pages"}],"about":[{"href":"https:\/\/bns.berlin\/tr\/wp-json\/wp\/v2\/types\/page"}],"author":[{"embeddable":true,"href":"https:\/\/bns.berlin\/tr\/wp-json\/wp\/v2\/users\/12"}],"replies":[{"embeddable":true,"href":"https:\/\/bns.berlin\/tr\/wp-json\/wp\/v2\/comments?post=6617"}],"version-history":[{"count":2,"href":"https:\/\/bns.berlin\/tr\/wp-json\/wp\/v2\/pages\/6617\/revisions"}],"predecessor-version":[{"id":7550,"href":"https:\/\/bns.berlin\/tr\/wp-json\/wp\/v2\/pages\/6617\/revisions\/7550"}],"up":[{"embeddable":true,"href":"https:\/\/bns.berlin\/tr\/wp-json\/wp\/v2\/pages\/6615"}],"wp:attachment":[{"href":"https:\/\/bns.berlin\/tr\/wp-json\/wp\/v2\/media?parent=6617"}],"curies":[{"name":"wp","href":"https:\/\/api.w.org\/{rel}","templated":true}]}}