{"id":1554,"date":"2020-09-14T16:42:54","date_gmt":"2020-09-14T14:42:54","guid":{"rendered":"https:\/\/bns.berlin\/startseite\/"},"modified":"2026-02-05T14:40:53","modified_gmt":"2026-02-05T13:40:53","slug":"startseite","status":"publish","type":"page","link":"https:\/\/bns.berlin\/tr\/","title":{"rendered":"Ana Sayfa"},"content":{"rendered":"\n<h1 class=\"wp-block-heading is-style-screen-reader-text\">Ana Sayfa<\/h1>\n\n\n\n<div class=\"wp-block-columns alignfull hasnopadding is-layout-flex wp-container-core-columns-is-layout-2a827f30 wp-block-columns-is-layout-flex\" style=\"margin-top:0;margin-bottom:0;padding-top:0;padding-right:var(--wp--preset--spacing--xl);padding-bottom:0;padding-left:var(--wp--preset--spacing--xl)\">\n<div class=\"wp-block-column is-style-default has-base-color has-primary-background-color has-text-color has-background has-link-color wp-elements-d3f6495f656018d01461b9b5fc6edeed is-layout-flow wp-container-core-column-is-layout-3c9514c8 wp-block-column-is-layout-flow\" style=\"border-style:none;border-width:0px;border-radius:25px;margin-top:0;margin-bottom:0;padding-top:0;padding-right:0;padding-bottom:0;padding-left:0\">\n<div class=\"wp-block-group has-primary-background-color has-background is-vertical is-layout-flex wp-container-core-group-is-layout-d19d86a7 wp-block-group-is-layout-flex\" style=\"border-radius:25px;margin-top:0;margin-bottom:0;padding-top:var(--wp--preset--spacing--m);padding-right:var(--wp--preset--spacing--s);padding-bottom:var(--wp--preset--spacing--m);padding-left:var(--wp--preset--spacing--s)\">\n<p class=\"has-xxl-font-size\" style=\"padding-right:var(--wp--preset--spacing--s);padding-left:var(--wp--preset--spacing--s);line-height:1.2\"><strong>Dan\u0131\u015fmanl\u0131k hizmetimiz<\/strong><\/p>\n<\/div>\n\n\n\n<figure class=\"wp-block-image alignright size-large is-resized\" style=\"margin-top:0;margin-right:0;margin-bottom:0;margin-left:var(--wp--preset--spacing--content);padding-top:0;padding-right:0;padding-bottom:0;padding-left:0\"><a href=\"https:\/\/bns.berlin\/tr\/fuer-gefluechtete-menschen-in-berlin\/\"><img decoding=\"async\" src=\"https:\/\/bns.berlin\/wp-content\/uploads\/2023\/11\/arrow-small-right-white.svg\" alt=\"Ich m\u00f6chte beraten werden\" class=\"wp-image-4304\" style=\"width:122px;height:auto\"\/><\/a><\/figure>\n<\/div>\n\n\n\n<div class=\"wp-block-column is-style-default has-base-color has-primary-mixed-background-color has-text-color has-background has-link-color wp-elements-6acd6726542de759c7b745ad5e45adb8 has-global-padding is-content-justification-center is-layout-constrained wp-container-core-column-is-layout-ef2a8ed2 wp-block-column-is-layout-constrained\" style=\"border-style:none;border-width:0px;border-radius:25px;margin-top:0;margin-bottom:0;padding-top:0;padding-right:0;padding-bottom:0;padding-left:0\">\n<div class=\"wp-block-group has-primary-mixed-background-color has-background is-vertical is-layout-flex wp-container-core-group-is-layout-d19d86a7 wp-block-group-is-layout-flex\" style=\"border-radius:25px;margin-top:0;margin-bottom:0;padding-top:var(--wp--preset--spacing--m);padding-right:var(--wp--preset--spacing--s);padding-bottom:var(--wp--preset--spacing--m);padding-left:var(--wp--preset--spacing--s)\">\n<p class=\"has-base-color has-text-color has-link-color has-xxl-font-size wp-elements-8ea558a8c6485d6f04ad011ef8cc8c41\" style=\"line-height:1.2\"><strong>BNS hakk\u0131nda<\/strong><\/p>\n<\/div>\n\n\n\n<figure class=\"wp-block-image alignright size-large is-resized\" style=\"margin-top:0;margin-right:0;margin-bottom:0;margin-left:var(--wp--preset--spacing--content);padding-top:0;padding-right:0;padding-bottom:0;padding-left:0\"><a href=\"https:\/\/bns.berlin\/bns\/\"><img decoding=\"async\" src=\"https:\/\/bns.berlin\/wp-content\/uploads\/2023\/11\/arrow-small-right-white.svg\" alt=\"\u00dcber das BNS\" class=\"wp-image-4304\" style=\"width:122px;height:auto\"\/><\/a><\/figure>\n<\/div>\n<\/div>\n\n\n\n<div class=\"wp-block-columns alignfull is-layout-flex wp-container-core-columns-is-layout-2a827f30 wp-block-columns-is-layout-flex\" style=\"margin-top:0;margin-bottom:0;padding-top:0;padding-right:var(--wp--preset--spacing--xl);padding-bottom:0;padding-left:var(--wp--preset--spacing--xl)\">\n<div class=\"wp-block-column is-style-default has-base-color has-secondary-mixed-background-color has-text-color has-background has-link-color wp-elements-4a7b585ddbc0e193b4c26d530c35b81d has-global-padding is-layout-constrained wp-container-core-column-is-layout-1671d1b3 wp-block-column-is-layout-constrained\" style=\"border-style:none;border-width:0px;border-radius:25px;margin-top:var(--wp--preset--spacing--m);margin-bottom:var(--wp--preset--spacing--m);padding-top:0;padding-right:0;padding-bottom:0;padding-left:0\">\n<div class=\"wp-block-group home-counseling has-secondary-mixed-background-color has-background is-vertical is-layout-flex wp-container-core-group-is-layout-d19d86a7 wp-block-group-is-layout-flex\" style=\"border-radius:25px;margin-top:0;margin-bottom:0;padding-top:var(--wp--preset--spacing--m);padding-right:var(--wp--preset--spacing--s);padding-bottom:var(--wp--preset--spacing--m);padding-left:var(--wp--preset--spacing--s)\">\n<h2 class=\"wp-block-heading is-style-screen-reader-text has-base-color has-text-color has-link-color wp-elements-f9b20caf69a503f8ef93d835c090d799\">Beratungsangebot BNS<\/h2>\n\n\n\n<div id=\"readspeaker_button1\" class=\"rs_skip rsbtn rs_preserve\">\n    <a rel=\"nofollow\" class=\"rsbtn_play\" title=\"Metni dinlemek i\u00e7in l\u00fctfen ReadSpeaker WebReader'\u0131 kullan\u0131n.\" href=\"https:\/\/app-eu.readspeaker.com\/cgi-bin\/rsent?customerid=14400&amp;lang=tr_tr&amp;readclass=home-counseling&amp;url=https:\/\/bns.berlin\/tr\/\">\n        <span class=\"rsbtn_left rsimg rspart\"><span class=\"rsbtn_text\"><span>Oku<\/span><\/span><\/span>\n        <span class=\"rsbtn_right rsimg rsplay rspart\"><\/span>\n    <\/a>\n<\/div>\n\n\n\n<div style=\"height:0px\" aria-hidden=\"true\" class=\"wp-block-spacer wp-container-content-8af585c5\"><\/div>\n\n\n\n<p class=\"has-m-font-size\" style=\"line-height:1.2\">BNS, \u00f6zellikle korunmaya muhta\u00e7 s\u0131\u011f\u0131nmac\u0131lar\u0131n desteklenmesi konusundaki faaliyetlerin Berlin aya\u011f\u0131n\u0131 olu\u015fturyor. 2013\/33\/AB say\u0131l\u0131 AB Kabul Y\u00f6nergesi\u2019nin 21\u2019inci maddesi gere\u011fince, BNS kendine \u00f6zg\u00fc gerek\u00e7eleriyle kabul edilen korunmaya muhta\u00e7 ki\u015filerin desteklenmesini hedefliyor. Hizmetimiz \u00fcceretsiz olup, farkl\u0131 dillerde yap\u0131lmaktad\u0131r. Bu, sizin dan\u0131\u015fmanl\u0131k hizmetinde \u00fccret \u00f6dememeniz anlam\u0131na geliyor. Dan\u0131\u015fmanl\u0131k hizmetimiz g\u00fcvene dayal\u0131. Bu \u015fu anlama geliyor: Senin bizi arad\u0131\u011f\u0131n\u0131 kimseye s\u00f6ylemeyece\u011fiz ve senin bize anlatt\u0131klar\u0131ndan hi\u00e7 kimseye s\u00f6z etmeyece\u011fiz. Sadece ancak senin izninle bu ger\u00e7ekle\u015febilir.<br>2008\u2019den beri dan\u0131\u015fmanl\u0131k ve destek hizmeti verdiklerimiz a\u015fa\u011f\u0131dakileri kaps\u0131yor:<\/p>\n\n\n\n<ul class=\"wp-block-list\" style=\"line-height:2\">\n<li><a href=\"https:\/\/bns.berlin\/tr\/fachstellen-ubersicht\/kommmit-bbz\/\" data-type=\"page\" data-id=\"6617\"><strong>Refakatsiz \u00e7ocuklar (18 ya\u015f alt\u0131nda olan \u00e7ocuklar ve gen\u00e7ler)<\/strong><\/a><\/li>\n\n\n\n<li><a href=\"https:\/\/bns.berlin\/tr\/fachstellen-ubersicht\/kommmit-bbz\/\" data-type=\"page\" data-id=\"6617\"><strong>Re\u015fit olan gen\u00e7ler<\/strong><\/a><\/li>\n\n\n\n<li><a href=\"https:\/\/bns.berlin\/tr\/fachstellen-ubersicht\/bzsl\/\" data-type=\"page\" data-id=\"6619\"><strong>Engelli insanlar<\/strong><\/a><\/li>\n\n\n\n<li><a href=\"https:\/\/bns.berlin\/tr\/fachstellen-ubersicht\/bzsl\/\" data-type=\"page\" data-id=\"6619\"><strong>Kronik veya a\u011f\u0131r hastal\u0131\u011f\u0131 olan insanlar<\/strong><\/a><\/li>\n\n\n\n<li><a href=\"https:\/\/bns.berlin\/tr\/fachstellen-ubersicht\/bzsl\/\" data-type=\"page\" data-id=\"6619\"><strong>Ya\u015fl\u0131 insanlar<\/strong><\/a><\/li>\n\n\n\n<li><a href=\"https:\/\/bns.berlin\/tr\/fachstellen-ubersicht\/kub\/\" data-type=\"page\" data-id=\"6618\"><strong>Hamileler<\/strong><\/a><\/li>\n\n\n\n<li><a href=\"https:\/\/bns.berlin\/tr\/fachstellen-ubersicht\/kub\/\" data-type=\"page\" data-id=\"6618\"><strong>K\u00fc\u00e7\u00fck \u00e7ocuklu bekar ebeveynler ( 18 ya\u015f alt\u0131ndaki \u00e7ocuklar\u0131yla birlikte Berlin\u2019de yaln\u0131z ya\u015fayan ebeveynler)<\/strong><\/a><\/li>\n\n\n\n<li><a href=\"https:\/\/bns.berlin\/tr\/fachstellen-ubersicht\/kub\/\" data-type=\"page\" data-id=\"6618\"><strong>Yaln\u0131z ya\u015fayan kad\u0131nlar<\/strong><\/a><\/li>\n\n\n\n<li><a href=\"https:\/\/bns.berlin\/tr\/fachstellen-ubersicht\/kub\/\" data-type=\"page\" data-id=\"6618\"><strong>\u015eiddet g\u00f6ren kad\u0131nlar<\/strong><\/a><\/li>\n\n\n\n<li><strong><a href=\"https:\/\/bns.berlin\/tr\/fuer-gefluechtete-menschen-in-berlin\/xenion-und-zentrum-uberleben\/\" data-type=\"page\" data-id=\"6634\">A\u011f\u0131r bedensel, cinsel veya psikolojik \u015fiddet g\u00f6renler, ya da i\u015fkence ve tecav\u00fcz ya\u015fayan ki\u015filer<\/a><\/strong><\/li>\n\n\n\n<li><a href=\"https:\/\/bns.berlin\/tr\/fuer-gefluechtete-menschen-in-berlin\/xenion-und-zentrum-uberleben\/\" data-type=\"page\" data-id=\"6634\"><strong>Travma ya\u015fayan insanlar<\/strong><\/a><\/li>\n\n\n\n<li><a href=\"https:\/\/bns.berlin\/tr\/fuer-gefluechtete-menschen-in-berlin\/xenion-und-zentrum-uberleben\/\" data-type=\"page\" data-id=\"6634\"><strong>\u0130\u015fkence ma\u011fdurlar\u0131<\/strong><\/a><\/li>\n\n\n\n<li><strong><a href=\"https:\/\/bns.berlin\/tr\/fuer-gefluechtete-menschen-in-berlin\/xenion-und-zentrum-uberleben\/\" data-type=\"page\" data-id=\"6634\">Psikolojik rahats\u0131zl\u0131k ve hastal\u0131\u011f\u0131 olanlar<\/a><\/strong><\/li>\n\n\n\n<li><a href=\"https:\/\/bns.berlin\/tr\/fachstellen-ubersicht\/schwulenberatung-berlin\/\" data-type=\"page\" data-id=\"6620\"><strong>E\u015fcinsel, Lezbiyen, Biseks\u00fcel, Trans* ve \u0130nter* (LGBTI*)<\/strong><\/a><\/li>\n<\/ul>\n<\/div>\n<\/div>\n\n\n\n<div class=\"wp-block-column is-style-default has-base-color has-base-background-color has-text-color has-background has-link-color wp-elements-08dd76a1d0e91480772b2adb7ecf1926 is-layout-flow wp-container-core-column-is-layout-8ecafae9 wp-block-column-is-layout-flow\" style=\"border-style:none;border-width:0px;border-radius:25px;margin-top:var(--wp--preset--spacing--m);margin-bottom:var(--wp--preset--spacing--m);padding-top:0;padding-right:0;padding-bottom:0;padding-left:0\">\n<div class=\"wp-block-group home-questions has-secondary-mixed-background-color has-background is-vertical is-content-justification-left is-layout-flex wp-container-core-group-is-layout-e8ddf4a2 wp-block-group-is-layout-flex\" style=\"border-radius:25px;margin-top:0;margin-bottom:var(--wp--preset--spacing--m);padding-top:var(--wp--preset--spacing--m);padding-right:var(--wp--preset--spacing--m);padding-bottom:var(--wp--preset--spacing--m);padding-left:var(--wp--preset--spacing--m)\">\n<div id=\"readspeaker_button1\" class=\"rs_skip rsbtn rs_preserve\">\n    <a rel=\"nofollow\" class=\"rsbtn_play\" title=\"Metni dinlemek i\u00e7in l\u00fctfen ReadSpeaker WebReader'\u0131 kullan\u0131n.\" href=\"https:\/\/app-eu.readspeaker.com\/cgi-bin\/rsent?customerid=14400&amp;lang=tr_tr&amp;readclass=home-questions&amp;url=https:\/\/bns.berlin\/tr\/\">\n        <span class=\"rsbtn_left rsimg rspart\"><span class=\"rsbtn_text\"><span>Oku<\/span><\/span><\/span>\n        <span class=\"rsbtn_right rsimg rsplay rspart\"><\/span>\n    <\/a>\n<\/div>\n\n\n\n<h2 class=\"wp-block-heading is-style-default has-base-color has-text-color has-link-color has-xl-font-size wp-elements-fbe597513743e9acea8343e56967f7e3\"><strong>Sorular\u0131n\u0131z m\u0131 var? Deste\u011fimize veya deste\u011fe mi ihtiyac\u0131n\u0131z var?<\/strong><\/h2>\n\n\n\n<p class=\"has-xl-font-size\" style=\"line-height:1.5\">\u00d6zel durumunuzla ilgilenmeye haz\u0131r\u0131z. Sorunlar\u0131n\u0131z\u0131 \u00e7\u00f6z\u00fcm\u00fc i\u00e7in g\u00fcvenilir bir \u015fekilde sizinle birlikte ara\u015ft\u0131r\u0131p ve bir yolunu buluruz.<\/p>\n<\/div>\n\n\n\n<div class=\"wp-block-group home-specialised has-secondary-mixed-background-color has-background is-vertical is-layout-flex wp-container-core-group-is-layout-d19d86a7 wp-block-group-is-layout-flex\" style=\"border-radius:25px;margin-top:0;margin-bottom:0;padding-top:var(--wp--preset--spacing--m);padding-right:var(--wp--preset--spacing--s);padding-bottom:var(--wp--preset--spacing--m);padding-left:var(--wp--preset--spacing--s)\">\n<div class=\"wp-block-columns is-layout-flex wp-container-core-columns-is-layout-35b47e0a wp-block-columns-is-layout-flex\" style=\"padding-right:20px;padding-left:20px\">\n<div class=\"wp-block-column is-layout-flow wp-block-column-is-layout-flow\">\n<div id=\"readspeaker_button1\" class=\"rs_skip rsbtn rs_preserve\">\n    <a rel=\"nofollow\" class=\"rsbtn_play\" title=\"Metni dinlemek i\u00e7in l\u00fctfen ReadSpeaker WebReader'\u0131 kullan\u0131n.\" href=\"https:\/\/app-eu.readspeaker.com\/cgi-bin\/rsent?customerid=14400&amp;lang=tr_tr&amp;readclass=home-specialised&amp;url=https:\/\/bns.berlin\/tr\/\">\n        <span class=\"rsbtn_left rsimg rspart\"><span class=\"rsbtn_text\"><span>Oku<\/span><\/span><\/span>\n        <span class=\"rsbtn_right rsimg rsplay rspart\"><\/span>\n    <\/a>\n<\/div>\n<\/div>\n<\/div>\n\n\n\n<h2 class=\"wp-block-heading has-base-color has-text-color has-link-color has-xl-font-size wp-elements-55bb0f6c616f21f091eb9da658028ce4\" style=\"padding-right:20px;padding-left:20px;line-height:1.5\"><strong>\u0130nsan ticareti ma\u011fduru olanlara y\u00f6nelik Berlin\u2019de \u00f6zel dan\u0131\u015fmanl\u0131k hizmeti veren yerler:<\/strong><\/h2>\n\n\n\n<h3 class=\"wp-block-heading has-base-color has-text-color has-link-color has-m-font-size wp-elements-7472c9ef54870ad2b1acd0927ee990db\" style=\"padding-right:20px;padding-left:20px;line-height:1.2\"><strong>Ban Ying e.V.<\/strong><\/h3>\n\n\n\n<p style=\"padding-right:20px;padding-left:20px\">\u0130nsan ticaretine kar\u015f\u0131 koordinasyon ve dan\u0131\u015fmanl\u0131k merkezi<br><a href=\"http:\/\/www.ban-ying.de\/\" target=\"_blank\" rel=\"noreferrer noopener\">www.ban-ying.de<\/a><\/p>\n\n\n\n<h3 class=\"wp-block-heading has-base-color has-text-color has-link-color has-m-font-size wp-elements-2db27983f5cafa4563746961272d61a1\" style=\"padding-right:20px;padding-left:20px;line-height:1.2\"><strong>In VIA<\/strong><\/h3>\n\n\n\n<p style=\"padding-right:20px;padding-left:20px\">\u0130nsan ticareti ma\u011fduru kad\u0131nlar i\u00e7in dan\u0131\u015fmanl\u0131k merkezi<br><a href=\"http:\/\/www.invia-berlin.de\/\" target=\"_blank\" rel=\"noreferrer noopener\">www.invia-berlin.de<\/a><\/p>\n\n\n\n<h3 class=\"wp-block-heading has-base-color has-text-color has-link-color has-m-font-size wp-elements-41d9a581541fdb053f766398edbc9139\" style=\"padding-right:20px;padding-left:20px;line-height:1.2\"><strong>SOLWODI<\/strong><\/h3>\n\n\n\n<p style=\"padding-right:20px;padding-left:20px\"><a href=\"http:\/\/www.solwodi-berlin.de\/\" target=\"_blank\" rel=\"noreferrer noopener\">www.solwodi-berlin.de<\/a><\/p>\n<\/div>\n<\/div>\n<\/div>\n\n\n\n<hr class=\"wp-block-separator alignfull has-text-color has-primary-color has-alpha-channel-opacity has-primary-background-color has-background is-style-wide\" style=\"margin-top:var(--wp--preset--spacing--s);margin-bottom:var(--wp--preset--spacing--s)\"\/>\n","protected":false},"excerpt":{"rendered":"<p>Ana Sayfa Dan\u0131\u015fmanl\u0131k hizmetimiz BNS hakk\u0131nda Beratungsangebot BNS Oku BNS, \u00f6zellikle korunmaya muhta\u00e7 s\u0131\u011f\u0131nmac\u0131lar\u0131n desteklenmesi konusundaki faaliyetlerin Berlin aya\u011f\u0131n\u0131 olu\u015fturyor. 2013\/33\/AB say\u0131l\u0131 AB Kabul&hellip;<\/p>\n","protected":false},"author":1,"featured_media":0,"parent":0,"menu_order":81,"comment_status":"closed","ping_status":"closed","template":"custom-no-intro","meta":{"_coblocks_attr":"","_coblocks_dimensions":"","_coblocks_responsive_height":"","_coblocks_accordion_ie_support":"","inline_featured_image":false,"footnotes":""},"class_list":["post-1554","page","type-page","status-publish","hentry"],"_links":{"self":[{"href":"https:\/\/bns.berlin\/tr\/wp-json\/wp\/v2\/pages\/1554","targetHints":{"allow":["GET"]}}],"collection":[{"href":"https:\/\/bns.berlin\/tr\/wp-json\/wp\/v2\/pages"}],"about":[{"href":"https:\/\/bns.berlin\/tr\/wp-json\/wp\/v2\/types\/page"}],"author":[{"embeddable":true,"href":"https:\/\/bns.berlin\/tr\/wp-json\/wp\/v2\/users\/1"}],"replies":[{"embeddable":true,"href":"https:\/\/bns.berlin\/tr\/wp-json\/wp\/v2\/comments?post=1554"}],"version-history":[{"count":30,"href":"https:\/\/bns.berlin\/tr\/wp-json\/wp\/v2\/pages\/1554\/revisions"}],"predecessor-version":[{"id":7558,"href":"https:\/\/bns.berlin\/tr\/wp-json\/wp\/v2\/pages\/1554\/revisions\/7558"}],"wp:attachment":[{"href":"https:\/\/bns.berlin\/tr\/wp-json\/wp\/v2\/media?parent=1554"}],"curies":[{"name":"wp","href":"https:\/\/api.w.org\/{rel}","templated":true}]}}