{"id":1483,"date":"2020-09-17T16:16:53","date_gmt":"2020-09-17T14:16:53","guid":{"rendered":"https:\/\/bns.berlin\/fuer-gefluechtete-menschen-in-berlin\/"},"modified":"2026-02-05T14:40:59","modified_gmt":"2026-02-05T13:40:59","slug":"fuer-gefluechtete-menschen-in-berlin","status":"publish","type":"page","link":"https:\/\/bns.berlin\/tr\/fuer-gefluechtete-menschen-in-berlin\/","title":{"rendered":"Dan\u0131\u015fmanl\u0131k almak istiyorum"},"content":{"rendered":"\n<h1 class=\"wp-block-heading is-style-screen-reader-text hasnopadding\">Dan\u0131\u015fmanl\u0131k almak istiyorum<\/h1>\n\n\n\n<div class=\"wp-block-columns alignfull is-not-stacked-on-mobile hasnopadding is-layout-flex wp-container-core-columns-is-layout-f0342b05 wp-block-columns-is-layout-flex\" style=\"margin-top:0;margin-bottom:0\">\n<div class=\"wp-block-column hasnopadding is-layout-flow wp-block-column-is-layout-flow\">\n<div class=\"wp-block-cover aligncenter is-light is-style-default hasnopadding bubble\" style=\"min-height:654px;aspect-ratio:unset;\"><img loading=\"lazy\" decoding=\"async\" width=\"1740\" height=\"890\" class=\"wp-block-cover__image-background wp-image-4541\" alt=\"\" src=\"https:\/\/bns.berlin\/wp-content\/uploads\/2023\/11\/flucht_bg.jpg\" data-object-fit=\"cover\" srcset=\"https:\/\/bns.berlin\/wp-content\/uploads\/2023\/11\/flucht_bg.jpg 1740w, https:\/\/bns.berlin\/wp-content\/uploads\/2023\/11\/flucht_bg-300x153.jpg 300w, https:\/\/bns.berlin\/wp-content\/uploads\/2023\/11\/flucht_bg-1024x524.jpg 1024w, https:\/\/bns.berlin\/wp-content\/uploads\/2023\/11\/flucht_bg-768x393.jpg 768w, https:\/\/bns.berlin\/wp-content\/uploads\/2023\/11\/flucht_bg-1536x786.jpg 1536w, https:\/\/bns.berlin\/wp-content\/uploads\/2023\/11\/flucht_bg-480x246.jpg 480w\" sizes=\"auto, (max-width: 1740px) 100vw, 1740px\" \/><span aria-hidden=\"true\" class=\"wp-block-cover__background has-custom-color-2-background-color has-background-dim\"><\/span><div class=\"wp-block-cover__inner-container is-layout-flow wp-block-cover-is-layout-flow\">\n<div style=\"height:var(--wp--preset--spacing--m)\" aria-hidden=\"true\" class=\"wp-block-spacer\"><\/div>\n\n\n\n<div id=\"readspeaker_button1\" class=\"rs_skip rsbtn rs_preserve\">\n    <a rel=\"nofollow\" class=\"rsbtn_play\" title=\"Metni dinlemek i\u00e7in l\u00fctfen ReadSpeaker WebReader'\u0131 kullan\u0131n.\" href=\"https:\/\/app-eu.readspeaker.com\/cgi-bin\/rsent?customerid=14400&amp;lang=tr_tr&amp;readclass=bubble&amp;url=https:\/\/bns.berlin\/tr\/fuer-gefluechtete-menschen-in-berlin\/\">\n        <span class=\"rsbtn_left rsimg rspart\"><span class=\"rsbtn_text\"><span>Oku<\/span><\/span><\/span>\n        <span class=\"rsbtn_right rsimg rsplay rspart\"><\/span>\n    <\/a>\n<\/div>\n\n\n\n<ul style=\"margin-top:0;margin-right:0;margin-bottom:0;margin-left:0;padding-right:var(--wp--preset--spacing--l);padding-left:var(--wp--preset--spacing--l);font-style:normal;font-weight:600\" class=\"wp-block-list aligncenter is-style-no-bullets has-primary-color has-text-color has-link-color has-l-font-size wp-elements-820fbcee7aaa6a4c03c799c83523c7b9\">\n<li class=\"bubble\"><a href=\"https:\/\/bns.berlin\/tr\/fuer-gefluechtete-menschen-in-berlin\/xenion-und-zentrum-uberleben\/\" data-type=\"page\" data-id=\"6634\">\u0130\u015fkence g\u00f6rd\u00fcm.<\/a><\/li>\n\n\n\n<li class=\"bubble\"><a href=\"https:\/\/bns.berlin\/tr\/fachstellen-ubersicht\/kub\/\" data-type=\"page\" data-id=\"6618\">Hamileyim.<\/a><\/li>\n\n\n\n<li class=\"bubble\"><a href=\"https:\/\/bns.berlin\/tr\/fachstellen-ubersicht\/kommmit-bbz\/\" data-type=\"page\" data-id=\"6617\">18 ya\u015f\u0131ndan <br>k\u00fc\u00e7\u00fc\u011f\u00fcm.<\/a><\/li>\n\n\n\n<li class=\"bubble\"><a href=\"https:\/\/bns.berlin\/tr\/fachstellen-ubersicht\/kub\/\" data-type=\"page\" data-id=\"6618\">Ben bir kad\u0131n\u0131m ve <br>\u015fiddet g\u00f6r\u00fcyorum.<\/a><\/li>\n\n\n\n<li class=\"bubble\"><a href=\"https:\/\/bns.berlin\/tr\/fachstellen-ubersicht\/bzsl\/\" data-type=\"page\" data-id=\"6619\">\u00d6z\u00fcrl\u00fcy\u00fcm (engelli) ve <br>g\u00fcnl\u00fck ya\u015famda <br>yard\u0131ma ihtiyac\u0131m var.<\/a><\/li>\n\n\n\n<li class=\"bubble\"><a href=\"https:\/\/bns.berlin\/tr\/fachstellen-ubersicht\/kommmit-bbz\/\" data-type=\"page\" data-id=\"6617\">18 ya\u015f \u00fczerindeyim ve <br>Gen\u00e7lik Destek Merkezi\u2018nin <br>yard\u0131m\u0131n\u0131 al\u0131yorum.<\/a><\/li>\n\n\n\n<li class=\"bubble\"><a href=\"https:\/\/bns.berlin\/tr\/fachstellen-ubersicht\/kub\/\" data-type=\"page\" data-id=\"6618\">ITek ebeveynim.<\/a><\/li>\n\n\n\n<li class=\"bubble\"><a href=\"https:\/\/bns.berlin\/tr\/fachstellen-ubersicht\/kub\/\" data-type=\"page\" data-id=\"6618\">Ben bir kad\u0131n\u0131m ve <br>tecav\u00fcze u\u011frad\u0131m ya da <br>cinsel istismara u\u011frad\u0131m.<\/a><\/li>\n\n\n\n<li class=\"bubble\"><a href=\"https:\/\/bns.berlin\/tr\/fachstellen-ubersicht\/bzsl\/\" data-type=\"page\" data-id=\"6619\">61 ya\u015f\u0131n \u00fczerindeyim <br>ve \u015fikayetlerim var.<\/a><\/li>\n\n\n\n<li class=\"bubble\"><a href=\"https:\/\/bns.berlin\/tr\/fuer-gefluechtete-menschen-in-berlin\/kommmit-bbz-schwulenberatung-berlin-xenion-und-zentrum-uberleben\/\" data-type=\"page\" data-id=\"6633\">Gece ve g\u00fcnd\u00fcz <br>s\u0131k s\u0131k bana ac\u0131 veren <br>an\u0131lar\u0131m\u0131 hat\u0131rl\u0131yorum.<\/a><\/li>\n\n\n\n<li class=\"bubble\"><a href=\"https:\/\/bns.berlin\/tr\/fachstellen-ubersicht\/schwulenberatung-berlin\/\" data-type=\"page\" data-id=\"6620\">Lezbiyenim, e\u015fcinselim, <br>biseks\u00fcelim, trans\u0131m*, <br>interim* (LGBTI*).<\/a><\/li>\n\n\n\n<li class=\"bubble\"><a href=\"https:\/\/bns.berlin\/tr\/fuer-gefluechtete-menschen-in-berlin\/xenion-und-zentrum-uberleben\/\" data-type=\"page\" data-id=\"6634\">Takip ve kovu\u015fturmalara <br>maruz kald\u0131m.<\/a><\/li>\n\n\n\n<li class=\"bubble\"><a href=\"https:\/\/bns.berlin\/tr\/fachstellen-ubersicht\/awo-kreisverband-berlin-mitte-e-v\/\" data-type=\"page\" data-id=\"6616\">Nereye gidece\u011fimi bilmiyorum.<\/a><\/li>\n\n\n\n<li class=\"bubble\"><a href=\"https:\/\/bns.berlin\/tr\/fachstellen-ubersicht\/awo-kreisverband-berlin-mitte-e-v\/\" data-type=\"page\" data-id=\"6616\">\u00d6zellikle korunma ihtiyac\u0131m var m\u0131? <\/a><\/li>\n\n\n\n<li class=\"bubble\"><a href=\"https:\/\/bns.berlin\/tr\/fuer-gefluechtete-menschen-in-berlin\/schwulenberatung-berlin-xenion-und-zentrum-uberleben\/\" data-type=\"page\" data-id=\"6632\">A\u011f\u0131r \u015fiddete <br>maruz kald\u0131m.<\/a><\/li>\n\n\n\n<li class=\"bubble\"><a href=\"https:\/\/bns.berlin\/tr\/fachstellen-ubersicht\/bzsl\/\" data-type=\"page\" data-id=\"6619\">A\u011f\u0131r hastay\u0131m<\/a><\/li>\n\n\n\n<li class=\"bubble\"><a href=\"https:\/\/bns.berlin\/tr\/fuer-gefluechtete-menschen-in-berlin\/xenion-und-zentrum-uberleben\/\" data-type=\"page\" data-id=\"6634\">Psikolojik rahats\u0131zl\u0131klar\u0131m var.<\/a><\/li>\n<\/ul>\n<\/div><\/div>\n<\/div>\n<\/div>\n\n\n\n<div class=\"wp-block-columns alignwide has-base-color has-secondary-background-color has-text-color has-background has-link-color wp-elements-b339a5a87486df3374408d772b138083 is-layout-flex wp-container-core-columns-is-layout-28f84493 wp-block-columns-is-layout-flex\" style=\"border-radius:25px\">\n<div class=\"wp-block-column has-base-color has-text-color has-link-color wp-elements-1ca62c497b9033784bf1c20c3fae07ef is-layout-flow wp-block-column-is-layout-flow\">\n<h2 class=\"wp-block-heading has-base-color has-text-color has-link-color has-xxl-font-size wp-elements-11ee239ff49a38c0685ecd833191f803\">Akut acil durumlarda, l\u00fctfen a\u015fa\u011f\u0131daki merkezlere ba\u015fvurun<\/h2>\n\n\n\n<div class=\"wp-block-pb-accordion-item c-accordion__item js-accordion-item no-js invertedAkkordeon has-text-color\" data-initially-open=\"false\" data-click-to-close=\"true\" data-auto-close=\"true\" data-scroll=\"false\" data-scroll-offset=\"0\"><h3 id=\"at-14834\" class=\"c-accordion__title js-accordion-controller\" role=\"button\">\u2192 Fiziksel \u015fikayetlerde<\/h3><div id=\"ac-14834\" class=\"c-accordion__content\">\n<div style=\"height:50px\" aria-hidden=\"true\" class=\"wp-block-spacer\"><\/div>\n\n\n\n<div id=\"readspeaker_button1\" class=\"rs_skip rsbtn rs_preserve\">\n    <a rel=\"nofollow\" class=\"rsbtn_play\" title=\"Metni dinlemek i\u00e7in l\u00fctfen ReadSpeaker WebReader'\u0131 kullan\u0131n.\" href=\"https:\/\/app-eu.readspeaker.com\/cgi-bin\/rsent?customerid=14400&amp;lang=tr_tr&amp;readclass=emergency-1&amp;url=https:\/\/bns.berlin\/tr\/fuer-gefluechtete-menschen-in-berlin\/\">\n        <span class=\"rsbtn_left rsimg rspart\"><span class=\"rsbtn_text\"><span>Oku<\/span><\/span><\/span>\n        <span class=\"rsbtn_right rsimg rsplay rspart\"><\/span>\n    <\/a>\n<\/div>\n\n\n\n<p class=\"emergency-1\" style=\"margin-right:0;margin-left:0\"><strong>Hastahanelerde en yak\u0131n kurtarma yeri<\/strong><br><a href=\"http:\/\/www.gesundheitsberater-berlin.de\/kliniken\/klinikalltag\/berliner-rettungsstellen\">www.gesundheitsberater-berlin.de<\/a><\/p>\n\n\n\n<div style=\"height:50px\" aria-hidden=\"true\" class=\"wp-block-spacer\"><\/div>\n<\/div><\/div>\n\n\n\n<div class=\"wp-block-pb-accordion-item c-accordion__item js-accordion-item no-js invertedAkkordeon\" data-initially-open=\"false\" data-click-to-close=\"true\" data-auto-close=\"true\" data-scroll=\"false\" data-scroll-offset=\"0\"><h3 id=\"at-14835\" class=\"c-accordion__title js-accordion-controller\" role=\"button\">\u2192 Ruhsal bunal\u0131m durumlar\u0131nda<\/h3><div id=\"ac-14835\" class=\"c-accordion__content\">\n<div style=\"height:50px\" aria-hidden=\"true\" class=\"wp-block-spacer\"><\/div>\n\n\n\n<div id=\"readspeaker_button1\" class=\"rs_skip rsbtn rs_preserve\">\n    <a rel=\"nofollow\" class=\"rsbtn_play\" title=\"Metni dinlemek i\u00e7in l\u00fctfen ReadSpeaker WebReader'\u0131 kullan\u0131n.\" href=\"https:\/\/app-eu.readspeaker.com\/cgi-bin\/rsent?customerid=14400&amp;lang=tr_tr&amp;readclass=emergency-2&amp;url=https:\/\/bns.berlin\/tr\/fuer-gefluechtete-menschen-in-berlin\/\">\n        <span class=\"rsbtn_left rsimg rspart\"><span class=\"rsbtn_text\"><span>Oku<\/span><\/span><\/span>\n        <span class=\"rsbtn_right rsimg rsplay rspart\"><\/span>\n    <\/a>\n<\/div>\n\n\n\n<h4 class=\"wp-block-heading emergency-2 has-base-color has-text-color has-link-color wp-elements-67f293f7fa120f008667c07aa7b21671\" style=\"font-size:1.2em\">Berlin Kriz Servisi<\/h4>\n\n\n\n<p class=\"noPadding emergency-2\"><strong>Berlin kriz hizmetinin b\u00f6lge d\u0131\u015f\u0131 bekleme servisi<\/strong><br>Tel.: 030 \/ 39 063 00<br>Hafta i\u00e7i saat 0 ila 8 aras\u0131 ve hafta sonlar\u0131 ve tatil g\u00fcnlerinde 8 \u2013 16 saatleri aras\u0131nda<\/p>\n\n\n\n<p class=\"emergency-2\">Krausnickstr. 12A<br>10115 Berlin<\/p>\n\n\n\n<p class=\"emergency-2\">Berlin kriz servisi, gece her t\u00fcrl\u00fc telefon aramalar\u0131na a\u00e7\u0131kt\u0131r. (Saat 0\u2019dan sonra otomatik y\u00f6nlendirme).<\/p>\n\n\n\n<p class=\"emergency-2\">Berlin Kriz Servisi\u2019nin her b\u00f6lgede bir merkezi vard\u0131r.<\/p>\n\n\n\n<div style=\"height:50px\" aria-hidden=\"true\" class=\"wp-block-spacer\"><\/div>\n<\/div><\/div>\n\n\n\n<div class=\"wp-block-pb-accordion-item c-accordion__item js-accordion-item no-js invertedAkkordeon\" data-initially-open=\"false\" data-click-to-close=\"true\" data-auto-close=\"true\" data-scroll=\"false\" data-scroll-offset=\"0\"><h3 id=\"at-14836\" class=\"c-accordion__title js-accordion-controller\" role=\"button\">\u2192 Kad\u0131nlara ve \u00e7ocuklar\u0131na kar\u015f\u0131 aile i\u00e7i \u015fiddet oldu\u011funda<\/h3><div id=\"ac-14836\" class=\"c-accordion__content\">\n<div style=\"height:50px\" aria-hidden=\"true\" class=\"wp-block-spacer\"><\/div>\n\n\n\n<div id=\"readspeaker_button1\" class=\"rs_skip rsbtn rs_preserve\">\n    <a rel=\"nofollow\" class=\"rsbtn_play\" title=\"Metni dinlemek i\u00e7in l\u00fctfen ReadSpeaker WebReader'\u0131 kullan\u0131n.\" href=\"https:\/\/app-eu.readspeaker.com\/cgi-bin\/rsent?customerid=14400&amp;lang=tr_tr&amp;readclass=emergency-3&amp;url=https:\/\/bns.berlin\/tr\/fuer-gefluechtete-menschen-in-berlin\/\">\n        <span class=\"rsbtn_left rsimg rspart\"><span class=\"rsbtn_text\"><span>Oku<\/span><\/span><\/span>\n        <span class=\"rsbtn_right rsimg rsplay rspart\"><\/span>\n    <\/a>\n<\/div>\n\n\n\n<h4 class=\"wp-block-heading emergency-3 has-base-color has-text-color has-link-color wp-elements-2bb1d65829b52db5939721e1765a8109\" style=\"font-size:1.2em\">Aile i\u00e7i \u015fiddet i\u00e7in BIG \u00e7a\u011fr\u0131 merkezi<\/h4>\n\n\n\n<p class=\"emergency-3\"><strong>Acil Destek Hatt\u0131:<\/strong><\/p>\n\n\n\n<p class=\"emergency-3\">Tel.: 030 \/ 611 03 00 (7\/24 hizmet verir, ihtiya\u00e7 halinde terc\u00fcme deste\u011fi sa\u011flan\u0131r)<\/p>\n\n\n\n<p><strong>Aile \u0130\u00e7i \u015eiddet i\u00e7in Mobil Dan\u0131\u015fmanl\u0131k:<\/strong><\/p>\n\n\n\n<p>Tel.: 030 \/ 611 03 01<\/p>\n\n\n\n<p><strong>M\u00fclteciler i\u00e7in Mobil Dan\u0131\u015fmanl\u0131k &#8211; oturum stat\u00fcs\u00fcnden ba\u011f\u0131ms\u0131z olarak d\u00fc\u015f\u00fck e\u015fikli<\/strong><\/p>\n\n\n\n<p>Tel.: 030 \/ 611 03 012<\/p>\n\n\n\n<h4 class=\"wp-block-heading emergency-3 has-base-color has-text-color has-link-color wp-elements-a4eded09576b8ed8199279bfdd905589\" style=\"font-size:1.2em\">Cinsel istismar i\u00e7in LARA \u00e7a\u011fr\u0131 merkezi<\/h4>\n\n\n\n<p class=\"emergency-3\">Tel.: 030 \/ 21 68 88 8<br>Pazartesi \u2013 Cuma, Saat 9 \u2013 18<\/p>\n\n\n\n<h4 class=\"wp-block-heading emergency-3 has-base-color has-text-color has-link-color wp-elements-7c9fee6a5a9c7e92a38e63676ce1f31c\" style=\"font-size:1.2em\"><strong>Kad\u0131na y\u00f6nelik \u015fiddete kar\u015f\u0131 \u00fclke genelinde yard\u0131m telefonu<\/strong><\/h4>\n\n\n\n<p class=\"emergency-3\">Tel.: 08000 \/ 11 60 16<br>terc\u00fcman yard\u0131m\u0131yla, telefonda ilk dan\u0131\u015fmanl\u0131k hizmeti<\/p>\n\n\n\n<h4 class=\"wp-block-heading emergency-3 has-base-color has-text-color has-link-color wp-elements-15a181c5cf088b8736cea32de05b129f\" style=\"font-size:1.2em\">LARA \u2013 Kad\u0131nlara kar\u015f\u0131 cinsel istismar i\u00e7in dan\u0131\u015fmanl\u0131k merkezi* s\u0131\u011f\u0131nmac\u0131 ma\u011fdur kad\u0131nlar i\u00e7in mobil dan\u0131\u015fmanl\u0131k*<\/h4>\n\n\n\n<h5 class=\"wp-block-heading emergency-3 has-base-color has-text-color has-link-color has-m-font-size wp-elements-c4162e0a135f414d01e10659ddfc4865\" style=\"text-transform:none\"><strong>\u00c7a\u011fr\u0131 merkezi:<\/strong><\/h5>\n\n\n\n<ul class=\"wp-block-list is-style-no-bullets\">\n<li class=\"emergency-3\">Tel.: 030 \/ 21 68 88 8<\/li>\n\n\n\n<li class=\"emergency-3\"><a href=\"mailto:beratung@lara-berlin.de\">beratung@lara-berlin.de<\/a><\/li>\n<\/ul>\n\n\n\n<h5 class=\"wp-block-heading emergency-3 has-base-color has-text-color has-link-color has-m-font-size wp-elements-54b10c3a7a7ed7c39d1013e40a22e5f7\" style=\"text-transform:none\"><strong>Mobil dan\u0131\u015fmanl\u0131k:<\/strong><\/h5>\n\n\n\n<ul class=\"wp-block-list is-style-no-bullets\">\n<li class=\"emergency-3\">Tel.: 030 \/ 21 63 02 3<\/li>\n\n\n\n<li class=\"emergency-3\"><a href=\"mailto:mobile-beratung@lara-berlin.de\">mobile-beratung@lara-berlin.de<\/a><\/li>\n\n\n\n<li class=\"emergency-3\"><a href=\"https:\/\/www.lara-berlin.de\">www.lara-berlin.de<\/a><\/li>\n<\/ul>\n\n\n\n<h5 class=\"wp-block-heading emergency-3 has-base-color has-text-color has-link-color has-m-font-size wp-elements-aff236ad5516df08d8b058755c84b3de\" style=\"text-transform:none\"><strong>Diller<\/strong>:<\/h5>\n\n\n\n<p class=\"emergency-3\">Almanca, \u0130ngilizce, Arap\u00e7a veya terc\u00fcmanl\u0131 hizmet.<\/p>\n\n\n\n<h5 class=\"wp-block-heading emergency-3 has-base-color has-text-color has-link-color has-m-font-size wp-elements-8dfdbe9f885481076c71c3dc358ca9c3\" style=\"text-transform:none\"><strong>Teke tek<\/strong>: <\/h5>\n\n\n\n<p class=\"emergency-3\">Almanca, \u0130ngilizce, Arap\u00e7a ya da terc\u00fcmanlar\u0131n deste\u011fiyle doktorlar, psikososyal dan\u0131\u015fmanl\u0131k ve grup terapi hizmetleri vermektedir. Bunun yan\u0131nda sosyal hizmet uzmanlar\u0131 deste\u011fiyle, \u00e7e\u015fitli konularda bilgilendirme, ailelere hukuki dan\u0131\u015fmanl\u0131k, \u015fiddetten korunma ve ceza hukuku alan\u0131nda hukuk dan\u0131\u015fmanl\u0131\u011f\u0131 verilmektedir. Bunun d\u0131\u015f\u0131nda \u00e7ocuk ve kad\u0131nlara y\u00f6nelik terapistler ve doktorlar taraf\u0131ndan sosyal ve hukuki alanda arabuluculuk hizmeti verilmektedir.<\/p>\n\n\n\n<div style=\"height:50px\" aria-hidden=\"true\" class=\"wp-block-spacer\"><\/div>\n<\/div><\/div>\n\n\n\n<div class=\"wp-block-pb-accordion-item c-accordion__item js-accordion-item no-js invertedAkkordeon\" data-initially-open=\"false\" data-click-to-close=\"true\" data-auto-close=\"true\" data-scroll=\"false\" data-scroll-offset=\"0\"><h3 id=\"at-14837\" class=\"c-accordion__title js-accordion-controller\" role=\"button\">\u2192 \u00c7ocuklar ve gen\u00e7ler y\u00f6nelik endi\u015fe durumunda<\/h3><div id=\"ac-14837\" class=\"c-accordion__content\">\n<div style=\"height:50px\" aria-hidden=\"true\" class=\"wp-block-spacer\"><\/div>\n\n\n\n<div id=\"readspeaker_button1\" class=\"rs_skip rsbtn rs_preserve\">\n    <a rel=\"nofollow\" class=\"rsbtn_play\" title=\"Metni dinlemek i\u00e7in l\u00fctfen ReadSpeaker WebReader'\u0131 kullan\u0131n.\" href=\"https:\/\/app-eu.readspeaker.com\/cgi-bin\/rsent?customerid=14400&amp;lang=tr_tr&amp;readclass=emergency-4&amp;url=https:\/\/bns.berlin\/tr\/fuer-gefluechtete-menschen-in-berlin\/\">\n        <span class=\"rsbtn_left rsimg rspart\"><span class=\"rsbtn_text\"><span>Oku<\/span><\/span><\/span>\n        <span class=\"rsbtn_right rsimg rsplay rspart\"><\/span>\n    <\/a>\n<\/div>\n\n\n\n<p class=\"emergency-4\"><strong>Berlin acil durum hizmeti<\/strong><br>\u00c7ocuk koruma \u00e7a\u011fr\u0131 merkezi (her saate)<br>Telefon: 030 \/ 61 00 66<\/p>\n\n\n\n<div style=\"height:50px\" aria-hidden=\"true\" class=\"wp-block-spacer\"><\/div>\n<\/div><\/div>\n<\/div>\n<\/div>\n","protected":false},"excerpt":{"rendered":"<p>Dan\u0131\u015fmanl\u0131k almak istiyorum Akut acil durumlarda, l\u00fctfen a\u015fa\u011f\u0131daki merkezlere ba\u015fvurun<\/p>\n","protected":false},"author":1,"featured_media":0,"parent":0,"menu_order":94,"comment_status":"closed","ping_status":"closed","template":"custom-no-intro","meta":{"_coblocks_attr":"","_coblocks_dimensions":"","_coblocks_responsive_height":"","_coblocks_accordion_ie_support":"","inline_featured_image":false,"footnotes":""},"class_list":["post-1483","page","type-page","status-publish","hentry"],"_links":{"self":[{"href":"https:\/\/bns.berlin\/tr\/wp-json\/wp\/v2\/pages\/1483","targetHints":{"allow":["GET"]}}],"collection":[{"href":"https:\/\/bns.berlin\/tr\/wp-json\/wp\/v2\/pages"}],"about":[{"href":"https:\/\/bns.berlin\/tr\/wp-json\/wp\/v2\/types\/page"}],"author":[{"embeddable":true,"href":"https:\/\/bns.berlin\/tr\/wp-json\/wp\/v2\/users\/1"}],"replies":[{"embeddable":true,"href":"https:\/\/bns.berlin\/tr\/wp-json\/wp\/v2\/comments?post=1483"}],"version-history":[{"count":21,"href":"https:\/\/bns.berlin\/tr\/wp-json\/wp\/v2\/pages\/1483\/revisions"}],"predecessor-version":[{"id":9521,"href":"https:\/\/bns.berlin\/tr\/wp-json\/wp\/v2\/pages\/1483\/revisions\/9521"}],"wp:attachment":[{"href":"https:\/\/bns.berlin\/tr\/wp-json\/wp\/v2\/media?parent=1483"}],"curies":[{"name":"wp","href":"https:\/\/api.w.org\/{rel}","templated":true}]}}