{"id":6591,"date":"2023-12-28T00:27:45","date_gmt":"2023-12-27T23:27:45","guid":{"rendered":"https:\/\/bns.berlin\/?page_id=6591"},"modified":"2023-12-28T00:27:46","modified_gmt":"2023-12-27T23:27:46","slug":"zentrum-uberleben","status":"publish","type":"page","link":"https:\/\/bns.berlin\/kk\/fachstellen-ubersicht\/zentrum-uberleben\/","title":{"rendered":"Zentrum \u00dcBERLEBEN"},"content":{"rendered":"\n<div class=\"wp-block-columns alignwide has-base-color has-primary-background-color has-text-color has-background has-link-color wp-elements-b61bbe77f2b92d0a0271fe7daf7f97e2 is-layout-flex wp-container-core-columns-is-layout-28f84493 wp-block-columns-is-layout-flex\" style=\"border-radius:25px\">\n<div class=\"wp-block-column is-layout-flow wp-block-column-is-layout-flow\">\n<h1 class=\"wp-block-heading has-base-color has-text-color has-link-color has-xxxl-font-size wp-elements-2d322a67c7db71bdb9aed9dce611847a\" style=\"text-transform:none\">Zentrum \u00dcBERLEBEN<\/h1>\n\n\n\n<p class=\"has-l-font-size\">Dezgeha taybet ji bo penaber\u00ean ku trawma derbaskirin e \u00fb qurbaniy\u00ean tund \u00fb t\u00fbjiy\u00ea (Navenda \u00dcberleben\/ Qurtab\u00fbn\u00ea)<\/p>\n<\/div>\n<\/div>\n\n\n\n<h2 class=\"wp-block-heading is-style-screen-reader-text\">Mehr \u00fcber Zentrum \u00dcBERLEBEN<\/h2>\n\n\n\n<div class=\"wp-block-columns alignwide has-contrast-alt-color has-text-color has-link-color wp-elements-e1d37d42b8d9e9a8ae33ce8241afd212 is-layout-flex wp-container-core-columns-is-layout-6944e41c wp-block-columns-is-layout-flex\" style=\"border-radius:25px;margin-top:0;margin-bottom:0;padding-top:var(--wp--preset--spacing--s);padding-right:0;padding-bottom:var(--wp--preset--spacing--s);padding-left:0\">\n<div class=\"wp-block-column is-layout-flow wp-block-column-is-layout-flow\" style=\"padding-top:var(--wp--preset--spacing--m);padding-right:0;padding-bottom:var(--wp--preset--spacing--m);padding-left:0;flex-basis:60%\">\n<div class=\"wp-block-group has-custom-color-1-background-color has-background is-vertical is-layout-flex wp-container-core-group-is-layout-cf91af71 wp-block-group-is-layout-flex\" style=\"border-radius:25px;padding-top:var(--wp--preset--spacing--s);padding-right:0;padding-bottom:var(--wp--preset--spacing--s);padding-left:0\">\n<div class=\"wp-block-columns is-layout-flex wp-container-core-columns-is-layout-28f84493 wp-block-columns-is-layout-flex\">\n<div class=\"wp-block-column is-layout-flow wp-block-column-is-layout-flow\" style=\"padding-top:var(--wp--preset--spacing--s);padding-right:var(--wp--preset--spacing--m);padding-bottom:var(--wp--preset--spacing--s);padding-left:var(--wp--preset--spacing--m)\">\n<h3 class=\"wp-block-heading has-primary-color has-text-color has-m-font-size\" style=\"letter-spacing:0.05em;text-transform:none\">Derbar\u00ea maf\u00ean we em zaniyariyan digih\u00eenin we \u00fb al\u00eekariya we dikin. M\u00eenak:<\/h3>\n\n\n\n<ul class=\"has-primary-color has-text-color has-link-color wp-block-list wp-elements-07f366eb0b9a5e397109a8654b0de890\">\n<li>Bir\u00eave\u00e7\u00fbna doza penaberiy\u00ea<\/li>\n\n\n\n<li>Karker\u00ean taybet di l\u00eapirs\u00eena doza penaberiy\u00ea de<\/li>\n<\/ul>\n\n\n\n<p class=\"has-primary-color has-text-color has-link-color wp-elements-22de90eb1c3697e60104bf459e1b92d3\"><strong><strong>Em \u015f\u00eawirmend\u00eetiy\u00ea dikin \u00fb pi\u015ftgiriy\u00ea didin: mezinan, zarok \u00fb xort.<\/strong><\/strong><\/p>\n<\/div>\n<\/div>\n<\/div>\n\n\n\n<div class=\"wp-block-group has-custom-color-1-background-color has-background is-vertical is-layout-flex wp-container-core-group-is-layout-cf91af71 wp-block-group-is-layout-flex\" style=\"border-radius:25px;padding-top:var(--wp--preset--spacing--s);padding-right:0;padding-bottom:var(--wp--preset--spacing--s);padding-left:0\">\n<div class=\"wp-block-columns is-layout-flex wp-container-core-columns-is-layout-28f84493 wp-block-columns-is-layout-flex\">\n<div class=\"wp-block-column is-layout-flow wp-block-column-is-layout-flow\" style=\"padding-top:var(--wp--preset--spacing--s);padding-right:var(--wp--preset--spacing--m);padding-bottom:var(--wp--preset--spacing--s);padding-left:var(--wp--preset--spacing--m)\">\n<h3 class=\"wp-block-heading has-primary-color has-text-color has-m-font-size\" style=\"letter-spacing:0.05em;text-transform:none\">Em bi hev re al\u00eekariya guncaw ji bo ar\u00ee\u015fy\u00ean we y\u00ean der\u00fbn\u00ee bib\u00eenin :<\/h3>\n\n\n\n<ul class=\"has-primary-color has-text-color has-link-color wp-block-list wp-elements-a6e12f6aa938c4d8a4af905208e7cc00\">\n<li>\u00c7areseriya der\u00fbn\u00ee (axavtin digel pispor\u00ean der\u00fbnnas)<\/li>\n\n\n\n<li>Al\u00eekar\u00eekiriya der\u00fbnnas\u00ee<\/li>\n\n\n\n<li>Al\u00eekariya der\u00fbncivak\u00ee (xizmetkariy\u00ean gir\u00eaday jiyana asay\u00ee)<\/li>\n\n\n\n<li>Pi\u015ftevan\u00ee ji bo xweguncandina mirov\u00ean k\u00eamendam \u00fb xwed\u00ee p\u00eadiviy\u00ean taybet digel civak\u00ee<\/li>\n<\/ul>\n<\/div>\n<\/div>\n<\/div>\n\n\n\n<div class=\"wp-block-group has-custom-color-1-background-color has-background is-vertical is-layout-flex wp-container-core-group-is-layout-cf91af71 wp-block-group-is-layout-flex\" style=\"border-radius:25px;padding-top:var(--wp--preset--spacing--s);padding-right:0;padding-bottom:var(--wp--preset--spacing--s);padding-left:0\">\n<div class=\"wp-block-columns is-layout-flex wp-container-core-columns-is-layout-28f84493 wp-block-columns-is-layout-flex\">\n<div class=\"wp-block-column is-layout-flow wp-block-column-is-layout-flow\" style=\"padding-top:var(--wp--preset--spacing--s);padding-right:var(--wp--preset--spacing--m);padding-bottom:var(--wp--preset--spacing--s);padding-left:var(--wp--preset--spacing--m)\">\n<h3 class=\"wp-block-heading has-primary-color has-text-color has-m-font-size\" style=\"letter-spacing:0.05em;text-transform:none\">Ji bo ser\u00eel\u00eadanan\/tomarkirin\u00ea em al\u00eekar in. M\u00eenak:<\/h3>\n\n\n\n<ul class=\"has-primary-color has-text-color has-link-color wp-block-list wp-elements-9c27329168cdeb14cbe9ba0469e11127\">\n<li>\u00c7areser\u00eekirina \u00ea\u015f\u00ean der\u00fbn\u00ee<\/li>\n\n\n\n<li>Al\u00eekar\u00ee ji bo x\u00eazan\u00ea (perwerdekirina zarokan)<\/li>\n\n\n\n<li>Xizmetkariy\u00ean daray\u00ee \u00fb civak\u00ee<\/li>\n<\/ul>\n<\/div>\n<\/div>\n<\/div>\n\n\n\n<div class=\"wp-block-group has-custom-color-1-background-color has-background is-vertical is-layout-flex wp-container-core-group-is-layout-cf91af71 wp-block-group-is-layout-flex\" style=\"border-radius:25px;padding-top:var(--wp--preset--spacing--s);padding-right:0;padding-bottom:var(--wp--preset--spacing--s);padding-left:0\">\n<div class=\"wp-block-columns is-layout-flex wp-container-core-columns-is-layout-28f84493 wp-block-columns-is-layout-flex\">\n<div class=\"wp-block-column is-layout-flow wp-block-column-is-layout-flow\" style=\"padding-top:var(--wp--preset--spacing--s);padding-right:var(--wp--preset--spacing--m);padding-bottom:var(--wp--preset--spacing--s);padding-left:var(--wp--preset--spacing--m)\">\n<h3 class=\"wp-block-heading has-primary-color has-text-color has-m-font-size\" style=\"letter-spacing:0.05em;text-transform:none\">Ji bo peywend\u00eekrin\u00ea bi fermangehan em al\u00eekar in. Minak:<\/h3>\n\n\n\n<ul class=\"has-primary-color has-text-color has-link-color wp-block-list wp-elements-138021023946f505ed626497184559a9\">\n<li>LAF (fermangeha her\u00eama Berlin\u00ea ya kar\u00fbbar\u00ean penaberan)<\/li>\n\n\n\n<li>Bezirks\u00e4mter (Li \u015faredariyan)<\/li>\n\n\n\n<li>Ausl\u00e4nderbeh\u00f6rde (saziya m\u00eer\u00ee ya penaberan \/ fermangeha par\u00eazgeha Berlin\u00ea ya ko\u00e7beriy\u00ea)<\/li>\n\n\n\n<li>BAMF (fermangeha Fedral ya ko\u00e7beriy\u00ea \u00fb penaberan)<\/li>\n<\/ul>\n<\/div>\n<\/div>\n<\/div>\n\n\n\n<div class=\"wp-block-group has-custom-color-1-background-color has-background is-vertical is-layout-flex wp-container-core-group-is-layout-cf91af71 wp-block-group-is-layout-flex\" style=\"border-radius:25px;padding-top:var(--wp--preset--spacing--s);padding-right:0;padding-bottom:var(--wp--preset--spacing--s);padding-left:0\">\n<div class=\"wp-block-columns is-layout-flex wp-container-core-columns-is-layout-28f84493 wp-block-columns-is-layout-flex\">\n<div class=\"wp-block-column is-layout-flow wp-block-column-is-layout-flow\" style=\"padding-top:var(--wp--preset--spacing--s);padding-right:var(--wp--preset--spacing--m);padding-bottom:var(--wp--preset--spacing--s);padding-left:var(--wp--preset--spacing--m)\">\n<p class=\"has-primary-color has-text-color has-m-font-size\"><strong><strong>Di mijar\u00ean bicihkirin\u00ea \u00fb cih\u00ean hay\u00eeman de em \u015f\u00eeretan didin we.<\/strong><\/strong><\/p>\n<\/div>\n<\/div>\n<\/div>\n\n\n\n<div class=\"wp-block-group has-custom-color-1-background-color has-background is-vertical is-layout-flex wp-container-core-group-is-layout-cf91af71 wp-block-group-is-layout-flex\" style=\"border-radius:25px;padding-top:var(--wp--preset--spacing--s);padding-right:0;padding-bottom:var(--wp--preset--spacing--s);padding-left:0\">\n<div class=\"wp-block-columns is-layout-flex wp-container-core-columns-is-layout-28f84493 wp-block-columns-is-layout-flex\">\n<div class=\"wp-block-column is-layout-flow wp-block-column-is-layout-flow\" style=\"padding-top:var(--wp--preset--spacing--s);padding-right:var(--wp--preset--spacing--m);padding-bottom:var(--wp--preset--spacing--s);padding-left:var(--wp--preset--spacing--m)\">\n<h3 class=\"wp-block-heading has-primary-color has-text-color has-m-font-size\"><strong>Heger h\u00fbn bixwazn em derfet\u00ean civak\u00ee \u00fb yasay\u00ee tendurist\u00ee ji bo we peyda dikin.<\/strong><\/h3>\n\n\n\n<ul class=\"wp-block-list\" style=\"color:#005ba8\">\n<li>Pi\u015ftevan\u00ee ji bo xweguncandina mirov\u00ean k\u00eamendam \u00fb xwed\u00ee p\u00eadiviy\u00ean taybet digel civak\u00ee<\/li>\n\n\n\n<li>\u015e\u00eawirmendiya hiq\u00fbqnas\u00eey\u00ea<\/li>\n<\/ul>\n\n\n\n<p class=\"has-primary-color has-text-color has-link-color wp-elements-1e77c830633e00e43e850dc9455b2333\"><strong>Peywendiy\u00ea bi me bikin \u00fb p\u00eadiviya we bi \u00e7i hebe bib\u00eajin.<\/strong><\/p>\n<\/div>\n<\/div>\n<\/div>\n\n\n\n<div class=\"wp-block-group has-border-color has-custom-color-2-border-color has-base-background-color has-background is-vertical is-layout-flex wp-container-core-group-is-layout-cf91af71 wp-block-group-is-layout-flex\" style=\"border-width:3px;border-radius:25px;padding-top:var(--wp--preset--spacing--s);padding-right:0;padding-bottom:var(--wp--preset--spacing--s);padding-left:0\">\n<div class=\"wp-block-columns is-layout-flex wp-container-core-columns-is-layout-28f84493 wp-block-columns-is-layout-flex\">\n<div class=\"wp-block-column is-layout-flow wp-block-column-is-layout-flow\" style=\"border-radius:25px;padding-top:var(--wp--preset--spacing--s);padding-right:var(--wp--preset--spacing--m);padding-bottom:var(--wp--preset--spacing--s);padding-left:var(--wp--preset--spacing--m)\">\n<figure class=\"wp-block-image size-full is-resized\"><img loading=\"lazy\" decoding=\"async\" width=\"400\" height=\"164\" src=\"https:\/\/bns.berlin\/wp-content\/uploads\/2023\/11\/Zentrumueberleben400.jpg\" alt=\"Logo Zentrum \u00dcberleben\" class=\"wp-image-4898\" style=\"width:400px\" srcset=\"https:\/\/bns.berlin\/wp-content\/uploads\/2023\/11\/Zentrumueberleben400.jpg 400w, https:\/\/bns.berlin\/wp-content\/uploads\/2023\/11\/Zentrumueberleben400-300x123.jpg 300w\" sizes=\"auto, (max-width: 400px) 100vw, 400px\" \/><\/figure>\n<\/div>\n<\/div>\n<\/div>\n<\/div>\n\n\n\n<div class=\"wp-block-column is-layout-flow wp-block-column-is-layout-flow\" style=\"padding-top:var(--wp--preset--spacing--m);padding-bottom:var(--wp--preset--spacing--m)\">\n<div class=\"wp-block-group has-border-color has-custom-color-2-border-color has-base-background-color has-background is-vertical is-layout-flex wp-container-core-group-is-layout-aedf0d0a wp-block-group-is-layout-flex\" style=\"border-width:3px;border-radius:25px;padding-top:var(--wp--preset--spacing--m);padding-right:var(--wp--preset--spacing--s);padding-bottom:var(--wp--preset--spacing--m);padding-left:var(--wp--preset--spacing--s)\">\n<h3 class=\"wp-block-heading is-style-screen-reader-text\" style=\"text-transform:none\">Kontakt Zentrum \u00dcBERLEBEN<\/h3>\n\n\n\n<p class=\"info termine has-primary-color has-text-color has-link-color has-m-font-size wp-elements-3dbb28d57e2bf6a71dae035972a0fb6b\" style=\"font-style:normal;font-weight:500\"><strong><strong>P\u00eaw\u00eest e jivan bi reya telefon\u00ea an j\u00ee e-mail\u00ea bi\u00ean dirust kirin.<\/strong><\/strong><\/p>\n\n\n\n<h4 class=\"wp-block-heading is-style-screen-reader-text has-m-font-size\" style=\"letter-spacing:0.05em;text-transform:uppercase\">Telefon<\/h4>\n\n\n\n<p class=\"info telefon has-primary-color has-text-color has-link-color wp-elements-78d3297be4dcd3c26190765a07c1d113\" style=\"font-style:normal;font-weight:400\"><strong>Konsultasyon\u00ea telefon\u00ee<\/strong><\/p>\n\n\n\n<ul style=\"margin-top:0;margin-bottom:0;padding-top:0;padding-bottom:0\" class=\"info is-style-no-bullets has-primary-color has-text-color has-link-color wp-block-list wp-elements-52731157534ce4916a6c116032e37f2e\">\n<li>Du\u015fem\u00ea ji 12:00 heta 14:00<\/li>\n\n\n\n<li>\u00c7ar\u015fem\u00ea ji 11:00 heta 13:00<\/li>\n\n\n\n<li>Tel.: <a href=\"tel:+493030390669\">(030) 30 39 06 -69<\/a><\/li>\n<\/ul>\n\n\n\n<h4 class=\"wp-block-heading is-style-screen-reader-text has-m-font-size\" style=\"letter-spacing:0.05em;text-transform:uppercase\">E-Mail<\/h4>\n\n\n\n<p class=\"info email has-primary-color has-text-color has-link-color wp-elements-0d2d21859c0c2cba8e37fea4fcfec9c9\"><a href=\"mailto:bns@ueberleben.org\">bns@ueberleben.org<\/a><\/p>\n\n\n\n<h4 class=\"wp-block-heading is-style-screen-reader-text has-m-font-size\" style=\"letter-spacing:0.05em;text-transform:uppercase\">Sprachmittlung<\/h4>\n\n\n\n<p class=\"info sprache has-primary-color has-text-color has-link-color wp-elements-d099418c67cf9b4723e499949fe04a6b\" style=\"font-style:normal;font-weight:500\"><strong><strong>Em werg\u00earan daxwaz diki.<\/strong><\/strong><\/p>\n\n\n\n<p class=\"info has-primary-color has-text-color has-link-color wp-elements-b90d32dce209c478667b365fc2f6d540\" style=\"font-style:normal;font-weight:400\">Heger h\u00fbn bixwazin h\u00fbn dikarin b\u00eanav j\u00ee \u015f\u00eawirmendiy\u00ea bist\u00eenin. P\u00eaw\u00eest nake &nbsp;h\u00fbn nav\u00ea xwe ji me re bib\u00eajin.<\/p>\n\n\n\n<h4 class=\"wp-block-heading is-style-screen-reader-text has-m-font-size\" style=\"letter-spacing:0.05em;text-transform:uppercase\">Adresse<\/h4>\n\n\n\n<p class=\"info adresse has-primary-color has-text-color has-link-color wp-elements-aa40ba4aeacd8729d6ebfb5e6da389b0\" style=\"font-style:normal;font-weight:400\"><strong>Zentrum \u00dcBERLEBEN gGmbH<\/strong><br>Turmstrasse 21<br>Haus K<br>10559 Berlin<\/p>\n\n\n\n<p class=\"info has-primary-color has-text-color has-link-color wp-elements-76dba448b87ece27978aa94e0ebb557e\" style=\"font-style:normal;font-weight:400\">Odey\u00ean me li gor\u00ee hemwelatiy\u00ea me y\u00ean astengdar hatin e \u00e7\u00ea kirin.<\/p>\n\n\n\n<ul class=\"is-style-no-bullets info has-primary-color has-text-color has-link-color wp-block-list wp-elements-7fa8d71e81e749c18d442b74133c962d\">\n<li style=\"margin-top:0;margin-bottom:0\"><img decoding=\"async\" vertical-align=\"middle\" width=\"18px\" src=\"https:\/\/bns.berlin\/wp-content\/uploads\/2023\/11\/S-Bahn.png\"> S-Bahn Bellevue<\/li>\n\n\n\n<li><img decoding=\"async\" vertical-align=\"middle\" width=\"18px\" src=\"https:\/\/bns.berlin\/wp-content\/uploads\/2023\/11\/U-Bahn.jpg\"> U-Bahn Turmstra\u00dfe<\/li>\n\n\n\n<li><img decoding=\"async\" vertical-align=\"middle\" width=\"18px\" src=\"https:\/\/bns.berlin\/wp-content\/uploads\/2023\/11\/bus25.png\"> Bus 101\/123\/187\/245 Turmstra\u00dfe\/L\u00fcbecker Stra\u00dfe<\/li>\n<\/ul>\n\n\n\n<p class=\"info has-primary-color has-text-color has-link-color wp-elements-d7cdd22b91ee1e1826d48c03d335effc\"><a href=\"https:\/\/www.google.com\/maps\/dir\/\/Zentrum+%C3%9CBERLEBEN+gGmbH,+Turmstra%C3%9Fe+21,+10559+Berlin\/@52.5285438,13.3457398,17z\/data=!4m16!1m6!3m5!1s0x47a851879fbcfe85:0xcfcbd15f74ba45df!2sZentrum+%C3%9CBERLEBEN+gGmbH!8m2!3d52.5287294!4d13.3477701!4m8!1m0!1m5!1m1!1s0x47a851879fbcfe85:0xcfcbd15f74ba45df!2m2!1d13.3477701!2d52.5287294!3e3\">P\u00eanasa r\u00eay\u00ea bi r\u00eaya Googlemaps\u00ea:<\/a><\/p>\n\n\n\n<h4 class=\"wp-block-heading is-style-screen-reader-text has-m-font-size\" style=\"letter-spacing:0.05em;text-transform:uppercase\">Link<\/h4>\n\n\n\n<p class=\"info web has-primary-color has-text-color has-link-color wp-elements-066eeeda0c85a83da7e665ca3e0c3ba6\" style=\"font-style:normal;font-weight:400\"><strong>Derfet\u00ean din j\u00ee me hene:<\/strong><br><a href=\"http:\/\/www.ueberleben.org\/\" target=\"_blank\" rel=\"noreferrer noopener\">www.ueberleben.org<\/a><\/p>\n<\/div>\n<\/div>\n<\/div>\n","protected":false},"excerpt":{"rendered":"<p>Mehr \u00fcber Zentrum \u00dcBERLEBEN<\/p>\n","protected":false},"author":12,"featured_media":0,"parent":6584,"menu_order":0,"comment_status":"closed","ping_status":"closed","template":"wp-custom-template-no-intro-blue-background","meta":{"_coblocks_attr":"","_coblocks_dimensions":"","_coblocks_responsive_height":"","_coblocks_accordion_ie_support":"","inline_featured_image":false,"footnotes":""},"class_list":["post-6591","page","type-page","status-publish","hentry"],"_links":{"self":[{"href":"https:\/\/bns.berlin\/kk\/wp-json\/wp\/v2\/pages\/6591","targetHints":{"allow":["GET"]}}],"collection":[{"href":"https:\/\/bns.berlin\/kk\/wp-json\/wp\/v2\/pages"}],"about":[{"href":"https:\/\/bns.berlin\/kk\/wp-json\/wp\/v2\/types\/page"}],"author":[{"embeddable":true,"href":"https:\/\/bns.berlin\/kk\/wp-json\/wp\/v2\/users\/12"}],"replies":[{"embeddable":true,"href":"https:\/\/bns.berlin\/kk\/wp-json\/wp\/v2\/comments?post=6591"}],"version-history":[{"count":1,"href":"https:\/\/bns.berlin\/kk\/wp-json\/wp\/v2\/pages\/6591\/revisions"}],"predecessor-version":[{"id":6599,"href":"https:\/\/bns.berlin\/kk\/wp-json\/wp\/v2\/pages\/6591\/revisions\/6599"}],"up":[{"embeddable":true,"href":"https:\/\/bns.berlin\/kk\/wp-json\/wp\/v2\/pages\/6584"}],"wp:attachment":[{"href":"https:\/\/bns.berlin\/kk\/wp-json\/wp\/v2\/media?parent=6591"}],"curies":[{"name":"wp","href":"https:\/\/api.w.org\/{rel}","templated":true}]}}