{"id":6588,"date":"2023-12-28T00:26:01","date_gmt":"2023-12-27T23:26:01","guid":{"rendered":"https:\/\/bns.berlin\/?page_id=6588"},"modified":"2026-02-25T12:21:40","modified_gmt":"2026-02-25T11:21:40","slug":"kub","status":"publish","type":"page","link":"https:\/\/bns.berlin\/kk\/fachstellen-ubersicht\/kub\/","title":{"rendered":"KuB"},"content":{"rendered":"\n<div class=\"wp-block-columns alignwide has-base-color has-primary-background-color has-text-color has-background has-link-color wp-elements-1e7863a247a0aa5e3aa432a5fb1eae8d is-layout-flex wp-container-core-columns-is-layout-28f84493 wp-block-columns-is-layout-flex\" style=\"border-radius:25px\">\n<div class=\"wp-block-column is-layout-flow wp-block-column-is-layout-flow\">\n<h1 class=\"wp-block-heading has-base-color has-text-color has-link-color has-xxxl-font-size wp-elements-29f1c36302d08ed75638db16d023f88f\" style=\"text-transform:none\">KuB<\/h1>\n\n\n\n<p class=\"has-l-font-size\">Fachstelle f\ufffdr alleinerziehende, schwangere und gewaltbetroffene Frauen<\/p>\n<\/div>\n<\/div>\n\n\n\n<h2 class=\"wp-block-heading is-style-screen-reader-text has-l-font-size\">Mehr \u00fcber Kub<\/h2>\n\n\n\n<div class=\"wp-block-columns alignwide has-contrast-alt-color has-text-color has-link-color wp-elements-6e0808374d2d804bca6790d57d1e1fdb is-layout-flex wp-container-core-columns-is-layout-6944e41c wp-block-columns-is-layout-flex\" style=\"border-radius:25px;margin-top:0;margin-bottom:0;padding-top:var(--wp--preset--spacing--s);padding-right:0;padding-bottom:var(--wp--preset--spacing--s);padding-left:0\">\n<div class=\"wp-block-column is-layout-flow wp-block-column-is-layout-flow\" style=\"padding-top:var(--wp--preset--spacing--m);padding-right:0;padding-bottom:var(--wp--preset--spacing--m);padding-left:0;flex-basis:60%\">\n<div class=\"wp-block-group has-custom-color-1-background-color has-background is-vertical is-layout-flex wp-container-core-group-is-layout-cf91af71 wp-block-group-is-layout-flex\" style=\"border-radius:25px;padding-top:var(--wp--preset--spacing--s);padding-right:0;padding-bottom:var(--wp--preset--spacing--s);padding-left:0\">\n<div class=\"wp-block-columns is-layout-flex wp-container-core-columns-is-layout-28f84493 wp-block-columns-is-layout-flex\">\n<div class=\"wp-block-column is-layout-flow wp-block-column-is-layout-flow\" style=\"padding-top:var(--wp--preset--spacing--s);padding-right:var(--wp--preset--spacing--m);padding-bottom:var(--wp--preset--spacing--s);padding-left:var(--wp--preset--spacing--m)\">\n<h3 class=\"wp-block-heading has-primary-color has-text-color has-m-font-size\" style=\"letter-spacing:0.05em;text-transform:none\">Derbar\u00ea maf\u00ean we em zaniyariyan didin \u00fb belgenameyan ji we re peyda dikin, bo m\u00eenak:<\/h3>\n\n\n\n<ul class=\"wp-block-list has-primary-color has-text-color has-link-color wp-elements-a7b2262b4df12d0662de4692504b7ad2\">\n<li>di Bir\u00eave\u00e7\u00fbna doza penaberiy\u00ea, zaniyar\u00ee li dor l\u00eapirs\u00een\u00ea<\/li>\n\n\n\n<li>Fermanbera jin di dozeya penaberiy\u00ea de<\/li>\n\n\n\n<li>Werg\u00eara jin*<\/li>\n\n\n\n<li>\u00ceqame bo te \u00fb zarok\u00ea te<\/li>\n\n\n\n<li>Elgenameya jiday\u00eekb\u00fbn\u00ea ji bo zarok\u00ea te<\/li>\n\n\n\n<li>Pejirandina\/Dananas\u00eena Bab\u00eeniy\u00ea<\/li>\n\n\n\n<li>Tund\u00ee \u00fb t\u00fbj\u00ee \u00fb ar\u00ee\u015fey\u00ean di nav x\u00eazan\u00ea de<\/li>\n<\/ul>\n<\/div>\n<\/div>\n<\/div>\n\n\n\n<div class=\"wp-block-group has-custom-color-1-background-color has-background is-vertical is-layout-flex wp-container-core-group-is-layout-cf91af71 wp-block-group-is-layout-flex\" style=\"border-radius:25px;padding-top:var(--wp--preset--spacing--s);padding-right:0;padding-bottom:var(--wp--preset--spacing--s);padding-left:0\">\n<div class=\"wp-block-columns is-layout-flex wp-container-core-columns-is-layout-28f84493 wp-block-columns-is-layout-flex\">\n<div class=\"wp-block-column is-layout-flow wp-block-column-is-layout-flow\" style=\"padding-top:var(--wp--preset--spacing--s);padding-right:var(--wp--preset--spacing--m);padding-bottom:var(--wp--preset--spacing--s);padding-left:var(--wp--preset--spacing--m)\">\n<p class=\"has-primary-color has-text-color has-m-font-size\"><strong>Bi hev re em xizmetkariya guncaw ji bo we dib\u00een\u00een.<\/strong><\/p>\n<\/div>\n<\/div>\n<\/div>\n\n\n\n<div class=\"wp-block-group has-custom-color-1-background-color has-background is-vertical is-layout-flex wp-container-core-group-is-layout-cf91af71 wp-block-group-is-layout-flex\" style=\"border-radius:25px;padding-top:var(--wp--preset--spacing--s);padding-right:0;padding-bottom:var(--wp--preset--spacing--s);padding-left:0\">\n<div class=\"wp-block-columns is-layout-flex wp-container-core-columns-is-layout-28f84493 wp-block-columns-is-layout-flex\">\n<div class=\"wp-block-column is-layout-flow wp-block-column-is-layout-flow\" style=\"padding-top:var(--wp--preset--spacing--s);padding-right:var(--wp--preset--spacing--m);padding-bottom:var(--wp--preset--spacing--s);padding-left:var(--wp--preset--spacing--m)\">\n<h3 class=\"wp-block-heading has-primary-color has-text-color has-m-font-size\" style=\"letter-spacing:0.05em;text-transform:none\">Em al\u00eekariya we dikin ji bo ser\u00eel\u00eadan\u00ea\/tomarkirin\u00ea m\u00eenak:<\/h3>\n\n\n\n<ul class=\"wp-block-list has-primary-color has-text-color has-link-color wp-elements-868f43d31f060ff01c9654d50a39b248\">\n<li>Xizmetkariy\u00ean daray\u00ee \u00fb civak\u00ee (P\u00eadaw\u00eestiy\u00ean z\u00eade di \u00e7ax\u00ea di dugiyaniy\u00ea de, P\u00eadiviy\u00ean zarok\u00ee)<\/li>\n\n\n\n<li>Ser\u00eel\u00eadana\/tomarkirin ji bo keysa penaberiy\u00ea<\/li>\n\n\n\n<li>Curey\u00ean \u00ceqameyan<\/li>\n<\/ul>\n<\/div>\n<\/div>\n<\/div>\n\n\n\n<div class=\"wp-block-group has-custom-color-1-background-color has-background is-vertical is-layout-flex wp-container-core-group-is-layout-cf91af71 wp-block-group-is-layout-flex\" style=\"border-radius:25px;padding-top:var(--wp--preset--spacing--s);padding-right:0;padding-bottom:var(--wp--preset--spacing--s);padding-left:0\">\n<div class=\"wp-block-columns is-layout-flex wp-container-core-columns-is-layout-28f84493 wp-block-columns-is-layout-flex\">\n<div class=\"wp-block-column is-layout-flow wp-block-column-is-layout-flow\" style=\"padding-top:var(--wp--preset--spacing--s);padding-right:var(--wp--preset--spacing--m);padding-bottom:var(--wp--preset--spacing--s);padding-left:var(--wp--preset--spacing--m)\">\n<p class=\"has-primary-color has-text-color has-m-font-size\"><strong>Di mijar\u00ean bicihkirin\u00ea \/ cih\u00ean hay\u00eeman de em \u015f\u00eeretan didin we<\/strong><\/p>\n<\/div>\n<\/div>\n<\/div>\n\n\n\n<div class=\"wp-block-group has-custom-color-1-background-color has-background is-vertical is-layout-flex wp-container-core-group-is-layout-cf91af71 wp-block-group-is-layout-flex\" style=\"border-radius:25px;padding-top:var(--wp--preset--spacing--s);padding-right:0;padding-bottom:var(--wp--preset--spacing--s);padding-left:0\">\n<div class=\"wp-block-columns is-layout-flex wp-container-core-columns-is-layout-28f84493 wp-block-columns-is-layout-flex\">\n<div class=\"wp-block-column is-layout-flow wp-block-column-is-layout-flow\" style=\"padding-top:var(--wp--preset--spacing--s);padding-right:var(--wp--preset--spacing--m);padding-bottom:var(--wp--preset--spacing--s);padding-left:var(--wp--preset--spacing--m)\">\n<h3 class=\"wp-block-heading has-primary-color has-text-color has-m-font-size\" style=\"letter-spacing:0.05em;text-transform:none\">Ji bo peywend\u00eekrin\u00ea bi fermangehan em al\u00eekar in \u00fb ji bo jivan\u00ean ferm\u00ee dikarin bi we re werin m\u00eenak:<\/h3>\n\n\n\n<ul class=\"wp-block-list has-primary-color has-text-color has-link-color wp-elements-0c8ceb59c67935f0301eb49e539aa91f\">\n<li>LAF (fermangeha her\u00eama Berlin\u00ea ya kar\u00fbbar\u00ean penaberan)<\/li>\n\n\n\n<li>\u015faredariyan<\/li>\n\n\n\n<li>saziya m\u00eer\u00ee ya penaberan \/ fermangeha par\u00eazgeha Berlin\u00ea ya ko\u00e7beriy\u00ea<\/li>\n\n\n\n<li>BAMF fermangeha Fedral ya ko\u00e7beriy\u00ea \u00fb penaberan<\/li>\n\n\n\n<li>Fermangeha tomarkirin\u00ea ya zewac\u00ea<\/li>\n\n\n\n<li>Fermangeha kar\u00fbbar\u00ean zarok \u00fb ciwanan<\/li>\n<\/ul>\n<\/div>\n<\/div>\n<\/div>\n\n\n\n<div class=\"wp-block-group has-custom-color-1-background-color has-background is-vertical is-layout-flex wp-container-core-group-is-layout-cf91af71 wp-block-group-is-layout-flex\" style=\"border-radius:25px;padding-top:var(--wp--preset--spacing--s);padding-right:0;padding-bottom:var(--wp--preset--spacing--s);padding-left:0\">\n<div class=\"wp-block-columns is-layout-flex wp-container-core-columns-is-layout-28f84493 wp-block-columns-is-layout-flex\">\n<div class=\"wp-block-column is-layout-flow wp-block-column-is-layout-flow\" style=\"padding-top:var(--wp--preset--spacing--s);padding-right:var(--wp--preset--spacing--m);padding-bottom:var(--wp--preset--spacing--s);padding-left:var(--wp--preset--spacing--m)\">\n<p class=\"has-primary-color has-text-color has-m-font-size\"><strong>Heger h\u00fbn bixwazn em derfet\u00ean civak\u00ee \u00fb yasay\u00ee tendurist\u00ee ji bo we peyda dikin.<\/strong><\/p>\n<\/div>\n<\/div>\n<\/div>\n\n\n\n<div class=\"wp-block-group has-border-color has-custom-color-2-border-color has-base-background-color has-background is-vertical is-layout-flex wp-container-core-group-is-layout-cf91af71 wp-block-group-is-layout-flex\" style=\"border-width:3px;border-radius:25px;padding-top:var(--wp--preset--spacing--s);padding-right:0;padding-bottom:var(--wp--preset--spacing--s);padding-left:0\">\n<div class=\"wp-block-columns is-layout-flex wp-container-core-columns-is-layout-28f84493 wp-block-columns-is-layout-flex\">\n<div class=\"wp-block-column is-layout-flow wp-block-column-is-layout-flow\" style=\"border-radius:25px;padding-top:var(--wp--preset--spacing--s);padding-right:var(--wp--preset--spacing--m);padding-bottom:var(--wp--preset--spacing--s);padding-left:var(--wp--preset--spacing--m)\">\n<figure class=\"wp-block-image size-full is-resized\"><img loading=\"lazy\" decoding=\"async\" width=\"475\" height=\"142\" src=\"https:\/\/bns.berlin\/wp-content\/uploads\/2023\/11\/image-1.png\" alt=\"\" class=\"wp-image-9705\" style=\"width:400px\" srcset=\"https:\/\/bns.berlin\/wp-content\/uploads\/2023\/11\/image-1.png 475w, https:\/\/bns.berlin\/wp-content\/uploads\/2023\/11\/image-1-300x90.png 300w\" sizes=\"auto, (max-width: 475px) 100vw, 475px\" \/><\/figure>\n<\/div>\n<\/div>\n<\/div>\n<\/div>\n\n\n\n<div class=\"wp-block-column is-layout-flow wp-block-column-is-layout-flow\" style=\"padding-top:var(--wp--preset--spacing--m);padding-bottom:var(--wp--preset--spacing--m)\">\n<div class=\"wp-block-group has-border-color has-custom-color-2-border-color has-base-background-color has-background is-vertical is-layout-flex wp-container-core-group-is-layout-aedf0d0a wp-block-group-is-layout-flex\" style=\"border-width:3px;border-radius:25px;padding-top:var(--wp--preset--spacing--m);padding-right:var(--wp--preset--spacing--s);padding-bottom:var(--wp--preset--spacing--m);padding-left:var(--wp--preset--spacing--s)\">\n<h3 class=\"wp-block-heading is-style-screen-reader-text\" style=\"text-transform:none\">Kontakt KuB<\/h3>\n\n\n\n<p class=\"info termine has-primary-color has-text-color has-link-color has-m-font-size wp-elements-848674fbc1d1778119f95f8419ccfdf0\" style=\"font-style:normal;font-weight:500\"><strong>P\u00eaw\u00eest e jivan bi r\u00eaya telefon \u00fb e-mail\u00ea bih\u00ean dirust kirin.<\/strong><\/p>\n\n\n\n<h4 class=\"wp-block-heading is-style-screen-reader-text has-m-font-size\" style=\"letter-spacing:0.05em;text-transform:uppercase\">Telefon<\/h4>\n\n\n\n<ul class=\"wp-block-list info telefon is-style-no-bullets has-primary-color has-text-color has-link-color wp-elements-c901a27c6763cc5e54d14f66e80788e9\">\n<li><a href=\"tel:+49306149400\"><strong>030 \/ 614 94 00<\/strong><\/a><\/li>\n\n\n\n<li>Du\u015fem-\u00cen, Demjim\u00ear: 9-17<\/li>\n<\/ul>\n\n\n\n<h4 class=\"wp-block-heading is-style-screen-reader-text has-m-font-size\" style=\"letter-spacing:0.05em;text-transform:uppercase\">E-Mail<\/h4>\n\n\n\n<p class=\"info email has-primary-color has-text-color has-link-color wp-elements-735974539eab70270e0bce0a6f9bd2da\"><a href=\"mailto:frauenberatung@kub-berlin.org\">frauenberatung@kub-berlin.org<\/a><\/p>\n\n\n\n<h4 class=\"wp-block-heading is-style-screen-reader-text has-m-font-size\" style=\"letter-spacing:0.05em;text-transform:uppercase\">Sprachmittlung<\/h4>\n\n\n\n<p class=\"info sprache has-primary-color has-text-color has-link-color wp-elements-51deac1074ebf2ff7cc922f060ed36ab\" style=\"font-style:normal;font-weight:500\"><strong>Em werg\u00eara peyda dikin ji bo evan zimanan:<\/strong><\/p>\n\n\n\n<p class=\"info has-primary-color has-text-color has-link-color wp-elements-80736ad5d3cfcf1046ec8e84d7f73659\">Dar\u00ee\/faris\u00ee, ereb\u00ee, \u00easpan\u00ee, firens\u00ee, \u00eetal\u00ee, kurd\u00ee, portuxal\u00ee, r\u00fbs\u00ee, turk\u00ee.<\/p>\n\n\n\n<p class=\"info has-primary-color has-text-color has-link-color wp-elements-ff33dbe94f1fbaf247310b2b13bcc590\">Li gor daxwaziyan ziman\u00ean din d\u00ea hebin.<\/p>\n\n\n\n<p class=\"info has-primary-color has-text-color has-link-color wp-elements-005949a59d1a016a841d7b0a53f38287\">Heger h\u00fbn bixwazin em dikarin \u00e7avd\u00eariya zarok\u00ean we bikin, dema h\u00fbn \u015f\u00eawirmendiya dist\u00eenin.<\/p>\n\n\n\n<p class=\"info has-primary-color has-text-color has-link-color wp-elements-c05ab0e71394250fa0be2082d7e39a27\">Heger h\u00fbn bixwazin h\u00fbn dikarin b\u00ea diyarkirina nav \u00fb nasmeya xwe j\u00ee \u015f\u00eawirmendiy\u00ea bist\u00eenin. P\u00eaw\u00eest nake nav\u00ea xwe ji me re bib\u00eajin.<\/p>\n\n\n\n<h4 class=\"wp-block-heading is-style-screen-reader-text has-m-font-size\" style=\"letter-spacing:0.05em;text-transform:uppercase\">Adresse<\/h4>\n\n\n\n<p class=\"info adresse has-primary-color has-text-color has-link-color wp-elements-bc925ad57c3da4529c274671565823c1\" style=\"font-style:normal;font-weight:400\"><strong>Kontakt- und Beratungsstelle f\u00fcr Fl\u00fcchtlinge und Migrant_innen e.V.<\/strong><br>Oranienstrasse 159<br>10969 Berlin<\/p>\n\n\n\n<p class=\"info has-primary-color has-text-color has-link-color wp-elements-ce4a0176095653fc128b706b9478309d\">Jora me b\u00ea asteng in, ji bo mirov\u00ean k\u00eamendam j\u00ee guncaw in.<\/p>\n\n\n\n<ul class=\"wp-block-list is-style-no-bullets info has-primary-color has-text-color has-link-color wp-elements-83f31809e5f823ee98a549d8633b5383\">\n<li><img decoding=\"async\" vertical-align=\"middle\" width=\"18px\" src=\"https:\/\/bns.berlin\/wp-content\/uploads\/2023\/11\/U-Bahn.jpg\"> U-Bahn Moritzplatz (ohne Aufzug)<\/li>\n\n\n\n<li><img decoding=\"async\" vertical-align=\"middle\" width=\"18px\" src=\"https:\/\/bns.berlin\/wp-content\/uploads\/2023\/11\/U-Bahn.jpg\"> U-Bahn Kottbusser Tor (mit Aufzug)<\/li>\n\n\n\n<li><img decoding=\"async\" vertical-align=\"middle\" width=\"18px\" src=\"https:\/\/bns.berlin\/wp-content\/uploads\/2023\/11\/bus25.png\"> Bus M29 Oranienplatz<\/li>\n<\/ul>\n\n\n\n<p class=\"info has-primary-color has-text-color has-link-color wp-elements-d5d54d0c9479fa1317e3a3935b9bb8cf\"><a href=\"https:\/\/www.google.com\/maps\/dir\/\/Zentrum+%C3%9CBERLEBEN+gGmbH,+Turmstra%C3%9Fe+21,+10559+Berlin\/@52.5285438,13.3457398,17z\/data=!4m16!1m6!3m5!1s0x47a851879fbcfe85:0xcfcbd15f74ba45df!2sZentrum+%C3%9CBERLEBEN+gGmbH!8m2!3d52.5287294!4d13.3477701!4m8!1m0!1m5!1m1!1s0x47a851879fbcfe85:0xcfcbd15f74ba45df!2m2!1d13.3477701!2d52.5287294!3e3\">R\u00ea bi karta Googlemaps\u00ea:<\/a><\/p>\n\n\n\n<h4 class=\"wp-block-heading is-style-screen-reader-text has-m-font-size\" style=\"letter-spacing:0.05em;text-transform:uppercase\">Link<\/h4>\n\n\n\n<p class=\"info web has-primary-color has-text-color has-link-color wp-elements-381200d9df76c0d16f66bf1c171d1304\" style=\"font-style:normal;font-weight:400\"><strong>Li cem me Xizmet\u00ean din j\u00ee hene:<\/strong><br><a href=\"https:\/\/kub-berlin.org\/\" target=\"_blank\" rel=\"noreferrer noopener\">kub-berlin.org<\/a><\/p>\n<\/div>\n<\/div>\n<\/div>\n","protected":false},"excerpt":{"rendered":"<p>Mehr \u00fcber Kub<\/p>\n","protected":false},"author":12,"featured_media":0,"parent":6584,"menu_order":0,"comment_status":"closed","ping_status":"closed","template":"wp-custom-template-no-intro-blue-background","meta":{"_coblocks_attr":"","_coblocks_dimensions":"","_coblocks_responsive_height":"","_coblocks_accordion_ie_support":"","inline_featured_image":false,"footnotes":""},"class_list":["post-6588","page","type-page","status-publish","hentry"],"_links":{"self":[{"href":"https:\/\/bns.berlin\/kk\/wp-json\/wp\/v2\/pages\/6588","targetHints":{"allow":["GET"]}}],"collection":[{"href":"https:\/\/bns.berlin\/kk\/wp-json\/wp\/v2\/pages"}],"about":[{"href":"https:\/\/bns.berlin\/kk\/wp-json\/wp\/v2\/types\/page"}],"author":[{"embeddable":true,"href":"https:\/\/bns.berlin\/kk\/wp-json\/wp\/v2\/users\/12"}],"replies":[{"embeddable":true,"href":"https:\/\/bns.berlin\/kk\/wp-json\/wp\/v2\/comments?post=6588"}],"version-history":[{"count":1,"href":"https:\/\/bns.berlin\/kk\/wp-json\/wp\/v2\/pages\/6588\/revisions"}],"predecessor-version":[{"id":6596,"href":"https:\/\/bns.berlin\/kk\/wp-json\/wp\/v2\/pages\/6588\/revisions\/6596"}],"up":[{"embeddable":true,"href":"https:\/\/bns.berlin\/kk\/wp-json\/wp\/v2\/pages\/6584"}],"wp:attachment":[{"href":"https:\/\/bns.berlin\/kk\/wp-json\/wp\/v2\/media?parent=6588"}],"curies":[{"name":"wp","href":"https:\/\/api.w.org\/{rel}","templated":true}]}}