{"id":2299,"date":"2020-09-17T16:16:53","date_gmt":"2020-09-17T14:16:53","guid":{"rendered":"https:\/\/bns.berlin\/fuer-gefluechtete-menschen-in-berlin\/"},"modified":"2026-02-05T14:41:02","modified_gmt":"2026-02-05T13:41:02","slug":"fuer-gefluechtete-menschen-in-berlin","status":"publish","type":"page","link":"https:\/\/bns.berlin\/kk\/fuer-gefluechtete-menschen-in-berlin\/","title":{"rendered":"Ich m\u00f6chte beraten werden"},"content":{"rendered":"\n<h1 class=\"wp-block-heading is-style-screen-reader-text hasnopadding\">Ich m\u00f6chte beraten werden<\/h1>\n\n\n\n<div class=\"wp-block-columns alignfull is-not-stacked-on-mobile hasnopadding is-layout-flex wp-container-core-columns-is-layout-f0342b05 wp-block-columns-is-layout-flex\" style=\"margin-top:0;margin-bottom:0\">\n<div class=\"wp-block-column hasnopadding is-layout-flow wp-block-column-is-layout-flow\">\n<div class=\"wp-block-cover aligncenter is-light is-style-default hasnopadding\" style=\"min-height:654px;aspect-ratio:unset;\"><img loading=\"lazy\" decoding=\"async\" width=\"1740\" height=\"890\" class=\"wp-block-cover__image-background wp-image-4541\" alt=\"\" src=\"https:\/\/bns.berlin\/wp-content\/uploads\/2023\/11\/flucht_bg.jpg\" data-object-fit=\"cover\" srcset=\"https:\/\/bns.berlin\/wp-content\/uploads\/2023\/11\/flucht_bg.jpg 1740w, https:\/\/bns.berlin\/wp-content\/uploads\/2023\/11\/flucht_bg-300x153.jpg 300w, https:\/\/bns.berlin\/wp-content\/uploads\/2023\/11\/flucht_bg-1024x524.jpg 1024w, https:\/\/bns.berlin\/wp-content\/uploads\/2023\/11\/flucht_bg-768x393.jpg 768w, https:\/\/bns.berlin\/wp-content\/uploads\/2023\/11\/flucht_bg-1536x786.jpg 1536w, https:\/\/bns.berlin\/wp-content\/uploads\/2023\/11\/flucht_bg-480x246.jpg 480w\" sizes=\"auto, (max-width: 1740px) 100vw, 1740px\" \/><span aria-hidden=\"true\" class=\"wp-block-cover__background has-custom-color-2-background-color has-background-dim\"><\/span><div class=\"wp-block-cover__inner-container is-layout-flow wp-block-cover-is-layout-flow\">\n<ul style=\"margin-top:0;margin-right:0;margin-bottom:0;margin-left:0;padding-right:var(--wp--preset--spacing--l);padding-left:var(--wp--preset--spacing--l);font-style:normal;font-weight:600\" class=\"wp-block-list aligncenter is-style-no-bullets has-primary-color has-text-color has-link-color has-l-font-size wp-elements-f097a96b2ba1eef4597beb44448ce4e2\">\n<li class=\"bubble\"><a href=\"https:\/\/bns.berlin\/kk\/fuer-gefluechtete-menschen-in-berlin\/xenion-und-zentrum-uberleben\/\" data-type=\"page\" data-id=\"6602\">Ez hatime \u00ee\u015fkence dan<\/a><\/li>\n\n\n\n<li class=\"bubble\"><a href=\"https:\/\/bns.berlin\/kk\/fachstellen-ubersicht\/kub\/\" data-type=\"page\" data-id=\"6588\">Ez bi dugiyan im.<\/a><\/li>\n\n\n\n<li class=\"bubble\"><a href=\"https:\/\/bns.berlin\/kk\/fachstellen-ubersicht\/kommmit-bbz\/\" data-type=\"page\" data-id=\"6587\">Ez ji 18 sal\u00ee pi\u00e7\u00fbktir im.<\/a><\/li>\n\n\n\n<li class=\"bubble\"><a href=\"https:\/\/bns.berlin\/kk\/fachstellen-ubersicht\/kub\/\" data-type=\"page\" data-id=\"6588\">Ez jin im \u00fb zulm <br>li min di\u00eat kirin.<\/a><\/li>\n\n\n\n<li class=\"bubble\"><a href=\"https:\/\/bns.berlin\/kk\/fachstellen-ubersicht\/bzsl\/\" data-type=\"page\" data-id=\"6586\">Ez k\u00eamendam im (Handicap) <br>\u00fb di jiyana rojane de p\u00eadiviya <br>min bi al\u00eekariy\u00ea heye.<\/a><\/li>\n\n\n\n<li class=\"bubble\"><a href=\"https:\/\/bns.berlin\/kk\/fachstellen-ubersicht\/kommmit-bbz\/\" data-type=\"page\" data-id=\"6587\">Ez ji 18 sal\u00ee mezintir im \u00fb ez li j <br>\u00ear \u00e7avd\u00eariya fermangeha <br>ciwanan im \u00fb al\u00eekariy\u00ea werdigirim.<\/a><\/li>\n\n\n\n<li class=\"bubble\"><a href=\"https:\/\/bns.berlin\/kk\/fachstellen-ubersicht\/kub\/\" data-type=\"page\" data-id=\"6588\">Ez yek-semiyan im, ez z <br>arok\u00ean xwe bi ten\u00ea <br>xwed\u00ee\/perwerde dikim.<\/a><\/li>\n\n\n\n<li class=\"bubble\"><a href=\"https:\/\/bns.berlin\/kk\/fachstellen-ubersicht\/kub\/\" data-type=\"page\" data-id=\"6588\">Ez jin im \u00fb destdir\u00eaj\u00ee <br>li min hatiye kirin.<\/a><\/li>\n\n\n\n<li class=\"bubble\"><a href=\"https:\/\/bns.berlin\/kk\/fachstellen-ubersicht\/bzsl\/\" data-type=\"page\" data-id=\"6586\">Ez 61 sal\u00ee me \u00fb <br>gazindey\u00ean min (\u00ea\u015f) hene.<\/a><\/li>\n\n\n\n<li class=\"bubble\"><a href=\"https:\/\/bns.berlin\/kk\/fuer-gefluechtete-menschen-in-berlin\/kommmit-bbz-schwulenberatung-berlin-xenion-und-zentrum-uberleben\/\" data-type=\"page\" data-id=\"6601\">Gelek caran serp\u00eahatiy\u00ean<br>bi \u00ea\u015f t\u00ean b\u00eera min \u2013 bi roj \u00fb \u015f\u00eav.<\/a><\/li>\n\n\n\n<li class=\"bubble\"><a href=\"https:\/\/bns.berlin\/kk\/fachstellen-ubersicht\/schwulenberatung-berlin\/\" data-type=\"page\" data-id=\"6589\">Ez lezbiyen, gey, b\u00eeseksuel,<br>trans* &#8211; \u00fb \u00eenterseksuel<br>im * (hemzayend*)<\/a><\/li>\n\n\n\n<li class=\"bubble\"><a href=\"https:\/\/bns.berlin\/kk\/fuer-gefluechtete-menschen-in-berlin\/xenion-und-zentrum-uberleben\/\" data-type=\"page\" data-id=\"6602\">Min d\u00fbvketin d\u00eetiye<\/a><\/li>\n\n\n\n<li class=\"bubble\"><a href=\"https:\/\/bns.berlin\/kk\/fachstellen-ubersicht\/awo-kreisverband-berlin-mitte-e-v\/\" data-type=\"page\" data-id=\"6585\">Nizanim bi ku dere bi\u00e7im.<\/a><\/li>\n\n\n\n<li class=\"bubble\"><a href=\"https:\/\/bns.berlin\/kk\/fachstellen-ubersicht\/awo-kreisverband-berlin-mitte-e-v\/\" data-type=\"page\" data-id=\"6585\">Ma ez bi taybet\u00ee hewcey\u00ea parastin\u00ea me?<\/a><\/li>\n\n\n\n<li class=\"bubble\"><a href=\"https:\/\/bns.berlin\/kk\/fuer-gefluechtete-menschen-in-berlin\/schwulenberatung-berlin-xenion-und-zentrum-uberleben\/\" data-type=\"page\" data-id=\"6603\">Min zordariya giran d\u00eetiye.<\/a><\/li>\n\n\n\n<li class=\"bubble\"><a href=\"https:\/\/bns.berlin\/kk\/fuer-gefluechtete-menschen-in-berlin\/awo-kreisverband-berlin-mitte-e-v-und-bzsl\/\" data-type=\"page\" data-id=\"6600\">Min \u00ea\u015feka giran heye.<\/a><\/li>\n\n\n\n<li class=\"bubble\"><a href=\"https:\/\/bns.berlin\/kk\/fuer-gefluechtete-menschen-in-berlin\/xenion-und-zentrum-uberleben\/\" data-type=\"page\" data-id=\"6602\">Min ar\u00ee\u015fey\u00ean der\u00fbn\u00ee hene.<\/a><\/li>\n<\/ul>\n<\/div><\/div>\n<\/div>\n<\/div>\n\n\n\n<div class=\"wp-block-columns alignwide has-base-color has-secondary-background-color has-text-color has-background has-link-color wp-elements-44ba58b2c332092759bc606f68730790 is-layout-flex wp-container-core-columns-is-layout-28f84493 wp-block-columns-is-layout-flex\" style=\"border-radius:25px\">\n<div class=\"wp-block-column has-base-color has-text-color has-link-color wp-elements-b4bb5e3603f4e74846e777e300e64511 is-layout-flow wp-block-column-is-layout-flow\">\n<h2 class=\"wp-block-heading has-base-color has-text-color has-link-color has-xxl-font-size wp-elements-321844e54ae0efb6184160b81c3e1d98\">Di gav\u00ean zehmet \u00fb tengasiya de ji kerema peywendiy\u00ea bi evan cihan bike:<\/h2>\n\n\n\n<div class=\"wp-block-pb-accordion-item c-accordion__item js-accordion-item no-js invertedAkkordeon has-text-color\" data-initially-open=\"false\" data-click-to-close=\"true\" data-auto-close=\"true\" data-scroll=\"false\" data-scroll-offset=\"0\"><h3 id=\"at-22990\" class=\"c-accordion__title js-accordion-controller\" role=\"button\">\u2192 Ji bo \u00ea\u015f \u00fb gazindey\u00ean le\u015f\u00ee<\/h3><div id=\"ac-22990\" class=\"c-accordion__content\">\n<div style=\"height:50px\" aria-hidden=\"true\" class=\"wp-block-spacer\"><\/div>\n\n\n\n<p style=\"margin-right:0;margin-left:0\"><strong>Cih\u00ea p\u00ea\u015f\u00een di nexo\u015fxaney\u00ea de<\/strong><br><a href=\"http:\/\/www.gesundheitsberater-berlin.de\/kliniken\/klinikalltag\/berliner-rettungsstellen\">www.gesundheitsberater-berlin.de<\/a><\/p>\n\n\n\n<div style=\"height:50px\" aria-hidden=\"true\" class=\"wp-block-spacer\"><\/div>\n<\/div><\/div>\n\n\n\n<div class=\"wp-block-pb-accordion-item c-accordion__item js-accordion-item no-js invertedAkkordeon\" data-initially-open=\"false\" data-click-to-close=\"true\" data-auto-close=\"true\" data-scroll=\"false\" data-scroll-offset=\"0\"><h3 id=\"at-22991\" class=\"c-accordion__title js-accordion-controller\" role=\"button\">\u2192 Ji bo aloziy\u00ean der\u00fbn\u00ee, di rew\u015f\u00ean dijwar da<\/h3><div id=\"ac-22991\" class=\"c-accordion__content\">\n<div style=\"height:50px\" aria-hidden=\"true\" class=\"wp-block-spacer\"><\/div>\n\n\n\n<h4 class=\"wp-block-heading has-base-color has-text-color has-link-color wp-elements-714e85c809f6bc1ae708819b34e6b685\" style=\"font-size:1.2em\"><strong>Navenda Berl\u00een\u00ea ya xizmetkariyan di dem\u00ean<\/strong><\/h4>\n\n\n\n<p class=\"noPadding\"><strong><strong>dijwar \u00fb tengaviyan de li dervey\u00ee Berl\u00een\u00ea<\/strong><\/strong><br>Tel.: 030 \/ 39 063 00<br>Rojane ji demjim\u00ear 12\u00ea (\u015fev\u00ea) heta 8\u00ea,<br>dawiya heftey\u00ea \u00fb roj\u00ean b\u00eahnvedan\u00ea ji 8a heta 16a<\/p>\n\n\n\n<p>Krausnickstr. 12A<br>10115 Berlin<\/p>\n\n\n\n<p>Bi \u015fevane j\u00ee navenda Berlin\u00ea di xizmet daye, bi hem\u00fb jimar\u00ean <br>t\u00ealefon\u00ee dikar\u00ee yekser peywendiy\u00ea bi wan bik\u00ee (Pi\u015fti<\/p>\n\n\n\n<p>Li her taxek\u00ea Berl\u00een\u00ea b\u00fbroya<br>navenda Berl\u00een\u00ea ya xizmetkariyan heye.<\/p>\n\n\n\n<div style=\"height:50px\" aria-hidden=\"true\" class=\"wp-block-spacer\"><\/div>\n<\/div><\/div>\n\n\n\n<div class=\"wp-block-pb-accordion-item c-accordion__item js-accordion-item no-js invertedAkkordeon\" data-initially-open=\"false\" data-click-to-close=\"true\" data-auto-close=\"true\" data-scroll=\"false\" data-scroll-offset=\"0\"><h3 id=\"at-22992\" class=\"c-accordion__title js-accordion-controller\" role=\"button\">\u2192 <a href=\"https:\/\/bns.berlin\/kk\/fuer-gefluechtete-menschen-in-berlin\/#\">Dema tund \u00fb t\u00fbj\u00ee dij\u00ee jinan \u00fb zarok\u00ean wan<\/a><\/h3><div id=\"ac-22992\" class=\"c-accordion__content\">\n<div style=\"height:50px\" aria-hidden=\"true\" class=\"wp-block-spacer\"><\/div>\n\n\n\n<h4 class=\"wp-block-heading has-base-color has-text-color has-link-color wp-elements-8ce4e3f8076321c8113a7720305eaaa5\" style=\"font-size:1.2em\"><strong>BIG-Jimara telefon\u00ee li dema di tund \u00fb t\u00fbj\u00ee dinav x\u00eazan\u00ea de<\/strong><\/h4>\n\n\n\n<p><strong>Hejmara al\u00eekariy\u00ea (Hotline):<\/strong><\/p>\n\n\n\n<p>Tel.: 030 \/ 611 03 00 (24 saetan vekir\u00ee ye, heke p\u00eaw\u00eest be bi wergerandin\u00ea)<\/p>\n\n\n\n<p><strong>\u015e\u00eeretkirina mob\u00eel ya li dij\u00ee \u015f\u00eedeta malbat\u00ee:<\/strong><\/p>\n\n\n\n<p>Tel.: +49 30 611 03 01<\/p>\n\n\n\n<p><strong>\u015e\u00eeretkirina mob\u00eel ji bo penaberan &#8211; b\u00ea gir\u00eadan bi stat\u00fbya r\u00fbni\u015ftin\u00ea<\/strong><\/p>\n\n\n\n<p>Tel.: <strong>+49 30 611 03 012<\/strong><\/p>\n\n\n\n<h4 class=\"wp-block-heading has-base-color has-text-color has-link-color wp-elements-b3e2e0d8a1c40202aac3325e3bef0500\" style=\"font-size:1.2em\">LARA Hotline bei sexualisierter Gewalt<\/h4>\n\n\n\n<p>Telefon: 030 \/ 21 68 88 8<br>Montag \u2013 Freitag von 9.00 \u2013 18.00 Uhr<\/p>\n\n\n\n<h4 class=\"wp-block-heading has-base-color has-text-color has-link-color wp-elements-5ab0c19b43d09f14f3c2283beeca2853\" style=\"font-size:1.2em\">Bundesweites Hilfetelefon Gewalt gegen Frauen<\/h4>\n\n\n\n<p>Telefon: 08000 \/ 11 60 16<br>telefonische Erstberatung mit der M\u00f6glichkeit von Sprachmittlung<\/p>\n\n\n\n<h4 class=\"wp-block-heading has-base-color has-text-color has-link-color wp-elements-b23e6e180b52da94e074a377692fac22\" style=\"font-size:1.2em\"><strong>LARA- navenda taybet ji bo jinan y\u00ean t\u00fbnd \u00fb t\u00fbj\u00ee d\u00eet\u00ee.<\/strong><\/h4>\n\n\n\n<p><strong><strong>\u015e\u00eawirmendiya mob\u00eel ji bo jin\u00ean penaber<\/strong><\/strong><\/p>\n\n\n\n<ul class=\"wp-block-list is-style-no-bullets\">\n<li>Telefon: 030 \/ 21 63 02 3<\/li>\n\n\n\n<li><a href=\"mailto:mobile-beratung@lara-berlin.de\">mobile-beratung@lara-berlin.de<\/a><\/li>\n\n\n\n<li><a href=\"https:\/\/www.lara-berlin.de\">www.lara-berlin.de<\/a><\/li>\n<\/ul>\n\n\n\n<h5 class=\"wp-block-heading has-base-color has-text-color has-link-color has-m-font-size wp-elements-3947727fdf637d7f87daf45553e37c99\" style=\"text-transform:none\"><strong>Ziman<\/strong>:<\/h5>\n\n\n\n<p>Bi werg\u00ear\u00ean Elman\u00ee, \u00ceng\u00eel\u00eez\u00ee, Ereb\u00ee \u00fb y\u00ean zimane d\u00ee re<\/p>\n\n\n\n<h5 class=\"wp-block-heading has-base-color has-text-color has-link-color has-m-font-size wp-elements-fdbf766320446519a642f9fa9b5864ba\" style=\"text-transform:none\"><strong>Derfet<\/strong>: <\/h5>\n\n\n\n<p>Elman\u00ee, \u00ceng\u00eel\u00eez\u00ee, Ereb\u00ee an j\u00ee bi pi\u015ftgiriya werg\u00earan \u015f\u00eawirmendiya der\u00fbn\u00ee \u00fb civaknas\u00ee, xizmet ji bo koma, al\u00eekar\u00ee di kar\u00fbbar\u00ean saziy\u00ean m\u00eer\u00ee de \u00fb ji bo cem bij\u00eejkan hwd. Civ\u00een \u00fb dana zaniyariyan li dor mijar\u00ean cuda, al\u00eekar\u00ee di war\u00ea hiq\u00fbqa x\u00eazan\u00ea de, yasay\u00ean parastin\u00ea li hember Tund \u00fb t\u00fbjiy\u00ea \u00fb sizadan\u00ea hwd. (m\u00eena: n\u00ee\u015fandana cih\u00ean parastin\u00ea ji bo jin \u00fb zarokan, mala jina, yan j\u00ee bo bij\u00eejk \u00fb der\u00fbnnasan)<\/p>\n\n\n\n<div style=\"height:50px\" aria-hidden=\"true\" class=\"wp-block-spacer\"><\/div>\n<\/div><\/div>\n\n\n\n<div class=\"wp-block-pb-accordion-item c-accordion__item js-accordion-item no-js invertedAkkordeon\" data-initially-open=\"false\" data-click-to-close=\"true\" data-auto-close=\"true\" data-scroll=\"false\" data-scroll-offset=\"0\"><h3 id=\"at-22993\" class=\"c-accordion__title js-accordion-controller\" role=\"button\">\u2192 <a href=\"https:\/\/bns.berlin\/kk\/fuer-gefluechtete-menschen-in-berlin\/#\">Di xem \u00fb pirsgir\u00eak\u00ean zarok \u00fb ciwanan de<\/a><\/h3><div id=\"ac-22993\" class=\"c-accordion__content\">\n<div style=\"height:50px\" aria-hidden=\"true\" class=\"wp-block-spacer\"><\/div>\n\n\n\n<p><strong>Xizmetkariya hewarhatin\u00ea ya Berl\u00een\u00ea<\/strong><br>Jimara peywendiy\u00ea ji bo parastina zarokan (24 demjim\u00eara)<br>Tel.: 030 \/ 61 00 66<\/p>\n\n\n\n<div style=\"height:50px\" aria-hidden=\"true\" class=\"wp-block-spacer\"><\/div>\n<\/div><\/div>\n<\/div>\n<\/div>\n","protected":false},"excerpt":{"rendered":"<p>Ich m\u00f6chte beraten werden Di gav\u00ean zehmet \u00fb tengasiya de ji kerema peywendiy\u00ea bi evan cihan bike:<\/p>\n","protected":false},"author":1,"featured_media":0,"parent":0,"menu_order":99,"comment_status":"closed","ping_status":"closed","template":"custom-no-intro","meta":{"_coblocks_attr":"","_coblocks_dimensions":"","_coblocks_responsive_height":"","_coblocks_accordion_ie_support":"","inline_featured_image":false,"footnotes":""},"class_list":["post-2299","page","type-page","status-publish","hentry"],"_links":{"self":[{"href":"https:\/\/bns.berlin\/kk\/wp-json\/wp\/v2\/pages\/2299","targetHints":{"allow":["GET"]}}],"collection":[{"href":"https:\/\/bns.berlin\/kk\/wp-json\/wp\/v2\/pages"}],"about":[{"href":"https:\/\/bns.berlin\/kk\/wp-json\/wp\/v2\/types\/page"}],"author":[{"embeddable":true,"href":"https:\/\/bns.berlin\/kk\/wp-json\/wp\/v2\/users\/1"}],"replies":[{"embeddable":true,"href":"https:\/\/bns.berlin\/kk\/wp-json\/wp\/v2\/comments?post=2299"}],"version-history":[{"count":11,"href":"https:\/\/bns.berlin\/kk\/wp-json\/wp\/v2\/pages\/2299\/revisions"}],"predecessor-version":[{"id":9529,"href":"https:\/\/bns.berlin\/kk\/wp-json\/wp\/v2\/pages\/2299\/revisions\/9529"}],"wp:attachment":[{"href":"https:\/\/bns.berlin\/kk\/wp-json\/wp\/v2\/media?parent=2299"}],"curies":[{"name":"wp","href":"https:\/\/api.w.org\/{rel}","templated":true}]}}