{"id":2297,"date":"2020-09-14T16:42:54","date_gmt":"2020-09-14T14:42:54","guid":{"rendered":"https:\/\/bns.berlin\/startseite\/"},"modified":"2026-02-05T14:40:55","modified_gmt":"2026-02-05T13:40:55","slug":"startseite","status":"publish","type":"page","link":"https:\/\/bns.berlin\/kk\/","title":{"rendered":"R\u00fbpela destpek\u00ea"},"content":{"rendered":"\n<h1 class=\"wp-block-heading is-style-screen-reader-text\">Startseite<\/h1>\n\n\n\n<div class=\"wp-block-columns alignfull hasnopadding is-layout-flex wp-container-core-columns-is-layout-2a827f30 wp-block-columns-is-layout-flex\" style=\"margin-top:0;margin-bottom:0;padding-top:0;padding-right:var(--wp--preset--spacing--xl);padding-bottom:0;padding-left:var(--wp--preset--spacing--xl)\">\n<div class=\"wp-block-column is-style-default has-base-color has-primary-background-color has-text-color has-background has-link-color wp-elements-bd82b18498c05c5e5fe75856b202370a is-layout-flow wp-container-core-column-is-layout-3c9514c8 wp-block-column-is-layout-flow\" style=\"border-style:none;border-width:0px;border-radius:25px;margin-top:0;margin-bottom:0;padding-top:0;padding-right:0;padding-bottom:0;padding-left:0\">\n<div class=\"wp-block-group has-primary-background-color has-background is-vertical is-layout-flex wp-container-core-group-is-layout-d19d86a7 wp-block-group-is-layout-flex\" style=\"border-radius:25px;margin-top:0;margin-bottom:0;padding-top:var(--wp--preset--spacing--m);padding-right:var(--wp--preset--spacing--s);padding-bottom:var(--wp--preset--spacing--m);padding-left:var(--wp--preset--spacing--s)\">\n<p class=\"has-xxl-font-size\" style=\"padding-right:var(--wp--preset--spacing--s);padding-left:var(--wp--preset--spacing--s);line-height:1.2\"><strong>P\u00ea\u015fniyara \u015f\u00eawirmendiy\u00ea<\/strong><\/p>\n<\/div>\n\n\n\n<figure class=\"wp-block-image alignright size-large is-resized\" style=\"margin-top:0;margin-right:0;margin-bottom:0;margin-left:var(--wp--preset--spacing--content);padding-top:0;padding-right:0;padding-bottom:0;padding-left:0\"><a href=\"https:\/\/bns.berlin\/kk\/fuer-gefluechtete-menschen-in-berlin\/\"><img decoding=\"async\" src=\"https:\/\/bns.berlin\/wp-content\/uploads\/2023\/11\/arrow-small-right-white.svg\" alt=\"Ich m\u00f6chte beraten werden\" class=\"wp-image-4304\" style=\"width:122px;height:auto\"\/><\/a><\/figure>\n<\/div>\n\n\n\n<div class=\"wp-block-column is-style-default has-base-color has-primary-mixed-background-color has-text-color has-background has-link-color wp-elements-f6224ea0706f90057bf03d963f12a476 has-global-padding is-content-justification-center is-layout-constrained wp-container-core-column-is-layout-ef2a8ed2 wp-block-column-is-layout-constrained\" style=\"border-style:none;border-width:0px;border-radius:25px;margin-top:0;margin-bottom:0;padding-top:0;padding-right:0;padding-bottom:0;padding-left:0\">\n<div class=\"wp-block-group has-primary-mixed-background-color has-background is-vertical is-layout-flex wp-container-core-group-is-layout-d19d86a7 wp-block-group-is-layout-flex\" style=\"border-radius:25px;margin-top:0;margin-bottom:0;padding-top:var(--wp--preset--spacing--m);padding-right:var(--wp--preset--spacing--s);padding-bottom:var(--wp--preset--spacing--m);padding-left:var(--wp--preset--spacing--s)\">\n<p class=\"has-base-color has-text-color has-link-color has-xxl-font-size wp-elements-9926b9dfe407e7c30f20f7aa3d7852dc\" style=\"line-height:1.2\"><strong>li ser BNS<\/strong><\/p>\n<\/div>\n\n\n\n<figure class=\"wp-block-image alignright size-large is-resized\" style=\"margin-top:0;margin-right:0;margin-bottom:0;margin-left:var(--wp--preset--spacing--content);padding-top:0;padding-right:0;padding-bottom:0;padding-left:0\"><a href=\"https:\/\/bns.berlin\/bns\/\"><img decoding=\"async\" src=\"https:\/\/bns.berlin\/wp-content\/uploads\/2023\/11\/arrow-small-right-white.svg\" alt=\"\u00dcber das BNS\" class=\"wp-image-4304\" style=\"width:122px;height:auto\"\/><\/a><\/figure>\n<\/div>\n<\/div>\n\n\n\n<div class=\"wp-block-columns alignfull is-layout-flex wp-container-core-columns-is-layout-2a827f30 wp-block-columns-is-layout-flex\" style=\"margin-top:0;margin-bottom:0;padding-top:0;padding-right:var(--wp--preset--spacing--xl);padding-bottom:0;padding-left:var(--wp--preset--spacing--xl)\">\n<div class=\"wp-block-column is-style-default has-base-color has-secondary-mixed-background-color has-text-color has-background has-link-color wp-elements-d31abd9b1bf0f925b7c1be8c9cd3dfd4 has-global-padding is-layout-constrained wp-container-core-column-is-layout-1671d1b3 wp-block-column-is-layout-constrained\" style=\"border-style:none;border-width:0px;border-radius:25px;margin-top:var(--wp--preset--spacing--m);margin-bottom:var(--wp--preset--spacing--m);padding-top:0;padding-right:0;padding-bottom:0;padding-left:0\">\n<div class=\"wp-block-group has-secondary-mixed-background-color has-background is-vertical is-layout-flex wp-container-core-group-is-layout-d19d86a7 wp-block-group-is-layout-flex\" style=\"border-radius:25px;margin-top:0;margin-bottom:0;padding-top:var(--wp--preset--spacing--m);padding-right:var(--wp--preset--spacing--s);padding-bottom:var(--wp--preset--spacing--m);padding-left:var(--wp--preset--spacing--s)\">\n<h2 class=\"wp-block-heading is-style-screen-reader-text has-base-color has-text-color has-link-color wp-elements-f9b20caf69a503f8ef93d835c090d799\">Beratungsangebot BNS<\/h2>\n\n\n\n<p class=\"has-m-font-size\" style=\"line-height:1.2\">Nav\u00ea me ,,Navenda Berl\u00een\u00ea ji bo penaber\u00ean p\u00eadiv\u00ee parastina taybet.\u2018\u2018 Bi hev re em al\u00eekariy\u00ea didin mirov\u00ean xwed\u00ee rew\u015f \u00fb p\u00eadaw\u00eestiy\u00ean taybet li gor mada \u00a721 a yasaya yekitiya awrop\u00ee. Bi ziman\u00ean cuda em di xizmet da ne. Xizmeta me ya b\u00earamber e, ke wate: tu perey\u00ee nadeyi. Kar\u00ea me c\u00eey\u00ea baweriy\u00ea ye. Ke wate: em ji tu kes\u00ee re nab\u00eajin ko te peywend\u00ee bi me re kirye. \u00db ti\u015ft\u00ea tu ji me re dib\u00eaj\u00ee em ji tu kes\u00ee re a\u015fk\u00eara nakeyin, ji xeyn\u00ee ger tu bixwaz\u00ee.<\/p>\n\n\n\n<p class=\"has-m-font-size\" style=\"line-height:1.2\">Ji sala 2008\u00ea were em al\u00eekariy\u00ea \u00fb \u015f\u00eawirmendiy\u00ea didin:<\/p>\n\n\n\n<ul class=\"wp-block-list\" style=\"line-height:2\">\n<li><a href=\"https:\/\/bns.berlin\/kk\/fachstellen-ubersicht\/kommmit-bbz\/\" data-type=\"page\" data-id=\"6587\"><strong>Ciwan\u00ean li j\u00ear 18 sal\u00eey\u00ea da \u00fb b\u00eaxwed\u00ee (Zarok \u00fb sin\u00ealey\u00ean li j\u00ear 18 saliy\u00ea)<\/strong><\/a><\/li>\n\n\n\n<li><a href=\"https:\/\/bns.berlin\/kk\/fachstellen-ubersicht\/kommmit-bbz\/\" data-type=\"page\" data-id=\"6587\"><strong>Ciwan\u00ean gihi\u015ft\u00ee, 18 saliya xwe temamkir\u00ee<\/strong><\/a><\/li>\n\n\n\n<li><a href=\"https:\/\/bns.berlin\/kk\/fachstellen-ubersicht\/bzsl\/\" data-type=\"page\" data-id=\"6586\"><strong>Mirov\u00ean k\u00eamendam \u00fb p\u00eadiviy\u00ean taybet<\/strong><\/a><\/li>\n\n\n\n<li><a href=\"https:\/\/bns.berlin\/kk\/fachstellen-ubersicht\/bzsl\/\" data-type=\"page\" data-id=\"6586\"><strong>Nexwe\u015f\u00ean bi \u00ea\u015f\u00ean giran \u00fb b\u00ea\u00e7are<\/strong><\/a><\/li>\n\n\n\n<li><a href=\"https:\/\/bns.berlin\/kk\/fachstellen-ubersicht\/bzsl\/\" data-type=\"page\" data-id=\"6586\"><strong>Mirov\u00ean bi emir<\/strong><\/a><\/li>\n\n\n\n<li><a href=\"https:\/\/bns.berlin\/kk\/fachstellen-ubersicht\/kub\/\" data-type=\"page\" data-id=\"6588\"><strong>Y\u00ean bi dugiyan<\/strong><\/a><\/li>\n\n\n\n<li><a href=\"https:\/\/bns.berlin\/kk\/fachstellen-ubersicht\/kub\/\" data-type=\"page\" data-id=\"6588\"><strong>Yek-Semiyan\u00ean bi zarok\u00ean (Tekday\u00eek yan tekbav\u00ea ligel zarok\u00ean xwe y\u00ean li j\u00ear 18e saliy\u00ea de li almanyay\u00ea ye)<\/strong><\/a><\/li>\n\n\n\n<li><a href=\"https:\/\/bns.berlin\/kk\/fachstellen-ubersicht\/kub\/\" data-type=\"page\" data-id=\"6588\"><strong>Jin\u00ean bi ten\u00ea<\/strong><\/a><\/li>\n\n\n\n<li><a href=\"https:\/\/bns.berlin\/kk\/fachstellen-ubersicht\/kub\/\" data-type=\"page\" data-id=\"6588\"><strong>Jin\u00ean ko tund \u00fb t\u00fbj\u00eey\u00ea dib\u00eenin<\/strong><\/a><\/li>\n\n\n\n<li><a href=\"https:\/\/bns.berlin\/kk\/fuer-gefluechtete-menschen-in-berlin\/xenion-und-zentrum-uberleben\/\" data-type=\"page\" data-id=\"6602\"><strong>Mirov\u00ean ko li welat\u00ea xwe, li dema rev\u00eena xwe de yan j\u00ee li almanyay\u00ea tund \u00fb t\u00fbjiya le\u015f\u00ee, der\u00fbn\u00ee \u00ee\u015fkence yan j\u00ee destdir\u00eaj\u00ee d\u00eet\u00ee.<\/strong><\/a><\/li>\n\n\n\n<li><a href=\"https:\/\/bns.berlin\/kk\/fuer-gefluechtete-menschen-in-berlin\/xenion-und-zentrum-uberleben\/\" data-type=\"page\" data-id=\"6602\"><strong>Mirov\u00ean serp\u00eahatiy\u00ean ner\u00ean\u00ee derbaskiri ne<\/strong><\/a><\/li>\n\n\n\n<li><a href=\"https:\/\/bns.berlin\/kk\/fuer-gefluechtete-menschen-in-berlin\/xenion-und-zentrum-uberleben\/\" data-type=\"page\" data-id=\"6602\"><strong>Mirov\u00ean ku ji \u00ee\u015fkencey\u00ea qurtalb\u00fbn<\/strong><\/a><\/li>\n\n\n\n<li><a href=\"https:\/\/bns.berlin\/kk\/fuer-gefluechtete-menschen-in-berlin\/xenion-und-zentrum-uberleben\/\" data-type=\"page\" data-id=\"6602\"><strong>Nexwe\u015f\u00ean bi \u00ea\u015f\u00ean der\u00fbn\u00ee yan j\u00ee ar\u00ee\u015fey\u00ean der\u00fbn\u00ee<\/strong><\/a><\/li>\n\n\n\n<li><a href=\"https:\/\/bns.berlin\/kk\/fachstellen-ubersicht\/schwulenberatung-berlin\/\" data-type=\"page\" data-id=\"6589\"><strong>Geyan, lezbiyenan, b\u00eeseksuelan \u00fb trans* \u00fb \u00eenterseksuelan* (hevzayend*)<\/strong><\/a><\/li>\n<\/ul>\n<\/div>\n<\/div>\n\n\n\n<div class=\"wp-block-column is-style-default has-base-color has-base-background-color has-text-color has-background has-link-color wp-elements-a505fa4628e3bdd0aa17883cf109a2c4 is-layout-flow wp-container-core-column-is-layout-8ecafae9 wp-block-column-is-layout-flow\" style=\"border-style:none;border-width:0px;border-radius:25px;margin-top:var(--wp--preset--spacing--m);margin-bottom:var(--wp--preset--spacing--m);padding-top:0;padding-right:0;padding-bottom:0;padding-left:0\">\n<div class=\"wp-block-group has-secondary-mixed-background-color has-background is-vertical is-content-justification-left is-layout-flex wp-container-core-group-is-layout-e8ddf4a2 wp-block-group-is-layout-flex\" style=\"border-radius:25px;margin-top:0;margin-bottom:var(--wp--preset--spacing--m);padding-top:var(--wp--preset--spacing--m);padding-right:var(--wp--preset--spacing--m);padding-bottom:var(--wp--preset--spacing--m);padding-left:var(--wp--preset--spacing--m)\">\n<h2 class=\"wp-block-heading is-style-default has-base-color has-text-color has-link-color has-xl-font-size wp-elements-2273058a747be2f405221c7f75dc1d53\"><strong>Pirs\u00ean we hene?<\/strong><\/h2>\n\n\n\n<p class=\"has-xl-font-size\" style=\"line-height:1.5\"><strong>P\u00eadiviya we bi al\u00eekariya me heye?<\/strong><\/p>\n\n\n\n<p class=\"has-m-font-size\"><strong>Em li ser rew\u015fa we ya taybet bi we re diaxivin.<\/strong><\/p>\n\n\n\n<p class=\"has-m-font-size\"><strong>Em bi hev re \u00e7areseriyan digerin \u00fb bi hev re dib\u00eenin.<\/strong><\/p>\n\n\n\n<p class=\"has-m-font-size\"><strong>Em p\u00eazan\u00een\u00ean we bi neh\u00ean\u00ee werdigir\u00een.<\/strong><\/p>\n<\/div>\n\n\n\n<div class=\"wp-block-group has-secondary-mixed-background-color has-background is-vertical is-layout-flex wp-container-core-group-is-layout-d19d86a7 wp-block-group-is-layout-flex\" style=\"border-radius:25px;margin-top:0;margin-bottom:0;padding-top:var(--wp--preset--spacing--m);padding-right:var(--wp--preset--spacing--s);padding-bottom:var(--wp--preset--spacing--m);padding-left:var(--wp--preset--spacing--s)\">\n<h2 class=\"wp-block-heading has-base-color has-text-color has-link-color has-xl-font-size wp-elements-2d397a29af8f72706c6723579ce12026\" style=\"padding-right:20px;padding-left:20px;line-height:1.5\"><strong>Mixabin, em \u015f\u00eawirmendiy\u00ea nadin hem\u00fb kom\u00ean penaberan y\u00ean ku p\u00eadiviy\u00ean wan bi parastina taybet heye. Ji bo qurbaniy\u00ean bazirganiya bi mirovan em evan cih\u00ean al\u00eekariy\u00ea p\u00ea\u015fniyar dikin:<\/strong><\/h2>\n\n\n\n<h3 class=\"wp-block-heading has-base-color has-text-color has-link-color has-m-font-size wp-elements-7472c9ef54870ad2b1acd0927ee990db\" style=\"padding-right:20px;padding-left:20px;line-height:1.2\"><strong>Ban Ying e.V.<\/strong><\/h3>\n\n\n\n<p style=\"padding-right:20px;padding-left:20px\">Wek r\u00eakxistin \u00fb \u015f\u00eawirmendiy\u00ea dij\u00ee bazirganiya bi mirovan dike<br><a href=\"http:\/\/www.ban-ying.de\/\" target=\"_blank\" rel=\"noreferrer noopener\">www.ban-ying.de<\/a><\/p>\n\n\n\n<h3 class=\"wp-block-heading has-base-color has-text-color has-link-color has-m-font-size wp-elements-2db27983f5cafa4563746961272d61a1\" style=\"padding-right:20px;padding-left:20px;line-height:1.2\"><strong>In VIA<\/strong><\/h3>\n\n\n\n<p style=\"padding-right:20px;padding-left:20px\">Navenda ji bo qurbaniy\u00ean jin \u00ean tu\u015f\u00ee bazirganiya bi mirovan b\u00fby\u00een.<br><a href=\"http:\/\/www.invia-berlin.de\/\" target=\"_blank\" rel=\"noreferrer noopener\">www.invia-berlin.de<\/a><\/p>\n\n\n\n<h3 class=\"wp-block-heading has-base-color has-text-color has-link-color has-m-font-size wp-elements-41d9a581541fdb053f766398edbc9139\" style=\"padding-right:20px;padding-left:20px;line-height:1.2\"><strong>SOLWODI<\/strong><\/h3>\n\n\n\n<p style=\"padding-right:20px;padding-left:20px\"><a href=\"http:\/\/www.solwodi-berlin.de\/\" target=\"_blank\" rel=\"noreferrer noopener\">www.solwodi-berlin.de<\/a><\/p>\n<\/div>\n<\/div>\n<\/div>\n\n\n\n<hr class=\"wp-block-separator alignfull has-text-color has-primary-color has-alpha-channel-opacity has-primary-background-color has-background is-style-wide\" style=\"margin-top:var(--wp--preset--spacing--s);margin-bottom:var(--wp--preset--spacing--s)\"\/>\n","protected":false},"excerpt":{"rendered":"<p>Startseite P\u00ea\u015fniyara \u015f\u00eawirmendiy\u00ea li ser BNS Beratungsangebot BNS Nav\u00ea me ,,Navenda Berl\u00een\u00ea ji bo penaber\u00ean p\u00eadiv\u00ee parastina taybet.\u2018\u2018 Bi hev re em al\u00eekariy\u00ea didin&hellip;<\/p>\n","protected":false},"author":1,"featured_media":0,"parent":0,"menu_order":85,"comment_status":"closed","ping_status":"closed","template":"custom-no-intro","meta":{"_coblocks_attr":"","_coblocks_dimensions":"","_coblocks_responsive_height":"","_coblocks_accordion_ie_support":"","inline_featured_image":false,"footnotes":""},"class_list":["post-2297","page","type-page","status-publish","hentry"],"_links":{"self":[{"href":"https:\/\/bns.berlin\/kk\/wp-json\/wp\/v2\/pages\/2297","targetHints":{"allow":["GET"]}}],"collection":[{"href":"https:\/\/bns.berlin\/kk\/wp-json\/wp\/v2\/pages"}],"about":[{"href":"https:\/\/bns.berlin\/kk\/wp-json\/wp\/v2\/types\/page"}],"author":[{"embeddable":true,"href":"https:\/\/bns.berlin\/kk\/wp-json\/wp\/v2\/users\/1"}],"replies":[{"embeddable":true,"href":"https:\/\/bns.berlin\/kk\/wp-json\/wp\/v2\/comments?post=2297"}],"version-history":[{"count":11,"href":"https:\/\/bns.berlin\/kk\/wp-json\/wp\/v2\/pages\/2297\/revisions"}],"predecessor-version":[{"id":7159,"href":"https:\/\/bns.berlin\/kk\/wp-json\/wp\/v2\/pages\/2297\/revisions\/7159"}],"wp:attachment":[{"href":"https:\/\/bns.berlin\/kk\/wp-json\/wp\/v2\/media?parent=2297"}],"curies":[{"name":"wp","href":"https:\/\/api.w.org\/{rel}","templated":true}]}}