{"id":6033,"date":"2023-12-25T16:20:58","date_gmt":"2023-12-25T15:20:58","guid":{"rendered":"https:\/\/bns.berlin\/?page_id=6033"},"modified":"2026-02-05T14:40:42","modified_gmt":"2026-02-05T13:40:42","slug":"impressum","status":"publish","type":"page","link":"https:\/\/bns.berlin\/fr\/impressum\/","title":{"rendered":"Impressum"},"content":{"rendered":"\n<div class=\"wp-block-columns alignwide impressum is-layout-flex wp-container-core-columns-is-layout-28f84493 wp-block-columns-is-layout-flex\">\n<div class=\"wp-block-column is-layout-flow wp-block-column-is-layout-flow\" style=\"flex-basis:66%\">\n<div id=\"readspeaker_button1\" class=\"rs_skip rsbtn rs_preserve\">\n    <a rel=\"nofollow\" class=\"rsbtn_play\" title=\"Pour \u00e9couter le texte, veuillez utiliser ReadSpeaker webReader\" href=\"https:\/\/app-eu.readspeaker.com\/cgi-bin\/rsent?customerid=14400&amp;lang=de_de&amp;readclass=impressum&amp;url=https:\/\/bns.berlin\/fr\/impressum\/\">\n        <span class=\"rsbtn_left rsimg rspart\"><span class=\"rsbtn_text\"><span>\u00c9couter<\/span><\/span><\/span>\n        <span class=\"rsbtn_right rsimg rsplay rspart\"><\/span>\n    <\/a>\n<\/div>\n\n\n\n<h1 class=\"wp-block-heading has-xl-font-size\">Impressum<\/h1>\n\n\n\n<p><strong>Zentrum \u00dcBERLEBEN gGmbH<\/strong><br>GSZ Moabit<br>Haus K, Eingang C<br>Turmstra\u00dfe 21<br>D-10559 Berlin<\/p>\n\n\n\n<p>Tel.: +49 (0)30 30 39 06 -0<br>Fax: +49 (0)30 30 61 43 71<br>E-Mail: <a href=\"mailto:info@ueberleben.org\">info@ueberleben.org<\/a><\/p>\n\n\n\n<p>Gesch\u00e4ftsf\u00fchrung: Kirstin Reichert<br>Gesellschafter: \u00dcberleben Stiftung f\u00fcr Folteropfer<\/p>\n\n\n\n<p>Gr\u00fcndungsjahr: 1992 Gr\u00fcndung des Behandlungszentrum f\u00fcr Folteropfer e.V., 2016 Ausgliederung der operativen T\u00e4tigkeit in die Zentrum \u00dcBERLEBEN gGmbH<\/p>\n\n\n\n<p>Reg.-Nr. HRB 180206 B<br>Amtsgericht Berlin Charlottenburg<\/p>\n\n\n\n<p>Die K\u00f6rperschaft ist nach \u00a7 5 Abs. 1 Nr. 9 KStG von der K\u00f6rperschaftsteuer und nach \u00a7 3 Nr. 6 GewStG von der Gewerbesteuer befreit, weil sie ausschlie\u00dflich und unmittelbar steuerbeg\u00fcnstigten mildt\u00e4tigen und gemeinn\u00fctzigen Zwecken im Sinne der \u00a7\u00a7 51 ff. A0 dient.<\/p>\n\n\n\n<p><strong>Bankverbindung (Spendenkonto):<\/strong><br>GLS Bank<br>IBAN: DE32 4306 0967 1264 5130 00<br>BIC: GENODEM1GLS<\/p>\n\n\n\n<p>Inhaltlich verantwortlich gem\u00e4\u00df \u00a7 18 Abs. 2 MStV : Kirstin Reichert (Anschrift wie oben)<\/p>\n\n\n\n<p>Design:&nbsp;<a href=\"http:\/\/www.cubusberlin.com\/cubus.php\" target=\"_blank\" rel=\"noreferrer noopener\">http:\/\/www.cubusberlin.com\/cubus.php<\/a><\/p>\n\n\n\n<p>Umsetzung Barrierefreiheit und Redesign: <a href=\"https:\/\/allerlay.com\">Allerlay Wonesky Media<\/a><\/p>\n<\/div>\n\n\n\n<div class=\"wp-block-column is-layout-flow wp-block-column-is-layout-flow\" style=\"flex-basis:50%\"><\/div>\n<\/div>\n","protected":false},"excerpt":{"rendered":"<p>\u00c9couter Impressum Zentrum \u00dcBERLEBEN gGmbHGSZ MoabitHaus K, Eingang CTurmstra\u00dfe 21D-10559 Berlin Tel.: +49 (0)30 30 39 06 -0Fax: +49 (0)30 30 61 43 71E-Mail:&hellip;<\/p>\n","protected":false},"author":12,"featured_media":0,"parent":0,"menu_order":49,"comment_status":"closed","ping_status":"closed","template":"custom-no-intro","meta":{"_coblocks_attr":"","_coblocks_dimensions":"","_coblocks_responsive_height":"","_coblocks_accordion_ie_support":"","inline_featured_image":false,"footnotes":""},"class_list":["post-6033","page","type-page","status-publish","hentry"],"_links":{"self":[{"href":"https:\/\/bns.berlin\/fr\/wp-json\/wp\/v2\/pages\/6033","targetHints":{"allow":["GET"]}}],"collection":[{"href":"https:\/\/bns.berlin\/fr\/wp-json\/wp\/v2\/pages"}],"about":[{"href":"https:\/\/bns.berlin\/fr\/wp-json\/wp\/v2\/types\/page"}],"author":[{"embeddable":true,"href":"https:\/\/bns.berlin\/fr\/wp-json\/wp\/v2\/users\/12"}],"replies":[{"embeddable":true,"href":"https:\/\/bns.berlin\/fr\/wp-json\/wp\/v2\/comments?post=6033"}],"version-history":[{"count":5,"href":"https:\/\/bns.berlin\/fr\/wp-json\/wp\/v2\/pages\/6033\/revisions"}],"predecessor-version":[{"id":8309,"href":"https:\/\/bns.berlin\/fr\/wp-json\/wp\/v2\/pages\/6033\/revisions\/8309"}],"wp:attachment":[{"href":"https:\/\/bns.berlin\/fr\/wp-json\/wp\/v2\/media?parent=6033"}],"curies":[{"name":"wp","href":"https:\/\/api.w.org\/{rel}","templated":true}]}}