{"id":6014,"date":"2023-12-25T16:18:13","date_gmt":"2023-12-25T15:18:13","guid":{"rendered":"https:\/\/bns.berlin\/?page_id=6014"},"modified":"2026-02-24T17:12:46","modified_gmt":"2026-02-24T16:12:46","slug":"xenion","status":"publish","type":"page","link":"https:\/\/bns.berlin\/fr\/xenion\/","title":{"rendered":"Xenion"},"content":{"rendered":"\n<div class=\"wp-block-columns alignwide has-base-color has-primary-background-color has-text-color has-background has-link-color wp-elements-9e76ad5b95fa1c926722546df8bb91a1 is-layout-flex wp-container-core-columns-is-layout-28f84493 wp-block-columns-is-layout-flex\" style=\"border-radius:25px\">\n<div class=\"wp-block-column is-layout-flow wp-block-column-is-layout-flow\">\n<h1 class=\"wp-block-heading has-base-color has-text-color has-link-color has-xxxl-font-size wp-elements-5cccf0a92a1a1f302a7306d02208ab62\" style=\"text-transform:none\">Xenion<\/h1>\n\n\n\n<p class=\"has-l-font-size\">Centre sp\u00e9cialis\u00e9 pour les r\u00e9fugi\u00e9s traumatis\u00e9s et survivants de violences graves.<\/p>\n<\/div>\n<\/div>\n\n\n\n<h2 class=\"wp-block-heading is-style-screen-reader-text\">En savoir plus sur l&rsquo;association Xenion<\/h2>\n\n\n\n<div class=\"wp-block-columns alignwide is-layout-flex wp-container-core-columns-is-layout-28f84493 wp-block-columns-is-layout-flex\">\n<div class=\"wp-block-column is-layout-flow wp-block-column-is-layout-flow\">\n<div style=\"height:35px\" aria-hidden=\"true\" class=\"wp-block-spacer\"><\/div>\n\n\n\n<div id=\"readspeaker_button1\" class=\"rs_skip rsbtn rs_preserve\">\n    <a rel=\"nofollow\" class=\"rsbtn_play\" title=\"Pour \u00e9couter le texte, veuillez utiliser ReadSpeaker webReader\" href=\"https:\/\/app-eu.readspeaker.com\/cgi-bin\/rsent?customerid=14400&amp;lang=fr_fr&amp;readclass=xenion&amp;url=https:\/\/bns.berlin\/fr\/service-specialise\/xenion\/\">\n        <span class=\"rsbtn_left rsimg rspart\"><span class=\"rsbtn_text\"><span>\u00c9couter<\/span><\/span><\/span>\n        <span class=\"rsbtn_right rsimg rsplay rspart\"><\/span>\n    <\/a>\n<\/div>\n<\/div>\n<\/div>\n\n\n\n<div class=\"wp-block-columns alignwide xenion has-contrast-alt-color has-text-color has-link-color wp-elements-0f2c68fae03a8f7413827ca3c08dbf4c is-layout-flex wp-container-core-columns-is-layout-6944e41c wp-block-columns-is-layout-flex\" style=\"border-radius:25px;margin-top:0;margin-bottom:0;padding-top:var(--wp--preset--spacing--s);padding-right:0;padding-bottom:var(--wp--preset--spacing--s);padding-left:0\">\n<div class=\"wp-block-column is-layout-flow wp-block-column-is-layout-flow\" style=\"padding-top:var(--wp--preset--spacing--m);padding-right:0;padding-bottom:var(--wp--preset--spacing--m);padding-left:0;flex-basis:60%\">\n<div class=\"wp-block-group has-custom-color-1-background-color has-background is-vertical is-layout-flex wp-container-core-group-is-layout-cf91af71 wp-block-group-is-layout-flex\" style=\"border-radius:25px;padding-top:var(--wp--preset--spacing--s);padding-right:0;padding-bottom:var(--wp--preset--spacing--s);padding-left:0\">\n<div class=\"wp-block-columns is-layout-flex wp-container-core-columns-is-layout-28f84493 wp-block-columns-is-layout-flex\">\n<div class=\"wp-block-column is-layout-flow wp-block-column-is-layout-flow\" style=\"padding-top:var(--wp--preset--spacing--s);padding-right:var(--wp--preset--spacing--m);padding-bottom:var(--wp--preset--spacing--s);padding-left:var(--wp--preset--spacing--m)\">\n<h3 class=\"wp-block-heading has-primary-color has-text-color has-m-font-size\" style=\"letter-spacing:0.05em;text-transform:none\">Nous vous informons de vos droits et vous proposons notre assistance :<\/h3>\n\n\n\n<ul class=\"wp-block-list has-primary-color has-text-color has-link-color wp-elements-361037597e142c0890e0d9d9142014a0\">\n<li>D\u00e9roulement de la proc\u00e9dure de demande d\u2019asile<\/li>\n\n\n\n<li>Interlocuteur\/ Interlocutrices pour l\u2019audition de la demande d\u2019asile<\/li>\n\n\n\n<li>D\u00e9tresse psychologique<\/li>\n\n\n\n<li>Violences graves et asile<\/li>\n<\/ul>\n<\/div>\n<\/div>\n<\/div>\n\n\n\n<div class=\"wp-block-group has-custom-color-1-background-color has-background is-vertical is-layout-flex wp-container-core-group-is-layout-cf91af71 wp-block-group-is-layout-flex\" style=\"border-radius:25px;padding-top:var(--wp--preset--spacing--s);padding-right:0;padding-bottom:var(--wp--preset--spacing--s);padding-left:0\">\n<div class=\"wp-block-columns is-layout-flex wp-container-core-columns-is-layout-28f84493 wp-block-columns-is-layout-flex\">\n<div class=\"wp-block-column is-layout-flow wp-block-column-is-layout-flow\" style=\"padding-top:var(--wp--preset--spacing--s);padding-right:var(--wp--preset--spacing--m);padding-bottom:var(--wp--preset--spacing--s);padding-left:var(--wp--preset--spacing--m)\">\n<h3 class=\"wp-block-heading has-primary-color has-text-color has-m-font-size\" style=\"letter-spacing:0.05em;text-transform:none\">Nous d\u00e9terminons ensemble l\u2019aide qu\u2019il vous faut, par ex. :<\/h3>\n\n\n\n<ul class=\"wp-block-list has-primary-color has-text-color has-link-color wp-elements-1371dcb70f952c6a0a55ef285718a4c9\">\n<li>Aide psychoth\u00e9rapeutique<\/li>\n\n\n\n<li>Aide psychiatrique<\/li>\n\n\n\n<li>Aide psychosociale<\/li>\n\n\n\n<li>Aide \u00e0 l\u2019int\u00e9gration<\/li>\n<\/ul>\n<\/div>\n<\/div>\n<\/div>\n\n\n\n<div class=\"wp-block-group has-custom-color-1-background-color has-background is-vertical is-layout-flex wp-container-core-group-is-layout-cf91af71 wp-block-group-is-layout-flex\" style=\"border-radius:25px;padding-top:var(--wp--preset--spacing--s);padding-right:0;padding-bottom:var(--wp--preset--spacing--s);padding-left:0\">\n<div class=\"wp-block-columns is-layout-flex wp-container-core-columns-is-layout-28f84493 wp-block-columns-is-layout-flex\">\n<div class=\"wp-block-column is-layout-flow wp-block-column-is-layout-flow\" style=\"padding-top:var(--wp--preset--spacing--s);padding-right:var(--wp--preset--spacing--m);padding-bottom:var(--wp--preset--spacing--s);padding-left:var(--wp--preset--spacing--m)\">\n<h3 class=\"wp-block-heading has-primary-color has-text-color has-m-font-size\" style=\"letter-spacing:0.05em;text-transform:none\">Nous vous assistons dans vos d\u00e9marches, par ex. :<\/h3>\n\n\n\n<ul class=\"wp-block-list has-primary-color has-text-color has-link-color wp-elements-f557a46c8358aec83fce480114005c76\">\n<li>Psychoth\u00e9rapie<\/li>\n\n\n\n<li>Prestations familiales (aide \u00e0 l\u2019\u00e9ducation)<\/li>\n\n\n\n<li>Aides sociales<\/li>\n<\/ul>\n<\/div>\n<\/div>\n<\/div>\n\n\n\n<div class=\"wp-block-group has-custom-color-1-background-color has-background is-vertical is-layout-flex wp-container-core-group-is-layout-cf91af71 wp-block-group-is-layout-flex\" style=\"border-radius:25px;padding-top:var(--wp--preset--spacing--s);padding-right:0;padding-bottom:var(--wp--preset--spacing--s);padding-left:0\">\n<div class=\"wp-block-columns is-layout-flex wp-container-core-columns-is-layout-28f84493 wp-block-columns-is-layout-flex\">\n<div class=\"wp-block-column is-layout-flow wp-block-column-is-layout-flow\" style=\"padding-top:var(--wp--preset--spacing--s);padding-right:var(--wp--preset--spacing--m);padding-bottom:var(--wp--preset--spacing--s);padding-left:var(--wp--preset--spacing--m)\">\n<h3 class=\"wp-block-heading has-primary-color has-text-color has-m-font-size\" style=\"letter-spacing:0.05em;text-transform:none\">Nous vous assistons dans la communication, par ex. :<\/h3>\n\n\n\n<ul class=\"wp-block-list has-primary-color has-text-color has-link-color wp-elements-85a9b52ce2b95253c1238bbc0aa881e2\">\n<li>LAF<\/li>\n\n\n\n<li>Offices d\u2019arrondissement<\/li>\n\n\n\n<li>Service de l\u00b4immigration<\/li>\n\n\n\n<li>BAMF<\/li>\n<\/ul>\n<\/div>\n<\/div>\n<\/div>\n\n\n\n<div class=\"wp-block-group has-custom-color-1-background-color has-background is-vertical is-layout-flex wp-container-core-group-is-layout-cf91af71 wp-block-group-is-layout-flex\" style=\"border-radius:25px;padding-top:var(--wp--preset--spacing--s);padding-right:0;padding-bottom:var(--wp--preset--spacing--s);padding-left:0\">\n<div class=\"wp-block-columns is-layout-flex wp-container-core-columns-is-layout-28f84493 wp-block-columns-is-layout-flex\">\n<div class=\"wp-block-column is-layout-flow wp-block-column-is-layout-flow\" style=\"padding-top:var(--wp--preset--spacing--s);padding-right:var(--wp--preset--spacing--m);padding-bottom:var(--wp--preset--spacing--s);padding-left:var(--wp--preset--spacing--m)\">\n<p class=\"has-primary-color has-text-color has-m-font-size\"><strong><strong><strong>Nous vous conseillons quant \u00e0 votre situation d\u2019h\u00e9bergement (place en foyer).<\/strong><\/strong><\/strong><\/p>\n<\/div>\n<\/div>\n<\/div>\n\n\n\n<div class=\"wp-block-group has-custom-color-1-background-color has-background is-vertical is-layout-flex wp-container-core-group-is-layout-cf91af71 wp-block-group-is-layout-flex\" style=\"border-radius:25px;padding-top:var(--wp--preset--spacing--s);padding-right:0;padding-bottom:var(--wp--preset--spacing--s);padding-left:0\">\n<div class=\"wp-block-columns is-layout-flex wp-container-core-columns-is-layout-28f84493 wp-block-columns-is-layout-flex\">\n<div class=\"wp-block-column is-layout-flow wp-block-column-is-layout-flow\" style=\"padding-top:var(--wp--preset--spacing--s);padding-right:var(--wp--preset--spacing--m);padding-bottom:var(--wp--preset--spacing--s);padding-left:var(--wp--preset--spacing--m)\">\n<p class=\"has-primary-color has-text-color has-m-font-size\"><strong><strong><strong>Nous vous dirigeons vers des offres sociales, juridiques et sanitaires, si vous le souhaitez.<\/strong><\/strong><\/strong><\/p>\n<\/div>\n<\/div>\n<\/div>\n\n\n\n<div class=\"wp-block-group has-border-color has-custom-color-2-border-color has-base-background-color has-background is-vertical is-layout-flex wp-container-core-group-is-layout-cf91af71 wp-block-group-is-layout-flex\" style=\"border-width:3px;border-radius:25px;padding-top:var(--wp--preset--spacing--s);padding-right:0;padding-bottom:var(--wp--preset--spacing--s);padding-left:0\">\n<div class=\"wp-block-columns is-layout-flex wp-container-core-columns-is-layout-28f84493 wp-block-columns-is-layout-flex\">\n<div class=\"wp-block-column is-layout-flow wp-block-column-is-layout-flow\" style=\"padding-top:var(--wp--preset--spacing--s);padding-right:var(--wp--preset--spacing--m);padding-bottom:var(--wp--preset--spacing--s);padding-left:var(--wp--preset--spacing--m)\">\n<figure class=\"wp-block-image size-full is-resized\"><img loading=\"lazy\" decoding=\"async\" width=\"472\" height=\"591\" src=\"https:\/\/bns.berlin\/wp-content\/uploads\/2023\/11\/xenion_logo_neu.png\" alt=\"\" class=\"wp-image-9714\" style=\"width:123px\" srcset=\"https:\/\/bns.berlin\/wp-content\/uploads\/2023\/11\/xenion_logo_neu.png 472w, https:\/\/bns.berlin\/wp-content\/uploads\/2023\/11\/xenion_logo_neu-240x300.png 240w\" sizes=\"auto, (max-width: 472px) 100vw, 472px\" \/><\/figure>\n<\/div>\n<\/div>\n<\/div>\n<\/div>\n\n\n\n<div class=\"wp-block-column is-layout-flow wp-block-column-is-layout-flow\" style=\"padding-top:var(--wp--preset--spacing--m);padding-bottom:var(--wp--preset--spacing--m)\">\n<div class=\"wp-block-group has-border-color has-custom-color-2-border-color has-base-background-color has-background is-vertical is-layout-flex wp-container-core-group-is-layout-aedf0d0a wp-block-group-is-layout-flex\" style=\"border-width:3px;border-radius:25px;padding-top:var(--wp--preset--spacing--m);padding-right:var(--wp--preset--spacing--s);padding-bottom:var(--wp--preset--spacing--m);padding-left:var(--wp--preset--spacing--s)\">\n<h3 class=\"wp-block-heading is-style-screen-reader-text\" style=\"text-transform:none\">Contact Xenion<\/h3>\n\n\n\n<p class=\"info termine has-primary-color has-text-color has-link-color has-m-font-size wp-elements-c8c826f98ae95c69c0de841b5d71ee89\" style=\"font-style:normal;font-weight:500\"><strong>Contactez-nous et dites-nous ce dont vous avez besoin.<\/strong><br><strong>Les rendez-vous doivent \u00eatre pris par t\u00e9l\u00e9phone ou par e-mail :<\/strong><\/p>\n\n\n\n<h4 class=\"wp-block-heading is-style-screen-reader-text has-m-font-size\" style=\"letter-spacing:0.05em;text-transform:uppercase\">Telephone<\/h4>\n\n\n\n<ul class=\"wp-block-list info telefon is-style-no-bullets has-primary-color has-text-color has-link-color wp-elements-cabea5a8357fb654cffa9f5971d61539\">\n<li><a href=\"tel:+4930880667322\"><strong>030 \/ 880 66 73 22<\/strong><\/a><\/li>\n\n\n\n<li>Lundi au jeudi<\/li>\n\n\n\n<li>10 \u00e0 12 heures<\/li>\n<\/ul>\n\n\n\n<h4 class=\"wp-block-heading is-style-screen-reader-text has-m-font-size\" style=\"letter-spacing:0.05em;text-transform:uppercase\">EMail<\/h4>\n\n\n\n<ul style=\"color:#005ba8\" class=\"wp-block-list info email is-style-no-bullets\">\n<li><strong>Demandes de consultation:<\/strong><br><a href=\"mailto:info@xenion.org\">info@xenion.org<\/a><\/li>\n\n\n\n<li><strong>Coordination du projet:<\/strong><br><a href=\"mailto:bns@xenion.org\">bns@xenion.org<\/a><\/li>\n<\/ul>\n\n\n\n<h4 class=\"wp-block-heading is-style-screen-reader-text has-m-font-size\" style=\"letter-spacing:0.05em;text-transform:uppercase\">Linguistic mediation<\/h4>\n\n\n\n<p class=\"info sprache has-primary-color has-text-color has-link-color wp-elements-18d901538af5ef7c43e8c71f52de07ce\" style=\"font-style:normal;font-weight:500\"><strong><strong><strong>Nous vous assistons dans plusieurs langues.<\/strong><\/strong><\/strong><\/p>\n\n\n\n<p class=\"info has-primary-color has-text-color has-link-color wp-elements-b884bc7491c31e96dc6f4aafd3ca08a8\" style=\"font-style:normal;font-weight:400\">Si vous le souhaitez, nous pouvons \u00e9galement vous conseiller de mani\u00e8re anonyme. Dans ce cas, vous n\u2019avez pas \u00e0 nous donner votre nom.<\/p>\n\n\n\n<h4 class=\"wp-block-heading is-style-screen-reader-text has-m-font-size\" style=\"letter-spacing:0.05em;text-transform:uppercase\">Adress<\/h4>\n\n\n\n<p class=\"info adresse has-primary-color has-text-color has-link-color wp-elements-809b457a5ef226630f52ec23eccb07e0\" style=\"font-style:normal;font-weight:400\"><strong>Xenion &#8211; Psychosoziale Hilfen f\ufffdr politisch Verfolgte e.V.<\/strong><br>Paulsenstrasse 55\/56<br>12163 Berlin<\/p>\n\n\n\n<p class=\"info has-primary-color has-text-color has-link-color wp-elements-ad5862dea7bb1ebb8fe338ddd06102d0\" style=\"font-style:normal;font-weight:400\">Dudenstra\ufffde 78<br>10965 Berlin<\/p>\n\n\n\n<p class=\"info has-primary-color has-text-color has-link-color wp-elements-7977308a6de9f2dd5b5962756649b25c\">Nos locaux sont accessibles aux personnes \u00e0 mobilit\u00e9 r\u00e9duite.<\/p>\n\n\n\n<ul class=\"wp-block-list is-style-no-bullets info has-primary-color has-text-color has-link-color wp-elements-ba138c756ab4c5187ee494d2edac6be7\">\n<li style=\"margin-top:0;margin-bottom:0\"><img decoding=\"async\" vertical-align=\"middle\" src=\"https:\/\/bns.berlin\/wp-content\/uploads\/2023\/11\/S-Bahn.png\" width=\"18px\"> S-Bahn Rathaus Steglitz<\/li>\n\n\n\n<li><img decoding=\"async\" vertical-align=\"middle\" src=\"https:\/\/bns.berlin\/wp-content\/uploads\/2023\/11\/U-Bahn.jpg\" width=\"18px\"> U-Bahn Rathaus Steglitz<\/li>\n\n\n\n<li><img decoding=\"async\" vertical-align=\"middle\" width=\"18px\" src=\"https:\/\/bns.berlin\/wp-content\/uploads\/2023\/11\/bus25.png\"> Bus X83 Schmidt-Ott-Stra\u00dfe<\/li>\n<\/ul>\n\n\n\n<h4 class=\"wp-block-heading is-style-screen-reader-text has-m-font-size\" style=\"letter-spacing:0.05em;text-transform:uppercase\">Link<\/h4>\n\n\n\n<p class=\"info web has-primary-color has-text-color has-link-color wp-elements-174b8ff74f9fe789cd7289855f2f8653\" style=\"font-style:normal;font-weight:400\"><strong>Retrouvez nos offres additionnelles dans notre organisation sur :<\/strong><br><a href=\"http:\/\/www.xenion.org\/\" target=\"_blank\" rel=\"noreferrer noopener\">www.xenion.org<\/a><\/p>\n<\/div>\n<\/div>\n<\/div>\n","protected":false},"excerpt":{"rendered":"<p>En savoir plus sur l&rsquo;association Xenion \u00c9couter<\/p>\n","protected":false},"author":12,"featured_media":0,"parent":0,"menu_order":0,"comment_status":"closed","ping_status":"closed","template":"wp-custom-template-no-intro-blue-background","meta":{"_coblocks_attr":"","_coblocks_dimensions":"","_coblocks_responsive_height":"","_coblocks_accordion_ie_support":"","inline_featured_image":false,"footnotes":""},"class_list":["post-6014","page","type-page","status-publish","hentry"],"_links":{"self":[{"href":"https:\/\/bns.berlin\/fr\/wp-json\/wp\/v2\/pages\/6014","targetHints":{"allow":["GET"]}}],"collection":[{"href":"https:\/\/bns.berlin\/fr\/wp-json\/wp\/v2\/pages"}],"about":[{"href":"https:\/\/bns.berlin\/fr\/wp-json\/wp\/v2\/types\/page"}],"author":[{"embeddable":true,"href":"https:\/\/bns.berlin\/fr\/wp-json\/wp\/v2\/users\/12"}],"replies":[{"embeddable":true,"href":"https:\/\/bns.berlin\/fr\/wp-json\/wp\/v2\/comments?post=6014"}],"version-history":[{"count":3,"href":"https:\/\/bns.berlin\/fr\/wp-json\/wp\/v2\/pages\/6014\/revisions"}],"predecessor-version":[{"id":7455,"href":"https:\/\/bns.berlin\/fr\/wp-json\/wp\/v2\/pages\/6014\/revisions\/7455"}],"wp:attachment":[{"href":"https:\/\/bns.berlin\/fr\/wp-json\/wp\/v2\/media?parent=6014"}],"curies":[{"name":"wp","href":"https:\/\/api.w.org\/{rel}","templated":true}]}}