{"id":6013,"date":"2023-12-25T16:17:58","date_gmt":"2023-12-25T15:17:58","guid":{"rendered":"https:\/\/bns.berlin\/?page_id=6013"},"modified":"2024-05-25T21:48:24","modified_gmt":"2024-05-25T19:48:24","slug":"schwulenberatung-berlin","status":"publish","type":"page","link":"https:\/\/bns.berlin\/fr\/schwulenberatung-berlin\/","title":{"rendered":"Schwulenberatung Berlin"},"content":{"rendered":"\n<div class=\"wp-block-columns alignwide has-base-color has-primary-background-color has-text-color has-background has-link-color wp-elements-04660f1ed8d23f512cad0ac32364ddbb is-layout-flex wp-container-core-columns-is-layout-28f84493 wp-block-columns-is-layout-flex\" style=\"border-radius:25px\">\n<div class=\"wp-block-column is-layout-flow wp-block-column-is-layout-flow\">\n<h1 class=\"wp-block-heading has-base-color has-text-color has-link-color has-xxxl-font-size wp-elements-548bac800e8b049acc8d31bc596b7079\" style=\"text-transform:none\">Schwulenberatung Berlin<\/h1>\n\n\n\n<p class=\"has-l-font-size\">Service sp\u00e9cialis\u00e9 pour les r\u00e9fugi\u00e9.es LGBTI*<\/p>\n<\/div>\n<\/div>\n\n\n\n<h2 class=\"wp-block-heading is-style-screen-reader-text\">En savoir plus sur l&rsquo;association Schwulenberatung Berlin<\/h2>\n\n\n\n<div class=\"wp-block-columns alignwide is-layout-flex wp-container-core-columns-is-layout-28f84493 wp-block-columns-is-layout-flex\">\n<div class=\"wp-block-column is-layout-flow wp-block-column-is-layout-flow\">\n<div style=\"height:35px\" aria-hidden=\"true\" class=\"wp-block-spacer\"><\/div>\n\n\n\n<div id=\"readspeaker_button1\" class=\"rs_skip rsbtn rs_preserve\">\n    <a rel=\"nofollow\" class=\"rsbtn_play\" title=\"Pour \u00e9couter le texte, veuillez utiliser ReadSpeaker webReader\" href=\"https:\/\/app-eu.readspeaker.com\/cgi-bin\/rsent?customerid=14400&amp;lang=fr_fr&amp;readclass=schwulenberatung&amp;url=https:\/\/bns.berlin\/fr\/service-specialise\/schwulenberatung-berlin\/\">\n        <span class=\"rsbtn_left rsimg rspart\"><span class=\"rsbtn_text\"><span>\u00c9couter<\/span><\/span><\/span>\n        <span class=\"rsbtn_right rsimg rsplay rspart\"><\/span>\n    <\/a>\n<\/div>\n<\/div>\n<\/div>\n\n\n\n<div class=\"wp-block-columns alignwide schwulenberatung has-contrast-alt-color has-text-color has-link-color wp-elements-e3989197403e4ae4de1349f95d5446e6 is-layout-flex wp-container-core-columns-is-layout-6944e41c wp-block-columns-is-layout-flex\" style=\"border-radius:25px;margin-top:0;margin-bottom:0;padding-top:var(--wp--preset--spacing--s);padding-right:0;padding-bottom:var(--wp--preset--spacing--s);padding-left:0\">\n<div class=\"wp-block-column is-layout-flow wp-block-column-is-layout-flow\" style=\"padding-top:var(--wp--preset--spacing--m);padding-right:0;padding-bottom:var(--wp--preset--spacing--m);padding-left:0;flex-basis:60%\">\n<div class=\"wp-block-group has-custom-color-1-background-color has-background is-vertical is-layout-flex wp-container-core-group-is-layout-cf91af71 wp-block-group-is-layout-flex\" style=\"border-radius:25px;padding-top:var(--wp--preset--spacing--s);padding-right:0;padding-bottom:var(--wp--preset--spacing--s);padding-left:0\">\n<div class=\"wp-block-columns is-layout-flex wp-container-core-columns-is-layout-28f84493 wp-block-columns-is-layout-flex\">\n<div class=\"wp-block-column is-layout-flow wp-block-column-is-layout-flow\" style=\"padding-top:var(--wp--preset--spacing--s);padding-right:var(--wp--preset--spacing--m);padding-bottom:var(--wp--preset--spacing--s);padding-left:var(--wp--preset--spacing--m)\">\n<h3 class=\"wp-block-heading has-primary-color has-text-color has-m-font-size\" style=\"letter-spacing:0.05em;text-transform:none\">Nous vous informons de vos droits et vous proposons notre assistance, par ex. :<\/h3>\n\n\n\n<ul class=\"has-primary-color has-text-color has-link-color wp-block-list wp-elements-5c65e40d921943793c1f1034550f71f7\">\n<li>D\u00e9roulement de la proc\u00e9dure de demande d\u2019asile<\/li>\n\n\n\n<li>Interlocuteur\/ Interlocutrices pour la audition dans le demande d\u2019asile<\/li>\n\n\n\n<li>Droit de s\u00e9jour<\/li>\n\n\n\n<li>Discrimination<\/li>\n<\/ul>\n<\/div>\n<\/div>\n<\/div>\n\n\n\n<div class=\"wp-block-group has-custom-color-1-background-color has-background is-vertical is-layout-flex wp-container-core-group-is-layout-cf91af71 wp-block-group-is-layout-flex\" style=\"border-radius:25px;padding-top:var(--wp--preset--spacing--s);padding-right:0;padding-bottom:var(--wp--preset--spacing--s);padding-left:0\">\n<div class=\"wp-block-columns is-layout-flex wp-container-core-columns-is-layout-28f84493 wp-block-columns-is-layout-flex\">\n<div class=\"wp-block-column is-layout-flow wp-block-column-is-layout-flow\" style=\"padding-top:var(--wp--preset--spacing--s);padding-right:var(--wp--preset--spacing--m);padding-bottom:var(--wp--preset--spacing--s);padding-left:var(--wp--preset--spacing--m)\">\n<h3 class=\"wp-block-heading has-primary-color has-text-color has-m-font-size\" style=\"letter-spacing:0.05em;text-transform:none\">Nous d\u00e9terminons ensemble l\u2019aide qu\u2019il vous faut, par ex. :<\/h3>\n\n\n\n<ul class=\"has-primary-color has-text-color has-link-color wp-block-list wp-elements-d89a7712e26fcf415c402858bbec5841\">\n<li>Assistance juridique<\/li>\n\n\n\n<li>Consultation psychologique<\/li>\n\n\n\n<li>Consultation sociale<\/li>\n\n\n\n<li>Aide \u00e0 l\u2019int\u00e9gration<\/li>\n\n\n\n<li>L\u2019orientation professionnelle et l\u2019information sur l\u2019\u00e9ducation<\/li>\n\n\n\n<li>Sant\u00e9 sexuelle et soins m\u00e9dicaux , respectueuses des questions LGBTI*<\/li>\n<\/ul>\n<\/div>\n<\/div>\n<\/div>\n\n\n\n<div class=\"wp-block-group has-custom-color-1-background-color has-background is-vertical is-layout-flex wp-container-core-group-is-layout-cf91af71 wp-block-group-is-layout-flex\" style=\"border-radius:25px;padding-top:var(--wp--preset--spacing--s);padding-right:0;padding-bottom:var(--wp--preset--spacing--s);padding-left:0\">\n<div class=\"wp-block-columns is-layout-flex wp-container-core-columns-is-layout-28f84493 wp-block-columns-is-layout-flex\">\n<div class=\"wp-block-column is-layout-flow wp-block-column-is-layout-flow\" style=\"padding-top:var(--wp--preset--spacing--s);padding-right:var(--wp--preset--spacing--m);padding-bottom:var(--wp--preset--spacing--s);padding-left:var(--wp--preset--spacing--m)\">\n<h3 class=\"wp-block-heading has-primary-color has-text-color has-m-font-size\" style=\"letter-spacing:0.05em;text-transform:none\">Nous vous assistons dans vos d\u00e9marches, par ex. :<\/h3>\n\n\n\n<ul class=\"has-primary-color has-text-color has-link-color wp-block-list wp-elements-e881db5e2c11899f342e141aa5937862\">\n<li>Aides sociales<\/li>\n\n\n\n<li>Psychoth\u00e9rapie<\/li>\n\n\n\n<li>Demande d\u2019asile<\/li>\n<\/ul>\n<\/div>\n<\/div>\n<\/div>\n\n\n\n<div class=\"wp-block-group has-custom-color-1-background-color has-background is-vertical is-layout-flex wp-container-core-group-is-layout-cf91af71 wp-block-group-is-layout-flex\" style=\"border-radius:25px;padding-top:var(--wp--preset--spacing--s);padding-right:0;padding-bottom:var(--wp--preset--spacing--s);padding-left:0\">\n<div class=\"wp-block-columns is-layout-flex wp-container-core-columns-is-layout-28f84493 wp-block-columns-is-layout-flex\">\n<div class=\"wp-block-column is-layout-flow wp-block-column-is-layout-flow\" style=\"padding-top:var(--wp--preset--spacing--s);padding-right:var(--wp--preset--spacing--m);padding-bottom:var(--wp--preset--spacing--s);padding-left:var(--wp--preset--spacing--m)\">\n<h3 class=\"wp-block-heading has-primary-color has-text-color has-m-font-size\" style=\"letter-spacing:0.05em;text-transform:none\">Nous vous assistons dans la communication, par ex. :<\/h3>\n\n\n\n<ul class=\"has-primary-color has-text-color has-link-color wp-block-list wp-elements-7e375cb067b37c0160d70cdb0dd0fa3a\">\n<li>LAF<\/li>\n\n\n\n<li>Administration locale<\/li>\n\n\n\n<li>Services charg\u00e9s des r\u00e9fugi\u00e9s<\/li>\n\n\n\n<li>BAMF<\/li>\n\n\n\n<li>Jobcenter (Agence pour l\u2019emploi)<\/li>\n<\/ul>\n<\/div>\n<\/div>\n<\/div>\n\n\n\n<div class=\"wp-block-group has-custom-color-1-background-color has-background is-vertical is-layout-flex wp-container-core-group-is-layout-cf91af71 wp-block-group-is-layout-flex\" style=\"border-radius:25px;padding-top:var(--wp--preset--spacing--s);padding-right:0;padding-bottom:var(--wp--preset--spacing--s);padding-left:0\">\n<div class=\"wp-block-columns is-layout-flex wp-container-core-columns-is-layout-28f84493 wp-block-columns-is-layout-flex\">\n<div class=\"wp-block-column is-layout-flow wp-block-column-is-layout-flow\" style=\"padding-top:var(--wp--preset--spacing--s);padding-right:var(--wp--preset--spacing--m);padding-bottom:var(--wp--preset--spacing--s);padding-left:var(--wp--preset--spacing--m)\">\n<p class=\"has-primary-color has-text-color has-m-font-size\"><strong>Nous pouvons vous accueillir dans notre foyer d\u2019h\u00e9bergement pour r\u00e9fugi\u00e9.es lesbiennes, gays, bisexuel.les, trans* et inter*, si vous le souhaitez.<\/strong><\/p>\n<\/div>\n<\/div>\n<\/div>\n\n\n\n<div class=\"wp-block-group has-custom-color-1-background-color has-background is-vertical is-layout-flex wp-container-core-group-is-layout-cf91af71 wp-block-group-is-layout-flex\" style=\"border-radius:25px;padding-top:var(--wp--preset--spacing--s);padding-right:0;padding-bottom:var(--wp--preset--spacing--s);padding-left:0\">\n<div class=\"wp-block-columns is-layout-flex wp-container-core-columns-is-layout-28f84493 wp-block-columns-is-layout-flex\">\n<div class=\"wp-block-column is-layout-flow wp-block-column-is-layout-flow\" style=\"padding-top:var(--wp--preset--spacing--s);padding-right:var(--wp--preset--spacing--m);padding-bottom:var(--wp--preset--spacing--s);padding-left:var(--wp--preset--spacing--m)\">\n<p class=\"has-primary-color has-text-color has-m-font-size\"><strong><strong>Nous vous dirigeons vers des offres sociales, juridiques et sanitaires, respectueuses des questions LGBTI*, si vous le souhaitez.<\/strong><\/strong><\/p>\n<\/div>\n<\/div>\n<\/div>\n\n\n\n<div class=\"wp-block-group has-border-color has-custom-color-2-border-color has-base-background-color has-background is-vertical is-layout-flex wp-container-core-group-is-layout-cf91af71 wp-block-group-is-layout-flex\" style=\"border-width:3px;border-radius:25px;padding-top:var(--wp--preset--spacing--s);padding-right:0;padding-bottom:var(--wp--preset--spacing--s);padding-left:0\">\n<div class=\"wp-block-columns is-layout-flex wp-container-core-columns-is-layout-28f84493 wp-block-columns-is-layout-flex\">\n<div class=\"wp-block-column is-layout-flow wp-block-column-is-layout-flow\" style=\"padding-top:var(--wp--preset--spacing--s);padding-right:var(--wp--preset--spacing--m);padding-bottom:var(--wp--preset--spacing--s);padding-left:var(--wp--preset--spacing--m)\">\n<figure class=\"wp-block-image size-full is-resized\"><img loading=\"lazy\" decoding=\"async\" width=\"550\" height=\"528\" src=\"https:\/\/bns.berlin\/wp-content\/uploads\/2023\/11\/Schwulenberatung_Logo.png\" alt=\"Logo Schwulenberatung Berlin\" class=\"wp-image-4994\" style=\"width:230px\" srcset=\"https:\/\/bns.berlin\/wp-content\/uploads\/2023\/11\/Schwulenberatung_Logo.png 550w, https:\/\/bns.berlin\/wp-content\/uploads\/2023\/11\/Schwulenberatung_Logo-300x288.png 300w, https:\/\/bns.berlin\/wp-content\/uploads\/2023\/11\/Schwulenberatung_Logo-480x461.png 480w\" sizes=\"auto, (max-width: 550px) 100vw, 550px\" \/><\/figure>\n<\/div>\n<\/div>\n<\/div>\n<\/div>\n\n\n\n<div class=\"wp-block-column is-layout-flow wp-block-column-is-layout-flow\" style=\"padding-top:var(--wp--preset--spacing--m);padding-bottom:var(--wp--preset--spacing--m)\">\n<div class=\"wp-block-group has-border-color has-custom-color-2-border-color has-base-background-color has-background is-vertical is-layout-flex wp-container-core-group-is-layout-aedf0d0a wp-block-group-is-layout-flex\" style=\"border-width:3px;border-radius:25px;padding-top:var(--wp--preset--spacing--m);padding-right:var(--wp--preset--spacing--s);padding-bottom:var(--wp--preset--spacing--m);padding-left:var(--wp--preset--spacing--s)\">\n<h3 class=\"wp-block-heading is-style-screen-reader-text\" style=\"text-transform:none\">Contact Schwulenberatung Berlin<\/h3>\n\n\n\n<p class=\"info termine has-primary-color has-text-color has-link-color has-m-font-size wp-elements-4debec68917935243eb26f1ac889d6cd\" style=\"font-style:normal;font-weight:500\"><strong><strong>Consultations sans rendez-vous tous les mardis et les vendredis de 14h00 \u00e0 18h00 dans le \u00bb caf\u00e9 Kuchus \u00bb<\/strong><\/strong><\/p>\n\n\n\n<h4 class=\"wp-block-heading is-style-screen-reader-text has-m-font-size\" style=\"letter-spacing:0.05em;text-transform:uppercase\">T\u00e9l\u00e9phone<\/h4>\n\n\n\n<p class=\"info telefon has-primary-color has-text-color has-link-color wp-elements-1eb21c31397debd18098add670952e8f\" style=\"font-style:normal;font-weight:400\">Si vous ne pouvez pas venir pendant ces heures d\u00b4ouverture, veuillez prendre rendez-vous par e-mail.<\/p>\n\n\n\n<h4 class=\"wp-block-heading is-style-screen-reader-text has-m-font-size\" style=\"letter-spacing:0.05em;text-transform:uppercase\">E-Mail<\/h4>\n\n\n\n<p class=\"info email has-primary-color has-text-color has-link-color wp-elements-36900ce5cb1bb8470433a24aaf7eb24a\" style=\"font-style:normal;font-weight:400\"><a href=\"mailto:refugees@sbberlin.info\">refugees@sbberlin.info<\/a><\/p>\n\n\n\n<h4 class=\"wp-block-heading is-style-screen-reader-text has-m-font-size\" style=\"letter-spacing:0.05em;text-transform:uppercase\">M\u00e9diation linguistique<\/h4>\n\n\n\n<p class=\"info sprache has-primary-color has-text-color has-link-color wp-elements-04acb5addee1ec5f7290b457d493a6b5\" style=\"font-style:normal;font-weight:500\"><strong><strong><strong>Nous vous assistons dans les langues suivantes&nbsp;:<\/strong><\/strong><\/strong><\/p>\n\n\n\n<p class=\"info has-primary-color has-text-color has-link-color wp-elements-2462a197f94dc2f4acc17aeb78ef9e1d\">anglais, fran\u00e7ais, russe, arabe, dari\/farsi.<\/p>\n\n\n\n<p class=\"info has-primary-color has-text-color has-link-color wp-elements-c0dd6c586020fd6435c0f4b71a2a39ff\">D\u2019autres langues sont disponibles sur demande.<\/p>\n\n\n\n<p class=\"info has-primary-color has-text-color has-link-color wp-elements-4c69a868a5590d3b0e210eededa34990\" style=\"font-style:normal;font-weight:400\">Si vous le souhaitez, nous pouvons \u00e9galement vous conseiller de mani\u00e8re anonyme. Dans ce cas, vous n\u2019avez pas \u00e0 nous donner votre nom.<\/p>\n\n\n\n<h4 class=\"wp-block-heading is-style-screen-reader-text has-m-font-size\" style=\"letter-spacing:0.05em;text-transform:uppercase\">Adresse<\/h4>\n\n\n\n<p class=\"info adresse has-primary-color has-text-color has-link-color wp-elements-99983ad55fcfec074a8edc57743a0f49\" style=\"font-style:normal;font-weight:400\"><strong>Schwulenberatung Berlin gGmbH<\/strong><br>Wilhelmstrasse 115<br>10963 Berlin<\/p>\n\n\n\n<p class=\"info has-primary-color has-text-color has-link-color wp-elements-e3a137f82fe3ec17cf7f6d9bc7eb70f1\">Les heures de consultation ouvertes dans le \u00ab&nbsp;caf\u00e9 Kuchus&nbsp;\u00bb sont sans obstacles. \u00c9tant donn\u00e9 que nos salles de consultations ne sont pas tous sans obstables, veuillez nous informer en avance de vos besoins, lorsque que vous prendriez rendez-vous chez nous. Nos pouvons alors r\u00e9server une salle adapt\u00e9e pour la consultation.<\/p>\n\n\n\n<ul class=\"is-style-no-bullets info has-primary-color has-text-color has-link-color wp-block-list wp-elements-a5af3441e3911d17dd4f924e1aaa5327\">\n<li style=\"margin-top:0;margin-bottom:0\"><img decoding=\"async\" vertical-align=\"middle\" width=\"18px\" src=\"https:\/\/bns.berlin\/wp-content\/uploads\/2023\/11\/S-Bahn.png\"> S-Bahn Anhalter Bahnhof<\/li>\n\n\n\n<li><img decoding=\"async\" vertical-align=\"middle\" width=\"18px\" src=\"https:\/\/bns.berlin\/wp-content\/uploads\/2023\/11\/U-Bahn.jpg\"> U-Bahn Kochstra\u00dfe<\/li>\n\n\n\n<li><img decoding=\"async\" vertical-align=\"middle\" width=\"18px\" src=\"https:\/\/bns.berlin\/wp-content\/uploads\/2023\/11\/bus25.png\"> Bus&nbsp;M29 Wilhelmstr.\/Kochstr.<\/li>\n<\/ul>\n\n\n\n<p class=\"info has-primary-color has-text-color has-link-color wp-elements-4548f34881a70966159e1ed626a68fc2\"><a href=\"https:\/\/www.google.com\/maps\/dir\/\/Schwulenberatung+Berlin,+Wilhelmstra%C3%9Fe+115,+10963+Berlin\/data=!4m6!4m5!1m1!4e2!1m2!1m1!1s0x47a851d2f64d2bc1:0x920a84227480fb83?ved=0ahUKEwi65oiWoKDfAhXH-qQKHeX9A1QQ48ADCCswAA\">Itin\u00e9raire par Google Maps<\/a><\/p>\n\n\n\n<h4 class=\"wp-block-heading is-style-screen-reader-text has-m-font-size\" style=\"letter-spacing:0.05em;text-transform:uppercase\">Link<\/h4>\n\n\n\n<p class=\"info web has-primary-color has-text-color has-link-color wp-elements-69b476a2cad416f45f06a453ce265950\" style=\"font-style:normal;font-weight:400\"><strong><strong>Retrouvez nos offres additionnelles sur&nbsp;:<\/strong><\/strong><br><a href=\"http:\/\/www.schwulenberatung.de\/angebote\/queer-refugees\/\">www.schwulenberatung.de\/angebote\/queer-refugees<\/a><\/p>\n<\/div>\n<\/div>\n<\/div>\n","protected":false},"excerpt":{"rendered":"<p>En savoir plus sur l&rsquo;association Schwulenberatung Berlin \u00c9couter<\/p>\n","protected":false},"author":12,"featured_media":0,"parent":0,"menu_order":0,"comment_status":"closed","ping_status":"closed","template":"wp-custom-template-no-intro-blue-background","meta":{"_coblocks_attr":"","_coblocks_dimensions":"","_coblocks_responsive_height":"","_coblocks_accordion_ie_support":"","inline_featured_image":false,"footnotes":""},"class_list":["post-6013","page","type-page","status-publish","hentry"],"_links":{"self":[{"href":"https:\/\/bns.berlin\/fr\/wp-json\/wp\/v2\/pages\/6013","targetHints":{"allow":["GET"]}}],"collection":[{"href":"https:\/\/bns.berlin\/fr\/wp-json\/wp\/v2\/pages"}],"about":[{"href":"https:\/\/bns.berlin\/fr\/wp-json\/wp\/v2\/types\/page"}],"author":[{"embeddable":true,"href":"https:\/\/bns.berlin\/fr\/wp-json\/wp\/v2\/users\/12"}],"replies":[{"embeddable":true,"href":"https:\/\/bns.berlin\/fr\/wp-json\/wp\/v2\/comments?post=6013"}],"version-history":[{"count":3,"href":"https:\/\/bns.berlin\/fr\/wp-json\/wp\/v2\/pages\/6013\/revisions"}],"predecessor-version":[{"id":7454,"href":"https:\/\/bns.berlin\/fr\/wp-json\/wp\/v2\/pages\/6013\/revisions\/7454"}],"wp:attachment":[{"href":"https:\/\/bns.berlin\/fr\/wp-json\/wp\/v2\/media?parent=6013"}],"curies":[{"name":"wp","href":"https:\/\/api.w.org\/{rel}","templated":true}]}}