{"id":6012,"date":"2023-12-25T16:17:27","date_gmt":"2023-12-25T15:17:27","guid":{"rendered":"https:\/\/bns.berlin\/?page_id=6012"},"modified":"2025-02-05T13:50:00","modified_gmt":"2025-02-05T12:50:00","slug":"kommmit-bbz","status":"publish","type":"page","link":"https:\/\/bns.berlin\/fr\/service-specialise\/kommmit-bbz\/","title":{"rendered":"KommMit-BBZ"},"content":{"rendered":"\n<div class=\"wp-block-columns alignwide has-base-color has-primary-background-color has-text-color has-background has-link-color wp-elements-5888753e6cc1bcef882870fe2143e067 is-layout-flex wp-container-core-columns-is-layout-28f84493 wp-block-columns-is-layout-flex\" style=\"border-radius:25px\">\n<div class=\"wp-block-column is-layout-flow wp-block-column-is-layout-flow\">\n<h1 class=\"wp-block-heading has-base-color has-text-color has-link-color has-xxxl-font-size wp-elements-cb4dca1d5c705b212701ad928415601b\" style=\"text-transform:none\">KommMit-BBZ<\/h1>\n\n\n\n<p class=\"has-l-font-size\">Service sp\u00e9cialis\u00e9 pour les mineur.es et mineur.es non accompagn\u00e9.es<\/p>\n<\/div>\n<\/div>\n\n\n\n<h2 class=\"wp-block-heading is-style-screen-reader-text\">En savoir plus sur l&rsquo;association KommMit-BBZ<\/h2>\n\n\n\n<div class=\"wp-block-columns alignwide is-layout-flex wp-container-core-columns-is-layout-28f84493 wp-block-columns-is-layout-flex\">\n<div class=\"wp-block-column is-layout-flow wp-block-column-is-layout-flow\">\n<div style=\"height:35px\" aria-hidden=\"true\" class=\"wp-block-spacer\"><\/div>\n\n\n\n<div id=\"readspeaker_button1\" class=\"rs_skip rsbtn rs_preserve\">\n    <a rel=\"nofollow\" class=\"rsbtn_play\" title=\"Pour \u00e9couter le texte, veuillez utiliser ReadSpeaker webReader\" href=\"https:\/\/app-eu.readspeaker.com\/cgi-bin\/rsent?customerid=14400&amp;lang=fr_fr&amp;readclass=bbz&amp;url=https:\/\/bns.berlin\/fr\/service-specialise\/kommmit-bbz\/\">\n        <span class=\"rsbtn_left rsimg rspart\"><span class=\"rsbtn_text\"><span>\u00c9couter<\/span><\/span><\/span>\n        <span class=\"rsbtn_right rsimg rsplay rspart\"><\/span>\n    <\/a>\n<\/div>\n<\/div>\n<\/div>\n\n\n\n<div class=\"wp-block-columns alignwide bbz has-contrast-alt-color has-text-color has-link-color wp-elements-4123111470dc4323bd581f3ebfe073b4 is-layout-flex wp-container-core-columns-is-layout-6944e41c wp-block-columns-is-layout-flex\" style=\"border-radius:25px;margin-top:0;margin-bottom:0;padding-top:var(--wp--preset--spacing--s);padding-right:0;padding-bottom:var(--wp--preset--spacing--s);padding-left:0\">\n<div class=\"wp-block-column is-layout-flow wp-block-column-is-layout-flow\" style=\"padding-top:var(--wp--preset--spacing--m);padding-right:0;padding-bottom:var(--wp--preset--spacing--m);padding-left:0;flex-basis:60%\">\n<div class=\"wp-block-group has-custom-color-1-background-color has-background is-vertical is-layout-flex wp-container-core-group-is-layout-cf91af71 wp-block-group-is-layout-flex\" style=\"border-radius:25px;padding-top:var(--wp--preset--spacing--s);padding-right:0;padding-bottom:var(--wp--preset--spacing--s);padding-left:0\">\n<div class=\"wp-block-columns is-layout-flex wp-container-core-columns-is-layout-28f84493 wp-block-columns-is-layout-flex\">\n<div class=\"wp-block-column is-layout-flow wp-block-column-is-layout-flow\" style=\"padding-top:var(--wp--preset--spacing--s);padding-right:var(--wp--preset--spacing--m);padding-bottom:var(--wp--preset--spacing--s);padding-left:var(--wp--preset--spacing--m)\">\n<h3 class=\"wp-block-heading has-primary-color has-text-color has-m-font-size\" style=\"letter-spacing:0.05em;text-transform:none\">Nous t\u2019informons de tes droits et te proposons notre assistance, par ex. :<\/h3>\n\n\n\n<ul class=\"wp-block-list has-primary-color has-text-color has-link-color wp-elements-d85c30e340e9151ab5aa6611b869b189\">\n<li>Droits de l\u2019enfant et leur mise en \u0153uvre<\/li>\n\n\n\n<li>Possibilit\u00e9s de s\u00e9jour<\/li>\n\n\n\n<li>Examen des obstacles \u00e0 la r\u00e9partition des mineurs sur le territoire<\/li>\n\n\n\n<li>Prise en charge par l\u2019Office de la jeunesse<\/li>\n\n\n\n<li>Se loger et l\u2019accompagnement avec l\u2019aide aux mineurs<\/li>\n\n\n\n<li>Tutelle<\/li>\n\n\n\n<li>\u00c9valuation de l\u2019\u00e2ge<\/li>\n\n\n\n<li>Aide aux jeunes majeurs<\/li>\n\n\n\n<li>Scolarisation<\/li>\n\n\n\n<li>\u00c9ducation r\u00e9pondant \u00e0 des besoins sp\u00e9ciaux<\/li>\n\n\n\n<li>\u00c9ducation et participation<\/li>\n<\/ul>\n<\/div>\n<\/div>\n<\/div>\n\n\n\n<div class=\"wp-block-group has-custom-color-1-background-color has-background is-vertical is-layout-flex wp-container-core-group-is-layout-cf91af71 wp-block-group-is-layout-flex\" style=\"border-radius:25px;padding-top:var(--wp--preset--spacing--s);padding-right:0;padding-bottom:var(--wp--preset--spacing--s);padding-left:0\">\n<div class=\"wp-block-columns is-layout-flex wp-container-core-columns-is-layout-28f84493 wp-block-columns-is-layout-flex\">\n<div class=\"wp-block-column is-layout-flow wp-block-column-is-layout-flow\" style=\"padding-top:var(--wp--preset--spacing--s);padding-right:var(--wp--preset--spacing--m);padding-bottom:var(--wp--preset--spacing--s);padding-left:var(--wp--preset--spacing--m)\">\n<h3 class=\"wp-block-heading has-primary-color has-text-color has-m-font-size\" style=\"letter-spacing:0.05em;text-transform:none\">Nous d\u00e9terminons ensemble l\u2019aide qu\u2019il te faut en cas de d\u00e9tresse psychologique, par ex. :<\/h3>\n\n\n\n<ul style=\"color:#005ba8\" class=\"wp-block-list\">\n<li>Aide psychoth\u00e9rapeutique<\/li>\n\n\n\n<li>Aide psychiatrique<\/li>\n\n\n\n<li>Aide psychosociale<\/li>\n\n\n\n<li>Un h\u00e9bergement, une prise en charge et un accompagnement adapt\u00e9s de l\u2019aide aux mineurs<\/li>\n\n\n\n<li>Les besoins de soutien scolaire<\/li>\n<\/ul>\n<\/div>\n<\/div>\n<\/div>\n\n\n\n<div class=\"wp-block-group has-custom-color-1-background-color has-background is-vertical is-layout-flex wp-container-core-group-is-layout-cf91af71 wp-block-group-is-layout-flex\" style=\"border-radius:25px;padding-top:var(--wp--preset--spacing--s);padding-right:0;padding-bottom:var(--wp--preset--spacing--s);padding-left:0\">\n<div class=\"wp-block-columns is-layout-flex wp-container-core-columns-is-layout-28f84493 wp-block-columns-is-layout-flex\">\n<div class=\"wp-block-column is-layout-flow wp-block-column-is-layout-flow\" style=\"padding-top:var(--wp--preset--spacing--s);padding-right:var(--wp--preset--spacing--m);padding-bottom:var(--wp--preset--spacing--s);padding-left:var(--wp--preset--spacing--m)\">\n<h3 class=\"wp-block-heading has-primary-color has-text-color has-m-font-size\" style=\"letter-spacing:0.05em;text-transform:none\">Nous t\u2019assistons dans tes d\u00e9marches, requ\u00eates, recours et actions, par ex. :<\/h3>\n\n\n\n<ul class=\"wp-block-list has-primary-color has-text-color has-link-color wp-elements-3e16ca84d15c4486507d8998d8a80ca2\">\n<li>Tutelle<\/li>\n\n\n\n<li>Droit de rester<\/li>\n\n\n\n<li>Regroupement familial pour les parents et les fr\u00e8res et s\u0153urs<\/li>\n\n\n\n<li>Aide aux jeunes majeurs<\/li>\n\n\n\n<li>Place dans un \u00e9tablissement scolaire<\/li>\n\n\n\n<li>Psychoth\u00e9rapie<\/li>\n<\/ul>\n<\/div>\n<\/div>\n<\/div>\n\n\n\n<div class=\"wp-block-group has-custom-color-1-background-color has-background is-vertical is-layout-flex wp-container-core-group-is-layout-cf91af71 wp-block-group-is-layout-flex\" style=\"border-radius:25px;padding-top:var(--wp--preset--spacing--s);padding-right:0;padding-bottom:var(--wp--preset--spacing--s);padding-left:0\">\n<div class=\"wp-block-columns is-layout-flex wp-container-core-columns-is-layout-28f84493 wp-block-columns-is-layout-flex\">\n<div class=\"wp-block-column is-layout-flow wp-block-column-is-layout-flow\" style=\"padding-top:var(--wp--preset--spacing--s);padding-right:var(--wp--preset--spacing--m);padding-bottom:var(--wp--preset--spacing--s);padding-left:var(--wp--preset--spacing--m)\">\n<h3 class=\"wp-block-heading has-primary-color has-text-color has-m-font-size\" style=\"letter-spacing:0.05em;text-transform:none\">Nous t\u2019assistons dans la communication et t\u2019accompagnons aupr\u00e8s des services publics et autorit\u00e9s, par ex. :<\/h3>\n\n\n\n<ul class=\"wp-block-list has-primary-color has-text-color has-link-color wp-elements-7fef164efb36352f202530f8c10042e7\">\n<li>Offices de la jeunesse<\/li>\n\n\n\n<li>Tribunaux de la familie<\/li>\n\n\n\n<li>LAF<\/li>\n\n\n\n<li>Service charg\u00e9 des \u00e9trangers\/LEA<\/li>\n\n\n\n<li>BAMF<\/li>\n\n\n\n<li>Tuteurs<\/li>\n\n\n\n<li>\u00c9tablissement scolaire\/Les enseignants<\/li>\n<\/ul>\n<\/div>\n<\/div>\n<\/div>\n\n\n\n<div class=\"wp-block-group has-custom-color-1-background-color has-background is-vertical is-layout-flex wp-container-core-group-is-layout-cf91af71 wp-block-group-is-layout-flex\" style=\"border-radius:25px;padding-top:var(--wp--preset--spacing--s);padding-right:0;padding-bottom:var(--wp--preset--spacing--s);padding-left:0\">\n<div class=\"wp-block-columns is-layout-flex wp-container-core-columns-is-layout-28f84493 wp-block-columns-is-layout-flex\">\n<div class=\"wp-block-column is-layout-flow wp-block-column-is-layout-flow\" style=\"padding-top:var(--wp--preset--spacing--s);padding-right:var(--wp--preset--spacing--m);padding-bottom:var(--wp--preset--spacing--s);padding-left:var(--wp--preset--spacing--m)\">\n<p class=\"has-primary-color has-text-color has-m-font-size\"><strong>Nous te dirigeons vers des offres sociales, juridiques et sanitaires, si tu le souhaites.<\/strong><\/p>\n<\/div>\n<\/div>\n<\/div>\n\n\n\n<div class=\"wp-block-group has-border-color has-custom-color-2-border-color has-base-background-color has-background is-vertical is-layout-flex wp-container-core-group-is-layout-cf91af71 wp-block-group-is-layout-flex\" style=\"border-width:3px;border-radius:25px;padding-top:var(--wp--preset--spacing--s);padding-right:0;padding-bottom:var(--wp--preset--spacing--s);padding-left:0\">\n<div class=\"wp-block-columns is-layout-flex wp-container-core-columns-is-layout-28f84493 wp-block-columns-is-layout-flex\">\n<div class=\"wp-block-column is-layout-flow wp-block-column-is-layout-flow\" style=\"border-radius:25px;padding-top:var(--wp--preset--spacing--s);padding-right:var(--wp--preset--spacing--m);padding-bottom:var(--wp--preset--spacing--s);padding-left:var(--wp--preset--spacing--m)\">\n<figure class=\"wp-block-image size-full is-resized\"><img loading=\"lazy\" decoding=\"async\" width=\"1344\" height=\"730\" src=\"https:\/\/bns.berlin\/wp-content\/uploads\/2023\/11\/BBZ_Logo.png\" alt=\"Logo BBZ Beratungs- und Betreuungszentrum f\ufffdr junge Gefl\ufffdchtete und Migrant*innen\" class=\"wp-image-4954\" style=\"width:405px\" srcset=\"https:\/\/bns.berlin\/wp-content\/uploads\/2023\/11\/BBZ_Logo.png 1344w, https:\/\/bns.berlin\/wp-content\/uploads\/2023\/11\/BBZ_Logo-300x163.png 300w, https:\/\/bns.berlin\/wp-content\/uploads\/2023\/11\/BBZ_Logo-1024x556.png 1024w, https:\/\/bns.berlin\/wp-content\/uploads\/2023\/11\/BBZ_Logo-768x417.png 768w, https:\/\/bns.berlin\/wp-content\/uploads\/2023\/11\/BBZ_Logo-480x261.png 480w\" sizes=\"auto, (max-width: 1344px) 100vw, 1344px\" \/><\/figure>\n<\/div>\n<\/div>\n<\/div>\n<\/div>\n\n\n\n<div class=\"wp-block-column is-layout-flow wp-block-column-is-layout-flow\" style=\"padding-top:var(--wp--preset--spacing--m);padding-bottom:var(--wp--preset--spacing--m)\">\n<div class=\"wp-block-group has-border-color has-custom-color-2-border-color has-base-background-color has-background is-vertical is-layout-flex wp-container-core-group-is-layout-aedf0d0a wp-block-group-is-layout-flex\" style=\"border-width:3px;border-radius:25px;padding-top:var(--wp--preset--spacing--m);padding-right:var(--wp--preset--spacing--s);padding-bottom:var(--wp--preset--spacing--m);padding-left:var(--wp--preset--spacing--s)\">\n<h3 class=\"wp-block-heading is-style-screen-reader-text\" style=\"text-transform:none\">Contact KommMit<\/h3>\n\n\n\n<p class=\"info termine has-primary-color has-text-color has-link-color has-m-font-size wp-elements-280c023b6c254c1bf7148715e75bec11\" style=\"font-style:normal;font-weight:500\"><strong><strong>Les consultations se font uniquement sur rendez-vous jusqu\u2019\u00e0 nouvel ordre.<\/strong><\/strong><\/p>\n\n\n\n<h4 class=\"wp-block-heading is-style-screen-reader-text has-m-font-size\" style=\"letter-spacing:0.05em;text-transform:uppercase\">T\u00e9l\u00e9phone<\/h4>\n\n\n\n<p class=\"info telefon has-primary-color has-text-color has-link-color wp-elements-bec59d7ea1d3a6be059d64e63ccffe1f\" style=\"font-style:normal;font-weight:400\"><a href=\"tel:+493066640721\"><strong>030 \/ 666 407 21<\/strong><\/a><\/p>\n\n\n\n<h4 class=\"wp-block-heading is-style-screen-reader-text has-m-font-size\" style=\"letter-spacing:0.05em;text-transform:uppercase\">E-Mail<\/h4>\n\n\n\n<ul class=\"wp-block-list info email is-style-no-bullets has-primary-color has-text-color has-link-color wp-elements-2080770b62c4ec8449920a11d06df40c\">\n<li><a href=\"mailto:d.jasch@kommmitbbz.de\">d.jasch@kommmitbbz.de<\/a><\/li>\n\n\n\n<li><a href=\"mailto:a.akhavan@kommmitbbz.de\">a.akhavan@kommmitbbz.de<\/a><\/li>\n\n\n\n<li><strong><strong>Psychologue<\/strong>:<\/strong><br><a href=\"mailto:a.moeller@kommmitbbz.de\">a.moeller@kommmitbbz.de<\/a><\/li>\n<\/ul>\n\n\n\n<h4 class=\"wp-block-heading is-style-screen-reader-text has-m-font-size\" style=\"letter-spacing:0.05em;text-transform:uppercase\">M\u00e9diation linguistique<\/h4>\n\n\n\n<p class=\"info sprache has-primary-color has-text-color has-link-color wp-elements-b0759bd170e71685181aa46e1f325abf\" style=\"font-style:normal;font-weight:500\"><strong><strong><strong>Nous vous assistons dans les langues suivantes :<\/strong><\/strong><\/strong><\/p>\n\n\n\n<p class=\"info has-primary-color has-text-color has-link-color wp-elements-d24e7f5b41a5f74d989fe76d262c8f0f\">anglais, arabe, dari\/farsi, fran\u00e7ais, kurde et turc.<\/p>\n\n\n\n<p class=\"info has-primary-color has-text-color has-link-color wp-elements-b0698249828615fdbfa1ec7886959a0a\">D\u2019autres langues sont disponibles sur demande.<\/p>\n\n\n\n<p class=\"info has-primary-color has-text-color has-link-color wp-elements-d9a87a3d4923d24069d1ea004d67887e\">Si vous le souhaitez, nous pouvons \u00e9galement vous conseiller de mani\u00e8re anonyme. Dans ce cas, vous n\u2019avez pas \u00e0 nous donner votre nom.<\/p>\n\n\n\n<h4 class=\"wp-block-heading is-style-screen-reader-text has-m-font-size\" style=\"letter-spacing:0.05em;text-transform:uppercase\">Adresse<\/h4>\n\n\n\n<p class=\"info adresse has-primary-color has-text-color has-link-color wp-elements-648ac3b137d8a41e10f91214d36bf07a\" style=\"font-style:normal;font-weight:400\"><strong>KommMit<\/strong><br><strong>F\u00fcr Migranten und Fl\u00fcchtlinge e.V.<\/strong><br>Stromstr. 47<br>10551 Berlin<\/p>\n\n\n\n<ul class=\"wp-block-list is-style-no-bullets info has-primary-color has-text-color has-link-color wp-elements-94dcdb86973285878f6b89d97ae9b892\">\n<li><img decoding=\"async\" vertical-align=\"middle\" width=\"18px\" src=\"https:\/\/bns.berlin\/wp-content\/uploads\/2023\/11\/U-Bahn.jpg\"> U-Bahn Turmstra\u00dfe<\/li>\n\n\n\n<li><img decoding=\"async\" vertical-align=\"middle\" width=\"18px\" src=\"https:\/\/bns.berlin\/wp-content\/uploads\/2023\/11\/bus25.png\"> Bus 101 Turmstra\u00dfe\/Waldstra\u00dfe<\/li>\n\n\n\n<li><img decoding=\"async\" vertical-align=\"middle\" width=\"18px\" src=\"https:\/\/bns.berlin\/wp-content\/uploads\/2023\/11\/bus25.png\"> Bus&nbsp;106\/123\/M27\/TXL Turmstra\u00dfe\/Beusselstra\u00dfe<\/li>\n<\/ul>\n\n\n\n<p class=\"info has-primary-color has-text-color has-link-color wp-elements-dbe545d43094f65f231954f4c2671938\"><a href=\"https:\/\/www.google.com\/maps\/dir\/?api=1&amp;destination=Stromstr.+47,+10551+Berlin&amp;travelmode=transit\">Itin\u00e9raire par Google Maps<\/a><\/p>\n\n\n\n<h4 class=\"wp-block-heading is-style-screen-reader-text has-m-font-size\" style=\"letter-spacing:0.05em;text-transform:uppercase\">Link<\/h4>\n\n\n\n<p class=\"info web has-primary-color has-text-color has-link-color wp-elements-d5fe45d36a6d4d3c78e76c173e376260\" style=\"font-style:normal;font-weight:400\"><strong>Retrouvez nos offres compl\u00e9mentaires dans notre \u00e9tablissement :<\/strong><br><a href=\"http:\/\/www.bbzberlin.de\/\" target=\"_blank\" rel=\"noreferrer noopener\">www.bbzberlin.de<\/a><\/p>\n<\/div>\n<\/div>\n<\/div>\n","protected":false},"excerpt":{"rendered":"<p>En savoir plus sur l&rsquo;association KommMit-BBZ \u00c9couter<\/p>\n","protected":false},"author":12,"featured_media":0,"parent":6008,"menu_order":0,"comment_status":"closed","ping_status":"closed","template":"wp-custom-template-no-intro-blue-background","meta":{"_coblocks_attr":"","_coblocks_dimensions":"","_coblocks_responsive_height":"","_coblocks_accordion_ie_support":"","inline_featured_image":false,"footnotes":""},"class_list":["post-6012","page","type-page","status-publish","hentry"],"_links":{"self":[{"href":"https:\/\/bns.berlin\/fr\/wp-json\/wp\/v2\/pages\/6012","targetHints":{"allow":["GET"]}}],"collection":[{"href":"https:\/\/bns.berlin\/fr\/wp-json\/wp\/v2\/pages"}],"about":[{"href":"https:\/\/bns.berlin\/fr\/wp-json\/wp\/v2\/types\/page"}],"author":[{"embeddable":true,"href":"https:\/\/bns.berlin\/fr\/wp-json\/wp\/v2\/users\/12"}],"replies":[{"embeddable":true,"href":"https:\/\/bns.berlin\/fr\/wp-json\/wp\/v2\/comments?post=6012"}],"version-history":[{"count":3,"href":"https:\/\/bns.berlin\/fr\/wp-json\/wp\/v2\/pages\/6012\/revisions"}],"predecessor-version":[{"id":7452,"href":"https:\/\/bns.berlin\/fr\/wp-json\/wp\/v2\/pages\/6012\/revisions\/7452"}],"up":[{"embeddable":true,"href":"https:\/\/bns.berlin\/fr\/wp-json\/wp\/v2\/pages\/6008"}],"wp:attachment":[{"href":"https:\/\/bns.berlin\/fr\/wp-json\/wp\/v2\/media?parent=6012"}],"curies":[{"name":"wp","href":"https:\/\/api.w.org\/{rel}","templated":true}]}}