{"id":6011,"date":"2023-12-25T16:17:11","date_gmt":"2023-12-25T15:17:11","guid":{"rendered":"https:\/\/bns.berlin\/?page_id=6011"},"modified":"2026-02-24T17:11:31","modified_gmt":"2026-02-24T16:11:31","slug":"bzsl","status":"publish","type":"page","link":"https:\/\/bns.berlin\/fr\/service-specialise\/bzsl\/","title":{"rendered":"BZSL"},"content":{"rendered":"\n<div class=\"wp-block-columns alignwide has-base-color has-primary-background-color has-text-color has-background has-link-color wp-elements-2fa54bc8a99d3c1ab2f1fb3e6e2b9a6f is-layout-flex wp-container-core-columns-is-layout-28f84493 wp-block-columns-is-layout-flex\" style=\"border-radius:25px\">\n<div class=\"wp-block-column is-layout-flow wp-block-column-is-layout-flow\">\n<h1 class=\"wp-block-heading has-base-color has-text-color has-link-color has-xxxl-font-size wp-elements-da43d43487b5d001a8188976ac91b53b\" style=\"text-transform:none\">BZSL<\/h1>\n\n\n\n<p class=\"has-l-font-size\">Service sp\u00e9cialis\u00e9 pour les r\u00e9fugi\u00e9.e.s en situation de handicap, souffrant de maladie chronique et les personnes \u00e2g\u00e9es<\/p>\n<\/div>\n<\/div>\n\n\n\n<h2 class=\"wp-block-heading is-style-screen-reader-text\">En savoir plus sur l&rsquo;association BZSL<\/h2>\n\n\n\n<div class=\"wp-block-columns alignwide is-layout-flex wp-container-core-columns-is-layout-28f84493 wp-block-columns-is-layout-flex\">\n<div class=\"wp-block-column is-layout-flow wp-block-column-is-layout-flow\">\n<div style=\"height:35px\" aria-hidden=\"true\" class=\"wp-block-spacer\"><\/div>\n\n\n\n<div id=\"readspeaker_button1\" class=\"rs_skip rsbtn rs_preserve\">\n    <a rel=\"nofollow\" class=\"rsbtn_play\" title=\"Pour \u00e9couter le texte, veuillez utiliser ReadSpeaker webReader\" href=\"https:\/\/app-eu.readspeaker.com\/cgi-bin\/rsent?customerid=14400&amp;lang=fr_fr&amp;readclass=bzsl&amp;url=https:\/\/bns.berlin\/fr\/service-specialise\/bzsl\/\">\n        <span class=\"rsbtn_left rsimg rspart\"><span class=\"rsbtn_text\"><span>\u00c9couter<\/span><\/span><\/span>\n        <span class=\"rsbtn_right rsimg rsplay rspart\"><\/span>\n    <\/a>\n<\/div>\n<\/div>\n<\/div>\n\n\n\n<div class=\"wp-block-columns alignwide bzsl has-contrast-alt-color has-text-color has-link-color wp-elements-a76fc4430c5b376063f15fedc8b23b0b is-layout-flex wp-container-core-columns-is-layout-6944e41c wp-block-columns-is-layout-flex\" style=\"border-radius:25px;margin-top:0;margin-bottom:0;padding-top:var(--wp--preset--spacing--s);padding-right:0;padding-bottom:var(--wp--preset--spacing--s);padding-left:0\">\n<div class=\"wp-block-column is-layout-flow wp-block-column-is-layout-flow\" style=\"padding-top:var(--wp--preset--spacing--m);padding-right:0;padding-bottom:var(--wp--preset--spacing--m);padding-left:0;flex-basis:60%\">\n<div class=\"wp-block-group has-custom-color-1-background-color has-background is-vertical is-layout-flex wp-container-core-group-is-layout-cf91af71 wp-block-group-is-layout-flex\" style=\"border-radius:25px;padding-top:var(--wp--preset--spacing--s);padding-right:0;padding-bottom:var(--wp--preset--spacing--s);padding-left:0\">\n<div class=\"wp-block-columns is-layout-flex wp-container-core-columns-is-layout-28f84493 wp-block-columns-is-layout-flex\">\n<div class=\"wp-block-column is-layout-flow wp-block-column-is-layout-flow\" style=\"padding-top:var(--wp--preset--spacing--s);padding-right:var(--wp--preset--spacing--m);padding-bottom:var(--wp--preset--spacing--s);padding-left:var(--wp--preset--spacing--m)\">\n<p class=\"has-primary-color has-text-color has-m-font-size\"><strong><strong>Nous vous informons de vos droits et&nbsp;vous proposons notre assistance.<\/strong><\/strong><\/p>\n<\/div>\n<\/div>\n<\/div>\n\n\n\n<div class=\"wp-block-group has-custom-color-1-background-color has-background is-vertical is-layout-flex wp-container-core-group-is-layout-cf91af71 wp-block-group-is-layout-flex\" style=\"border-radius:25px;padding-top:var(--wp--preset--spacing--s);padding-right:0;padding-bottom:var(--wp--preset--spacing--s);padding-left:0\">\n<div class=\"wp-block-columns is-layout-flex wp-container-core-columns-is-layout-28f84493 wp-block-columns-is-layout-flex\">\n<div class=\"wp-block-column is-layout-flow wp-block-column-is-layout-flow\" style=\"padding-top:var(--wp--preset--spacing--s);padding-right:var(--wp--preset--spacing--m);padding-bottom:var(--wp--preset--spacing--s);padding-left:var(--wp--preset--spacing--m)\">\n<p class=\"has-primary-color has-text-color has-m-font-size\"><strong><strong>Nous d\u00e9terminons ensemble l\u2019aide qu\u2019il vous faut.<\/strong><\/strong><\/p>\n<\/div>\n<\/div>\n<\/div>\n\n\n\n<div class=\"wp-block-group has-custom-color-1-background-color has-background is-vertical is-layout-flex wp-container-core-group-is-layout-cf91af71 wp-block-group-is-layout-flex\" style=\"border-radius:25px;padding-top:var(--wp--preset--spacing--s);padding-right:0;padding-bottom:var(--wp--preset--spacing--s);padding-left:0\">\n<div class=\"wp-block-columns is-layout-flex wp-container-core-columns-is-layout-28f84493 wp-block-columns-is-layout-flex\">\n<div class=\"wp-block-column is-layout-flow wp-block-column-is-layout-flow\" style=\"padding-top:var(--wp--preset--spacing--s);padding-right:var(--wp--preset--spacing--m);padding-bottom:var(--wp--preset--spacing--s);padding-left:var(--wp--preset--spacing--m)\">\n<h3 class=\"wp-block-heading has-primary-color has-text-color has-m-font-size\" style=\"letter-spacing:0.05em;text-transform:none\">Nous vous assistons dans vos d\u00e9marches, par ex. :<\/h3>\n\n\n\n<ul class=\"wp-block-list has-primary-color has-text-color has-link-color wp-elements-3da59758af0b9bc4b5f1c4a5da5860fb\">\n<li>Carte d\u2019invalidit\u00e9<\/li>\n\n\n\n<li>Dispositifs m\u00e9dicaux<\/li>\n\n\n\n<li>Soins<\/li>\n\n\n\n<li>Aides sociales<\/li>\n<\/ul>\n<\/div>\n<\/div>\n<\/div>\n\n\n\n<div class=\"wp-block-group has-custom-color-1-background-color has-background is-vertical is-layout-flex wp-container-core-group-is-layout-cf91af71 wp-block-group-is-layout-flex\" style=\"border-radius:25px;padding-top:var(--wp--preset--spacing--s);padding-right:0;padding-bottom:var(--wp--preset--spacing--s);padding-left:0\">\n<div class=\"wp-block-columns is-layout-flex wp-container-core-columns-is-layout-28f84493 wp-block-columns-is-layout-flex\">\n<div class=\"wp-block-column is-layout-flow wp-block-column-is-layout-flow\" style=\"padding-top:var(--wp--preset--spacing--s);padding-right:var(--wp--preset--spacing--m);padding-bottom:var(--wp--preset--spacing--s);padding-left:var(--wp--preset--spacing--m)\">\n<h3 class=\"wp-block-heading has-primary-color has-text-color has-m-font-size\" style=\"letter-spacing:0.05em;text-transform:none\">Nous vous assistons dans la communication, par ex. :<\/h3>\n\n\n\n<ul class=\"wp-block-list has-primary-color has-text-color has-link-color wp-elements-5e1729c92e3100f2dd8884e689ca3d64\">\n<li>LaGeSo<\/li>\n\n\n\n<li>LAF<\/li>\n\n\n\n<li>Offices r\u00e9gionaux<\/li>\n<\/ul>\n<\/div>\n<\/div>\n<\/div>\n\n\n\n<div class=\"wp-block-group has-custom-color-1-background-color has-background is-vertical is-layout-flex wp-container-core-group-is-layout-cf91af71 wp-block-group-is-layout-flex\" style=\"border-radius:25px;padding-top:var(--wp--preset--spacing--s);padding-right:0;padding-bottom:var(--wp--preset--spacing--s);padding-left:0\">\n<div class=\"wp-block-columns is-layout-flex wp-container-core-columns-is-layout-28f84493 wp-block-columns-is-layout-flex\">\n<div class=\"wp-block-column is-layout-flow wp-block-column-is-layout-flow\" style=\"padding-top:var(--wp--preset--spacing--s);padding-right:var(--wp--preset--spacing--m);padding-bottom:var(--wp--preset--spacing--s);padding-left:var(--wp--preset--spacing--m)\">\n<p class=\"has-primary-color has-text-color has-m-font-size\"><strong><strong>Nous vous conseillons quant \u00e0 votre situation d\u2019h\u00e9bergement (place en foyer).<\/strong><\/strong><\/p>\n<\/div>\n<\/div>\n<\/div>\n\n\n\n<div class=\"wp-block-group has-custom-color-1-background-color has-background is-vertical is-layout-flex wp-container-core-group-is-layout-cf91af71 wp-block-group-is-layout-flex\" style=\"border-radius:25px;padding-top:var(--wp--preset--spacing--s);padding-right:0;padding-bottom:var(--wp--preset--spacing--s);padding-left:0\">\n<div class=\"wp-block-columns is-layout-flex wp-container-core-columns-is-layout-28f84493 wp-block-columns-is-layout-flex\">\n<div class=\"wp-block-column is-layout-flow wp-block-column-is-layout-flow\" style=\"padding-top:var(--wp--preset--spacing--s);padding-right:var(--wp--preset--spacing--m);padding-bottom:var(--wp--preset--spacing--s);padding-left:var(--wp--preset--spacing--m)\">\n<p class=\"has-primary-color has-text-color has-m-font-size\"><strong><strong>Nous vous dirigeons vers des offres sociales, juridiques et sanitaires, si vous le souhaitez.<\/strong><\/strong><\/p>\n<\/div>\n<\/div>\n<\/div>\n\n\n\n<div class=\"wp-block-group has-border-color has-custom-color-2-border-color has-base-background-color has-background is-vertical is-layout-flex wp-container-core-group-is-layout-cf91af71 wp-block-group-is-layout-flex\" style=\"border-width:3px;border-radius:25px;padding-top:var(--wp--preset--spacing--s);padding-right:0;padding-bottom:var(--wp--preset--spacing--s);padding-left:0\">\n<div class=\"wp-block-columns is-layout-flex wp-container-core-columns-is-layout-28f84493 wp-block-columns-is-layout-flex\">\n<div class=\"wp-block-column is-layout-flow wp-block-column-is-layout-flow\" style=\"border-radius:25px;padding-top:var(--wp--preset--spacing--s);padding-right:var(--wp--preset--spacing--m);padding-bottom:var(--wp--preset--spacing--s);padding-left:var(--wp--preset--spacing--m)\">\n<figure class=\"wp-block-image size-full is-resized\"><img loading=\"lazy\" decoding=\"async\" width=\"1492\" height=\"1169\" src=\"https:\/\/bns.berlin\/wp-content\/uploads\/2023\/12\/BZSL_2025_2.png\" alt=\"\" class=\"wp-image-9768\" style=\"width:300px\" srcset=\"https:\/\/bns.berlin\/wp-content\/uploads\/2023\/12\/BZSL_2025_2.png 1492w, https:\/\/bns.berlin\/wp-content\/uploads\/2023\/12\/BZSL_2025_2-300x235.png 300w, https:\/\/bns.berlin\/wp-content\/uploads\/2023\/12\/BZSL_2025_2-1024x802.png 1024w, https:\/\/bns.berlin\/wp-content\/uploads\/2023\/12\/BZSL_2025_2-768x602.png 768w, https:\/\/bns.berlin\/wp-content\/uploads\/2023\/12\/BZSL_2025_2-480x376.png 480w\" sizes=\"auto, (max-width: 1492px) 100vw, 1492px\" \/><\/figure>\n<\/div>\n<\/div>\n<\/div>\n<\/div>\n\n\n\n<div class=\"wp-block-column is-layout-flow wp-block-column-is-layout-flow\" style=\"padding-top:var(--wp--preset--spacing--m);padding-bottom:var(--wp--preset--spacing--m)\">\n<div class=\"wp-block-group has-border-color has-custom-color-2-border-color has-base-background-color has-background is-vertical is-layout-flex wp-container-core-group-is-layout-aedf0d0a wp-block-group-is-layout-flex\" style=\"border-width:3px;border-radius:25px;padding-top:var(--wp--preset--spacing--m);padding-right:var(--wp--preset--spacing--s);padding-bottom:var(--wp--preset--spacing--m);padding-left:var(--wp--preset--spacing--s)\">\n<h3 class=\"wp-block-heading is-style-screen-reader-text\" style=\"text-transform:none\">Contact BZSL<\/h3>\n\n\n\n<p class=\"info termine has-primary-color has-text-color has-link-color has-m-font-size wp-elements-3e1fc9e7afd178df4532777fd4e89651\" style=\"font-style:normal;font-weight:500\"><strong><strong>Les rendez-vous doivent \u00eatre pris par t\u00e9l\u00e9phone ou par e-mail<\/strong><\/strong><\/p>\n\n\n\n<h4 class=\"wp-block-heading is-style-screen-reader-text has-m-font-size\" style=\"letter-spacing:0.05em;text-transform:uppercase\">T\u00e9l\u00e9phone<\/h4>\n\n\n\n<ul class=\"wp-block-list info telefon is-style-no-bullets has-primary-color has-text-color has-link-color wp-elements-4b5ddb718322ab88af498fb9ba955eb4\">\n<li>Messages texte, appel t\u00e9l\u00e9phonique en allemand\/anglais<\/li>\n\n\n\n<li><a href=\"tel:+491781887953\"><strong>0178&nbsp; 1887 953<\/strong><\/a><\/li>\n\n\n\n<li>Appel t\u00e9l\u00e9phonique en allemand\/anglais<\/li>\n\n\n\n<li><a href=\"tel:+493044327415\"><strong>030 \/ 44 32 74 15 <\/strong><\/a><\/li>\n<\/ul>\n\n\n\n<p class=\"info has-primary-color has-text-color has-link-color wp-elements-744427843e57c32ae2cecf048bc00d6f\">Horaires d\u2019ouverture : Lun-Ven (10h \u00e0 16h)<\/p>\n\n\n\n<h4 class=\"wp-block-heading is-style-screen-reader-text has-m-font-size\" style=\"letter-spacing:0.05em;text-transform:uppercase\">E-Mail<\/h4>\n\n\n\n<ul style=\"color:#005ba8\" class=\"wp-block-list info email is-style-no-bullets\">\n<li><a href=\"mailto:bns@bzsl.de\">bns@bzsl.de<\/a><\/li>\n<\/ul>\n\n\n\n<h4 class=\"wp-block-heading is-style-screen-reader-text has-m-font-size\" style=\"letter-spacing:0.05em;text-transform:uppercase\">M\u00e9diation linguistique<\/h4>\n\n\n\n<p class=\"info sprache has-primary-color has-text-color has-link-color wp-elements-1f44222c890348948beb85cfe5038ecf\" style=\"font-style:normal;font-weight:500\"><strong><strong><strong><strong>Nous vous assistons dans les langues suivantes&nbsp;:<\/strong><\/strong><\/strong><\/strong><\/p>\n\n\n\n<p class=\"info has-primary-color has-text-color has-link-color wp-elements-17b97c999e8d096ae6cc3c1a6351eac2\">arabe, farsi\/dari, kurde, russe.<\/p>\n\n\n\n<p class=\"info has-primary-color has-text-color has-link-color wp-elements-b0698249828615fdbfa1ec7886959a0a\">D\u2019autres langues sont disponibles sur demande.<\/p>\n\n\n\n<p class=\"info has-primary-color has-text-color has-link-color wp-elements-d9a87a3d4923d24069d1ea004d67887e\">Si vous le souhaitez, nous pouvons \u00e9galement vous conseiller de mani\u00e8re anonyme. Dans ce cas, vous n\u2019avez pas \u00e0 nous donner votre nom.<\/p>\n\n\n\n<h4 class=\"wp-block-heading is-style-screen-reader-text has-m-font-size\" style=\"letter-spacing:0.05em;text-transform:uppercase\">Adresse<\/h4>\n\n\n\n<p class=\"info adresse has-primary-color has-text-color has-link-color wp-elements-87ca07fda00b2f391699be89ec9043c5\" style=\"font-style:normal;font-weight:400\"><strong>Berliner Zentrum f\u00fcr selbstbestimmtes Leben behinderter Menschen e.V<\/strong><br>Gustav-Adolf-Strasse 130<br>13086 Berlin &nbsp; &nbsp; &nbsp; &nbsp; &nbsp; &nbsp; &nbsp; &nbsp; &nbsp; &nbsp; &nbsp; &nbsp; &nbsp; &nbsp;quatri\u00e8me \u00e9tage<\/p>\n\n\n\n<p class=\"info has-primary-color has-text-color has-link-color wp-elements-7977308a6de9f2dd5b5962756649b25c\">Nos locaux sont accessibles aux personnes \u00e0 mobilit\u00e9 r\u00e9duite.<\/p>\n\n\n\n<p class=\"info has-primary-color has-text-color has-link-color wp-elements-02b925fca2b86f3dab74a5256732d05c\">Nous pouvons organiser un transport de personnes, si n\u00e9cessaire. Il suffit de nous le sp\u00e9cifier.<\/p>\n\n\n\n<p class=\"info has-primary-color has-text-color has-link-color wp-elements-8d454856636804b0442da71055677750\">Il y a deux ascenseurs et les portes d\u2019entr\u00e9e sont \u00e9quip\u00e9es d\u2019ouvreurs \u00e9lectriques \u00e0 l\u2019int\u00e9rieur qui peuvent \u00eatre ouverts de l\u2019int\u00e9rieur.<\/p>\n\n\n\n<p class=\"info has-primary-color has-text-color has-link-color wp-elements-6b9cee5460e1358d76b17292eb67433e\">Les toilettes sont accessibles aux personnes en fauteuil roulant, \u00e9quip\u00e9es de 2 poign\u00e9es rabattables de chaque c\u00f4t\u00e9 et la porte mesure 80 cm de large.<\/p>\n\n\n\n<ul class=\"wp-block-list is-style-no-bullets info has-primary-color has-text-color has-link-color wp-elements-2afbd7a2c3c69769010a4b746da35c0d\">\n<li><img decoding=\"async\" vertical-align=\"middle\" width=\"18px\" src=\"https:\/\/bns.berlin\/wp-content\/uploads\/2023\/11\/bus25.png\"> Bus 156 Wigandstaler Stra\u00dfe<\/li>\n\n\n\n<li><img decoding=\"async\" vertical-align=\"middle\" width=\"18px\" src=\"https:\/\/bns.berlin\/wp-content\/uploads\/2023\/11\/bus25.png\"> Bus&nbsp;158\/255 Hamburger Platz<\/li>\n<\/ul>\n\n\n\n<p class=\"info has-primary-color has-text-color has-link-color wp-elements-a2660e377cd860c07e7645398efae845\"><a href=\"https:\/\/www.google.com\/maps\/dir\/52.4757186,13.376769\/bzsl+berlin+maps\/@52.5211915,13.3351634,12z\/data=!3m1!4b1!4m9!4m8!1m1!4e1!1m5!1m1!1s0x47a84e040eef9f0b:0xe7bf59fbb36b376e!2m2!1d13.4421115!2d52.5570598\">Itin\u00e9raire par Google Maps<\/a><\/p>\n\n\n\n<h4 class=\"wp-block-heading is-style-screen-reader-text has-m-font-size\" style=\"letter-spacing:0.05em;text-transform:uppercase\">Link<\/h4>\n\n\n\n<p class=\"info web has-primary-color has-text-color has-link-color wp-elements-fc744384ef69c42a932d8449cf81995d\" style=\"font-style:normal;font-weight:400\"><strong>Retrouvez nos offres additionnelles sur :<\/strong><br><a href=\"http:\/\/www.bzsl.de\/\" target=\"_blank\" rel=\"noreferrer noopener\">www.bzsl.de<\/a><\/p>\n<\/div>\n<\/div>\n<\/div>\n","protected":false},"excerpt":{"rendered":"<p>En savoir plus sur l&rsquo;association BZSL \u00c9couter<\/p>\n","protected":false},"author":12,"featured_media":0,"parent":6008,"menu_order":0,"comment_status":"closed","ping_status":"closed","template":"wp-custom-template-no-intro-blue-background","meta":{"_coblocks_attr":"","_coblocks_dimensions":"","_coblocks_responsive_height":"","_coblocks_accordion_ie_support":"","inline_featured_image":false,"footnotes":""},"class_list":["post-6011","page","type-page","status-publish","hentry"],"_links":{"self":[{"href":"https:\/\/bns.berlin\/fr\/wp-json\/wp\/v2\/pages\/6011","targetHints":{"allow":["GET"]}}],"collection":[{"href":"https:\/\/bns.berlin\/fr\/wp-json\/wp\/v2\/pages"}],"about":[{"href":"https:\/\/bns.berlin\/fr\/wp-json\/wp\/v2\/types\/page"}],"author":[{"embeddable":true,"href":"https:\/\/bns.berlin\/fr\/wp-json\/wp\/v2\/users\/12"}],"replies":[{"embeddable":true,"href":"https:\/\/bns.berlin\/fr\/wp-json\/wp\/v2\/comments?post=6011"}],"version-history":[{"count":3,"href":"https:\/\/bns.berlin\/fr\/wp-json\/wp\/v2\/pages\/6011\/revisions"}],"predecessor-version":[{"id":7451,"href":"https:\/\/bns.berlin\/fr\/wp-json\/wp\/v2\/pages\/6011\/revisions\/7451"}],"up":[{"embeddable":true,"href":"https:\/\/bns.berlin\/fr\/wp-json\/wp\/v2\/pages\/6008"}],"wp:attachment":[{"href":"https:\/\/bns.berlin\/fr\/wp-json\/wp\/v2\/media?parent=6011"}],"curies":[{"name":"wp","href":"https:\/\/api.w.org\/{rel}","templated":true}]}}