{"id":6009,"date":"2023-12-25T16:16:56","date_gmt":"2023-12-25T15:16:56","guid":{"rendered":"https:\/\/bns.berlin\/?page_id=6009"},"modified":"2025-12-01T10:06:29","modified_gmt":"2025-12-01T09:06:29","slug":"awo-kreisverband-berlin-mitte-e-v","status":"publish","type":"page","link":"https:\/\/bns.berlin\/fr\/service-specialise\/awo-kreisverband-berlin-mitte-e-v\/","title":{"rendered":"AWO Kreisverband Berlin-Mitte e.V."},"content":{"rendered":"\n<div class=\"wp-block-columns alignwide has-base-color has-primary-background-color has-text-color has-background has-link-color wp-elements-25e5e46f123fbfd05a5beba6e335a9c7 is-layout-flex wp-container-core-columns-is-layout-28f84493 wp-block-columns-is-layout-flex\" style=\"border-radius:25px\">\n<div class=\"wp-block-column is-layout-flow wp-block-column-is-layout-flow\">\n<h1 class=\"wp-block-heading has-base-color has-text-color has-link-color has-xxxl-font-size wp-elements-ddf1b783bcc635ab0207e65fc21a8993\" style=\"text-transform:none\">AWO Kreisverband Berlin-Mitte e.V.<\/h1>\n\n\n\n<p class=\"has-l-font-size\">Service sp\u00e9cialis\u00e9 pour la identification et consultation des r\u00e9fugi\u00e9.e.s particuli\u00e8rement vuln\u00e9rables<\/p>\n<\/div>\n<\/div>\n\n\n\n<h2 class=\"wp-block-heading is-style-screen-reader-text\">En savoir plus sur l&rsquo;association AWO Kreisverband Berlin-Mitte e.V.<\/h2>\n\n\n\n<div class=\"wp-block-columns alignwide is-layout-flex wp-container-core-columns-is-layout-28f84493 wp-block-columns-is-layout-flex\">\n<div class=\"wp-block-column is-layout-flow wp-block-column-is-layout-flow\">\n<div style=\"height:35px\" aria-hidden=\"true\" class=\"wp-block-spacer\"><\/div>\n\n\n\n<div id=\"readspeaker_button1\" class=\"rs_skip rsbtn rs_preserve\">\n    <a rel=\"nofollow\" class=\"rsbtn_play\" title=\"Pour \u00e9couter le texte, veuillez utiliser ReadSpeaker webReader\" href=\"https:\/\/app-eu.readspeaker.com\/cgi-bin\/rsent?customerid=14400&amp;lang=fr_fr&amp;readclass=awo&amp;url=https:\/\/bns.berlin\/fr\/service-specialise\/awo-kreisverband-berlin-mitte-e-v\/\">\n        <span class=\"rsbtn_left rsimg rspart\"><span class=\"rsbtn_text\"><span>\u00c9couter<\/span><\/span><\/span>\n        <span class=\"rsbtn_right rsimg rsplay rspart\"><\/span>\n    <\/a>\n<\/div>\n<\/div>\n<\/div>\n\n\n\n<div class=\"wp-block-columns alignwide awo has-contrast-alt-color has-text-color has-link-color wp-elements-7bd72d33ffda5f176e2e8a921edbe0ac is-layout-flex wp-container-core-columns-is-layout-6944e41c wp-block-columns-is-layout-flex\" style=\"border-radius:25px;margin-top:0;margin-bottom:0;padding-top:var(--wp--preset--spacing--s);padding-right:0;padding-bottom:var(--wp--preset--spacing--s);padding-left:0\">\n<div class=\"wp-block-column is-layout-flow wp-block-column-is-layout-flow\" style=\"padding-top:var(--wp--preset--spacing--m);padding-right:0;padding-bottom:var(--wp--preset--spacing--m);padding-left:0;flex-basis:60%\">\n<div class=\"wp-block-group has-custom-color-1-background-color has-background is-vertical is-layout-flex wp-container-core-group-is-layout-cf91af71 wp-block-group-is-layout-flex\" style=\"border-radius:25px;padding-top:var(--wp--preset--spacing--s);padding-right:0;padding-bottom:var(--wp--preset--spacing--s);padding-left:0\">\n<div class=\"wp-block-columns is-layout-flex wp-container-core-columns-is-layout-28f84493 wp-block-columns-is-layout-flex\">\n<div class=\"wp-block-column is-layout-flow wp-block-column-is-layout-flow\" style=\"padding-top:var(--wp--preset--spacing--s);padding-right:var(--wp--preset--spacing--m);padding-bottom:var(--wp--preset--spacing--s);padding-left:var(--wp--preset--spacing--m)\">\n<h3 class=\"wp-block-heading has-primary-color has-text-color has-m-font-size\" style=\"letter-spacing:0.05em;text-transform:none\">Nous vous informons de vos droits et vous proposons notre assistance, par ex. :<\/h3>\n\n\n\n<ul class=\"wp-block-list has-primary-color has-text-color has-link-color wp-elements-776e6622644f3d8997d56360874388ee\">\n<li>Proc\u00e9dure d\u00b4asile<\/li>\n\n\n\n<li>Conseils sociaux<\/li>\n\n\n\n<li>Formation et participation<\/li>\n\n\n\n<li>Maternit\u00e9<\/li>\n\n\n\n<li>Prestation de services de sant\u00e9 (Th\u00e9rapie, produits th\u00e9rapeutiques)<\/li>\n\n\n\n<li>Transfert \u00e0 des avocat.e.s<\/li>\n\n\n\n<li>Transferts \u00e0 des sp\u00e9cialistes en vue de l\u00b4\u00e9tablissement de certificats m\u00e9dicaux pour la proc\u00e9dure d\u00b4asile<\/li>\n<\/ul>\n<\/div>\n<\/div>\n<\/div>\n\n\n\n<div class=\"wp-block-group has-custom-color-1-background-color has-background is-vertical is-layout-flex wp-container-core-group-is-layout-cf91af71 wp-block-group-is-layout-flex\" style=\"border-radius:25px;padding-top:var(--wp--preset--spacing--s);padding-right:0;padding-bottom:var(--wp--preset--spacing--s);padding-left:0\">\n<div class=\"wp-block-columns is-layout-flex wp-container-core-columns-is-layout-28f84493 wp-block-columns-is-layout-flex\">\n<div class=\"wp-block-column is-layout-flow wp-block-column-is-layout-flow\" style=\"padding-top:var(--wp--preset--spacing--s);padding-right:var(--wp--preset--spacing--m);padding-bottom:var(--wp--preset--spacing--s);padding-left:var(--wp--preset--spacing--m)\">\n<p class=\"has-primary-color has-text-color has-m-font-size\"><strong><strong>Nous d\u00e9terminons ensemble l\u2019aide qu\u2019il vous faut.<\/strong><\/strong><\/p>\n<\/div>\n<\/div>\n<\/div>\n\n\n\n<div class=\"wp-block-group has-custom-color-1-background-color has-background is-vertical is-layout-flex wp-container-core-group-is-layout-cf91af71 wp-block-group-is-layout-flex\" style=\"border-radius:25px;padding-top:var(--wp--preset--spacing--s);padding-right:0;padding-bottom:var(--wp--preset--spacing--s);padding-left:0\">\n<div class=\"wp-block-columns is-layout-flex wp-container-core-columns-is-layout-28f84493 wp-block-columns-is-layout-flex\">\n<div class=\"wp-block-column is-layout-flow wp-block-column-is-layout-flow\" style=\"padding-top:var(--wp--preset--spacing--s);padding-right:var(--wp--preset--spacing--m);padding-bottom:var(--wp--preset--spacing--s);padding-left:var(--wp--preset--spacing--m)\">\n<h3 class=\"wp-block-heading has-primary-color has-text-color has-m-font-size\" style=\"letter-spacing:0.05em;text-transform:none\">Nous vous soutenons par exemple:<\/h3>\n\n\n\n<ul class=\"wp-block-list has-primary-color has-text-color has-link-color wp-elements-deda2ee58d7bc29cf43567364b9cdec4\">\n<li>Au cours de la proc\u00e9dure d`asile<\/li>\n\n\n\n<li>Le placement aupr\u00e8s d`avocats et de sp\u00e9cialistes<\/li>\n\n\n\n<li>Nous vous \u00e9tablissons un contact un sp\u00e9cialiste pour la d\u00e9livrance d`un certificat m\u00e9dical pour les proc\u00e9dures d\u00b4asile<\/li>\n\n\n\n<li>Changement de responsabilit\u00e9 demande d\u00b4asile Berlin<\/li>\n\n\n\n<li>En Allemagne: le regroupement familial de base dans les proc\u00b4\u00e9dures d\u00b4asiles<\/li>\n\n\n\n<li>Besoins suppl\u00e9mentaires pour les femmes enceintes et leurs nouvaux-n\u00e9s<\/li>\n\n\n\n<li>Besoins suppl\u00e9mentaires pour parents \u00e9levant seuls leurs enfants<\/li>\n\n\n\n<li>Prestation du paquet \u00ab&nbsp;\u00e9ducation et participation&nbsp;\u00bb pour les enfants et les jeunes<\/li>\n\n\n\n<li>Besoins suppl\u00e9mentaires pour les enfants et les jeunes<\/li>\n\n\n\n<li>Besoins suppl\u00e9mentaires li\u00e9s aux maladies et handicaps permanents<\/li>\n\n\n\n<li>Prestations de sant\u00e9 (soins naturels, psychoth\u00e9rapie, aides, substitus corporels, th\u00e9rapies sp\u00e9ciales, frais d\u00b4interpr\u00e8te pourles besoins m\u00e9dicaux)<\/li>\n<\/ul>\n<\/div>\n<\/div>\n<\/div>\n\n\n\n<div class=\"wp-block-group has-custom-color-1-background-color has-background is-vertical is-layout-flex wp-container-core-group-is-layout-cf91af71 wp-block-group-is-layout-flex\" style=\"border-radius:25px;padding-top:var(--wp--preset--spacing--s);padding-right:0;padding-bottom:var(--wp--preset--spacing--s);padding-left:0\">\n<div class=\"wp-block-columns is-layout-flex wp-container-core-columns-is-layout-28f84493 wp-block-columns-is-layout-flex\">\n<div class=\"wp-block-column is-layout-flow wp-block-column-is-layout-flow\" style=\"padding-top:var(--wp--preset--spacing--s);padding-right:var(--wp--preset--spacing--m);padding-bottom:var(--wp--preset--spacing--s);padding-left:var(--wp--preset--spacing--m)\">\n<h3 class=\"wp-block-heading has-primary-color has-text-color has-m-font-size\" style=\"letter-spacing:0.05em;text-transform:none\">Nous vous conseillons quant \u00e0 votre situation d\u2019h\u00e9bergement (place en foyer).<\/h3>\n\n\n\n<ul class=\"wp-block-list has-primary-color has-text-color has-link-color wp-elements-7e1d05448aa72122e522931849a4082d\">\n<li>Besoins particuliers ( logements s\u00e9curis\u00e9s ou accessibles pour personnes \u00e0 mobilit\u00e9 r\u00e9duites, chambre seuls, salle de bain particuli\u00e8re, lib\u00e9ration anticip\u00e9e du premier centre d\u00b4h\u00e9bergement pour r\u00e9fugi\u00e9.e.s)<\/li>\n\n\n\n<li>Mise en relation avec le programme de LAF \u201e habitats pour les r\u00e9fugi\u00e9.e.s&nbsp;\u00bb<\/li>\n\n\n\n<li>R\u00f4le d\u2019interm\u00e9diaire du LAF dans le transfert de foyer<\/li>\n<\/ul>\n\n\n\n<h3 class=\"wp-block-heading has-primary-color has-text-color has-link-color has-m-font-size wp-elements-967d17035cd6a040da361f41bb5ea7ee\">Nous vous conseillons quant \u00e0 votre situation d\u2019h\u00e9bergement (place en foyer).<\/h3>\n\n\n\n<ul style=\"color:#005ba8\" class=\"wp-block-list\">\n<li>LAF<\/li>\n\n\n\n<li>Services d\u2019arrondissement<\/li>\n\n\n\n<li>BAMF<\/li>\n<\/ul>\n<\/div>\n<\/div>\n<\/div>\n\n\n\n<div class=\"wp-block-group has-custom-color-1-background-color has-background is-vertical is-layout-flex wp-container-core-group-is-layout-cf91af71 wp-block-group-is-layout-flex\" style=\"border-radius:25px;padding-top:var(--wp--preset--spacing--s);padding-right:0;padding-bottom:var(--wp--preset--spacing--s);padding-left:0\">\n<div class=\"wp-block-columns is-layout-flex wp-container-core-columns-is-layout-28f84493 wp-block-columns-is-layout-flex\">\n<div class=\"wp-block-column is-layout-flow wp-block-column-is-layout-flow\" style=\"padding-top:var(--wp--preset--spacing--s);padding-right:var(--wp--preset--spacing--m);padding-bottom:var(--wp--preset--spacing--s);padding-left:var(--wp--preset--spacing--m)\">\n<p class=\"has-primary-color has-text-color has-m-font-size\"><strong><strong><strong>Nous vous dirigeons vers des offres sociales, juridiques et sanitaires, si vous le souhaitez.<\/strong><\/strong><\/strong><\/p>\n<\/div>\n<\/div>\n<\/div>\n\n\n\n<div class=\"wp-block-group has-border-color has-custom-color-2-border-color has-base-background-color has-background is-vertical is-layout-flex wp-container-core-group-is-layout-cf91af71 wp-block-group-is-layout-flex\" style=\"border-width:3px;border-radius:25px;padding-top:var(--wp--preset--spacing--s);padding-right:0;padding-bottom:var(--wp--preset--spacing--s);padding-left:0\">\n<div class=\"wp-block-columns is-layout-flex wp-container-core-columns-is-layout-28f84493 wp-block-columns-is-layout-flex\">\n<div class=\"wp-block-column is-layout-flow wp-block-column-is-layout-flow\" style=\"border-radius:25px;padding-top:var(--wp--preset--spacing--s);padding-right:var(--wp--preset--spacing--m);padding-bottom:var(--wp--preset--spacing--s);padding-left:var(--wp--preset--spacing--m)\">\n<figure class=\"wp-block-image size-full is-resized\"><img loading=\"lazy\" decoding=\"async\" width=\"400\" height=\"179\" src=\"https:\/\/bns.berlin\/wp-content\/uploads\/2023\/11\/AWO_logo_400.jpg\" alt=\"Logo AWO Kreisverband Berlin-Mitte e.V.\" class=\"wp-image-5004\" style=\"width:400px\" srcset=\"https:\/\/bns.berlin\/wp-content\/uploads\/2023\/11\/AWO_logo_400.jpg 400w, https:\/\/bns.berlin\/wp-content\/uploads\/2023\/11\/AWO_logo_400-300x134.jpg 300w\" sizes=\"auto, (max-width: 400px) 100vw, 400px\" \/><\/figure>\n<\/div>\n<\/div>\n<\/div>\n<\/div>\n\n\n\n<div class=\"wp-block-column is-layout-flow wp-block-column-is-layout-flow\" style=\"padding-top:var(--wp--preset--spacing--m);padding-bottom:var(--wp--preset--spacing--m)\">\n<div class=\"wp-block-group has-border-color has-custom-color-2-border-color has-base-background-color has-background is-vertical is-layout-flex wp-container-core-group-is-layout-aedf0d0a wp-block-group-is-layout-flex\" style=\"border-width:3px;border-radius:25px;padding-top:var(--wp--preset--spacing--m);padding-right:var(--wp--preset--spacing--s);padding-bottom:var(--wp--preset--spacing--m);padding-left:var(--wp--preset--spacing--s)\">\n<h3 class=\"wp-block-heading is-style-screen-reader-text\" style=\"text-transform:none\">Contact AWO Kreisverband Berlin-Mitte e.V.<\/h3>\n\n\n\n<p class=\"info termine has-primary-color has-text-color has-link-color has-m-font-size wp-elements-70514a31d1665ce870a6e9c5971890f5\" style=\"font-style:normal;font-weight:500\"><strong><strong>Contactez-nous et dites-nous ce dont vous avez besoin.<\/strong><\/strong><\/p>\n\n\n\n<p class=\"info has-primary-color has-text-color has-link-color has-m-font-size wp-elements-f4bfa3b41309a6ed4b3cdaa18926f2af\" style=\"font-style:normal;font-weight:500\"><strong><strong><strong>Les rendez-vous doivent \u00eatre pris par t\u00e9l\u00e9phone ou par e-mail&nbsp;:<\/strong><\/strong><\/strong><\/p>\n\n\n\n<h4 class=\"wp-block-heading is-style-screen-reader-text has-m-font-size\" style=\"letter-spacing:0.05em;text-transform:uppercase\">T\u00e9l\u00e9phone<\/h4>\n\n\n\n<p class=\"info telefon has-primary-color has-text-color has-link-color wp-elements-ce36e8e81ecc1706097e026e661d7928\">lundi \u2013 vendredi<br>de 10 \u00e0 16 heures<\/p>\n\n\n\n<p class=\"info has-primary-color has-text-color has-link-color wp-elements-a42e39dffa590472fcf67b5cfb75805b\">lundi \u2013 jeudi<br>de 10 \u00e0 17 heures<\/p>\n\n\n\n<ul class=\"wp-block-list info is-style-no-bullets has-primary-color has-text-color has-link-color wp-elements-31b265b90a8000513709c1477f4ccafc\">\n<li><a href=\"tel:+491783390473\">0178 339 0473<\/a><\/li>\n\n\n\n<li><a href=\"tel:+4915120443004\">0151 2044 3004<\/a><\/li>\n<\/ul>\n\n\n\n<h4 class=\"wp-block-heading is-style-screen-reader-text has-m-font-size\" style=\"letter-spacing:0.05em;text-transform:uppercase\">E-Mail<\/h4>\n\n\n\n<p class=\"info email has-primary-color has-text-color has-link-color wp-elements-1fd2d75c45d058f7f8bf7db0886f95ce\"><a href=\"mailto:bns@awo-mitte.de\"><\/a><a href=\"mailto:bns@awo-mitte.de\">bns@awo-mitte.de<\/a><\/p>\n\n\n\n<h4 class=\"wp-block-heading is-style-screen-reader-text has-m-font-size\" style=\"letter-spacing:0.05em;text-transform:uppercase\">M\u00e9diation linguistique<\/h4>\n\n\n\n<p class=\"info sprache has-primary-color has-text-color has-link-color wp-elements-f931dd86bbe037a6718001ff278dbb19\" style=\"font-style:normal;font-weight:500\"><strong><strong><strong><strong>Nous vous assistons dans les langues suivantes :<\/strong><\/strong><\/strong><\/strong><\/p>\n\n\n\n<p class=\"info has-primary-color has-text-color has-link-color wp-elements-49ac8e6a62f6603ecf907df00847f024\">En arabe, farsi\/dari, fran\u00e7ais, anglais, russe<\/p>\n\n\n\n<p class=\"info has-primary-color has-text-color has-link-color wp-elements-b0698249828615fdbfa1ec7886959a0a\">D\u2019autres langues sont disponibles sur demande.<\/p>\n\n\n\n<p class=\"info has-primary-color has-text-color has-link-color wp-elements-d9a87a3d4923d24069d1ea004d67887e\">Si vous le souhaitez, nous pouvons \u00e9galement vous conseiller de mani\u00e8re anonyme. Dans ce cas, vous n\u2019avez pas \u00e0 nous donner votre nom.<\/p>\n\n\n\n<h4 class=\"wp-block-heading is-style-screen-reader-text has-m-font-size\" style=\"letter-spacing:0.05em;text-transform:uppercase\">Adresse<\/h4>\n\n\n\n<p class=\"info adresse has-primary-color has-text-color has-link-color wp-elements-910022101c3cc45bb528aca64e20eea6\" style=\"font-style:normal;font-weight:400\"><strong>AWO Kreisverband Berlin-Mitte e.V.<\/strong><br>Prenzlauer Allee 8<br>10405 Berlin<\/p>\n\n\n\n<ul class=\"wp-block-list is-style-no-bullets info has-primary-color has-text-color has-link-color wp-elements-e710ed3589ec2ec0e53c4f10af0c1068\">\n<li><img loading=\"lazy\" decoding=\"async\" width=\"20\" height=\"20\" class=\"wp-image-8340\" style=\"width: 20px;\" src=\"https:\/\/bns.berlin\/wp-content\/uploads\/2024\/12\/Tram-Logo.svg-e1733411059888.png\" alt=\"\"> Tram M2 Prenzlauer Allee\/Metzer Str.<\/li>\n\n\n\n<li><img decoding=\"async\" vertical-align=\"middle\" width=\"18px\" src=\"https:\/\/bns.berlin\/wp-content\/uploads\/2023\/11\/U-Bahn.jpg\"> U-Bahn U2 Senefelder platz oder Rosa-Luxemburg-Platz<\/li>\n\n\n\n<li><img decoding=\"async\" vertical-align=\"middle\" width=\"18px\" src=\"https:\/\/bns.berlin\/wp-content\/uploads\/2023\/11\/bus25.png\"> Bus 142 Mollstr.\/Prenzlauer Allee<\/li>\n<\/ul>\n\n\n\n<p class=\"info has-primary-color has-text-color has-link-color wp-elements-0d0fdaa8f197895c708f3217a67ea376\">Nos locaux ne sont&nbsp;<strong>pas<\/strong>&nbsp;accessibles aux personnes \u00e0 mobilit\u00e9 r\u00e9duite.<\/p>\n\n\n\n<p class=\"info has-primary-color has-text-color has-link-color wp-elements-b1bae5084be3ccf9e327ff1048d0e778\"><a href=\"https:\/\/www.google.com\/maps\/dir\/Prinzenstra%C3%9Fe+96,+10969+Berlin\/Prinzenstra%C3%9Fe+96,+10969+Berlin\/@52.5010733,13.4040106,16z\/data=!3m1!4b1!4m14!4m13!1m5!1m1!1s0x47a84e2ce3129f71:0x274c2761cf4e4850!2m2!1d13.408388!2d52.5010734!1m5!1m1!1s0x47a84e2ce3129f71:0x274c2761cf4e4850!2m2!1d13.408388!2d52.5010734!3e3\">Itin\u00e9raire par Google Maps<\/a><\/p>\n\n\n\n<h4 class=\"wp-block-heading is-style-screen-reader-text has-m-font-size\" style=\"letter-spacing:0.05em;text-transform:uppercase\">Link<\/h4>\n\n\n\n<p class=\"info web has-primary-color has-text-color has-link-color wp-elements-584cb3455e489a95a78e89e26e737f94\" style=\"font-style:normal;font-weight:400\"><strong>Retrouvez nos offres additionnelles dans notre organisation sur :<\/strong><br><a href=\"https:\/\/awo-mitte.de\/gefluechtet-asyl\/#beratungprojekte\">awo-mitte.de<\/a><\/p>\n<\/div>\n<\/div>\n<\/div>\n","protected":false},"excerpt":{"rendered":"<p>En savoir plus sur l&rsquo;association AWO Kreisverband Berlin-Mitte e.V. \u00c9couter<\/p>\n","protected":false},"author":12,"featured_media":0,"parent":6008,"menu_order":0,"comment_status":"closed","ping_status":"closed","template":"wp-custom-template-no-intro-blue-background","meta":{"_coblocks_attr":"","_coblocks_dimensions":"","_coblocks_responsive_height":"","_coblocks_accordion_ie_support":"","inline_featured_image":false,"footnotes":""},"class_list":["post-6009","page","type-page","status-publish","hentry"],"_links":{"self":[{"href":"https:\/\/bns.berlin\/fr\/wp-json\/wp\/v2\/pages\/6009","targetHints":{"allow":["GET"]}}],"collection":[{"href":"https:\/\/bns.berlin\/fr\/wp-json\/wp\/v2\/pages"}],"about":[{"href":"https:\/\/bns.berlin\/fr\/wp-json\/wp\/v2\/types\/page"}],"author":[{"embeddable":true,"href":"https:\/\/bns.berlin\/fr\/wp-json\/wp\/v2\/users\/12"}],"replies":[{"embeddable":true,"href":"https:\/\/bns.berlin\/fr\/wp-json\/wp\/v2\/comments?post=6009"}],"version-history":[{"count":3,"href":"https:\/\/bns.berlin\/fr\/wp-json\/wp\/v2\/pages\/6009\/revisions"}],"predecessor-version":[{"id":7437,"href":"https:\/\/bns.berlin\/fr\/wp-json\/wp\/v2\/pages\/6009\/revisions\/7437"}],"up":[{"embeddable":true,"href":"https:\/\/bns.berlin\/fr\/wp-json\/wp\/v2\/pages\/6008"}],"wp:attachment":[{"href":"https:\/\/bns.berlin\/fr\/wp-json\/wp\/v2\/media?parent=6009"}],"curies":[{"name":"wp","href":"https:\/\/api.w.org\/{rel}","templated":true}]}}