{"id":1549,"date":"2020-09-14T16:42:54","date_gmt":"2020-09-14T14:42:54","guid":{"rendered":"https:\/\/bns.berlin\/startseite\/"},"modified":"2026-02-05T14:40:54","modified_gmt":"2026-02-05T13:40:54","slug":"page-d-accueil","status":"publish","type":"page","link":"https:\/\/bns.berlin\/fr\/","title":{"rendered":"Page d&rsquo;accueil"},"content":{"rendered":"\n<h1 class=\"wp-block-heading is-style-screen-reader-text\">Page d&rsquo;accueil<\/h1>\n\n\n\n<div class=\"wp-block-columns alignfull hasnopadding is-layout-flex wp-container-core-columns-is-layout-2a827f30 wp-block-columns-is-layout-flex\" style=\"margin-top:0;margin-bottom:0;padding-top:0;padding-right:var(--wp--preset--spacing--xl);padding-bottom:0;padding-left:var(--wp--preset--spacing--xl)\">\n<div class=\"wp-block-column is-style-default has-base-color has-primary-background-color has-text-color has-background has-link-color wp-elements-d69ed7cb0ed0484565214515f57dc634 is-layout-flow wp-container-core-column-is-layout-3c9514c8 wp-block-column-is-layout-flow\" style=\"border-style:none;border-width:0px;border-radius:25px;margin-top:0;margin-bottom:0;padding-top:0;padding-right:0;padding-bottom:0;padding-left:0\">\n<div class=\"wp-block-group has-primary-background-color has-background is-vertical is-layout-flex wp-container-core-group-is-layout-d19d86a7 wp-block-group-is-layout-flex\" style=\"border-radius:25px;margin-top:0;margin-bottom:0;padding-top:var(--wp--preset--spacing--m);padding-right:var(--wp--preset--spacing--s);padding-bottom:var(--wp--preset--spacing--m);padding-left:var(--wp--preset--spacing--s)\">\n<p class=\"has-xxl-font-size\" style=\"padding-right:var(--wp--preset--spacing--s);padding-left:var(--wp--preset--spacing--s);line-height:1.2\"><strong>Nos offres de conseil<\/strong><\/p>\n<\/div>\n\n\n\n<figure class=\"wp-block-image alignright size-large is-resized\" style=\"margin-top:0;margin-right:0;margin-bottom:0;margin-left:var(--wp--preset--spacing--content);padding-top:0;padding-right:0;padding-bottom:0;padding-left:0\"><a href=\"https:\/\/bns.berlin\/fr\/je-souhaite-recevoir-des-conseils\/\"><img decoding=\"async\" src=\"https:\/\/bns.berlin\/wp-content\/uploads\/2023\/11\/arrow-small-right-white.svg\" alt=\"Ich m\u00f6chte beraten werden\" class=\"wp-image-4304\" style=\"width:122px;height:auto\"\/><\/a><\/figure>\n<\/div>\n\n\n\n<div class=\"wp-block-column is-style-default has-base-color has-primary-mixed-background-color has-text-color has-background has-link-color wp-elements-034437c88fb4c9bf50bb4479b8a9565a has-global-padding is-content-justification-center is-layout-constrained wp-container-core-column-is-layout-ef2a8ed2 wp-block-column-is-layout-constrained\" style=\"border-style:none;border-width:0px;border-radius:25px;margin-top:0;margin-bottom:0;padding-top:0;padding-right:0;padding-bottom:0;padding-left:0\">\n<div class=\"wp-block-group has-primary-mixed-background-color has-background is-vertical is-layout-flex wp-container-core-group-is-layout-d19d86a7 wp-block-group-is-layout-flex\" style=\"border-radius:25px;margin-top:0;margin-bottom:0;padding-top:var(--wp--preset--spacing--m);padding-right:var(--wp--preset--spacing--s);padding-bottom:var(--wp--preset--spacing--m);padding-left:var(--wp--preset--spacing--s)\">\n<p class=\"has-base-color has-text-color has-link-color has-xxl-font-size wp-elements-f71432f0c722df81041b8b0ff2af9583\" style=\"line-height:1.2\"><strong>Qui somme-nous?<\/strong><\/p>\n<\/div>\n\n\n\n<figure class=\"wp-block-image alignright size-large is-resized\" style=\"margin-top:0;margin-right:0;margin-bottom:0;margin-left:var(--wp--preset--spacing--content);padding-top:0;padding-right:0;padding-bottom:0;padding-left:0\"><a href=\"https:\/\/bns.berlin\/bns\/\"><img decoding=\"async\" src=\"https:\/\/bns.berlin\/wp-content\/uploads\/2023\/11\/arrow-small-right-white.svg\" alt=\"\u00dcber das BNS\" class=\"wp-image-4304\" style=\"width:122px;height:auto\"\/><\/a><\/figure>\n<\/div>\n<\/div>\n\n\n\n<div class=\"wp-block-columns alignfull is-layout-flex wp-container-core-columns-is-layout-2a827f30 wp-block-columns-is-layout-flex\" style=\"margin-top:0;margin-bottom:0;padding-top:0;padding-right:var(--wp--preset--spacing--xl);padding-bottom:0;padding-left:var(--wp--preset--spacing--xl)\">\n<div class=\"wp-block-column is-style-default has-base-color has-secondary-mixed-background-color has-text-color has-background has-link-color wp-elements-032fdf63907870418dddbfedb5f6955f has-global-padding is-layout-constrained wp-container-core-column-is-layout-1671d1b3 wp-block-column-is-layout-constrained\" style=\"border-style:none;border-width:0px;border-radius:25px;margin-top:var(--wp--preset--spacing--m);margin-bottom:var(--wp--preset--spacing--m);padding-top:0;padding-right:0;padding-bottom:0;padding-left:0\">\n<div class=\"wp-block-group offre-conseil has-secondary-mixed-background-color has-background is-vertical is-layout-flex wp-container-core-group-is-layout-d19d86a7 wp-block-group-is-layout-flex\" style=\"border-radius:25px;margin-top:0;margin-bottom:0;padding-top:var(--wp--preset--spacing--m);padding-right:var(--wp--preset--spacing--s);padding-bottom:var(--wp--preset--spacing--m);padding-left:var(--wp--preset--spacing--s)\">\n<h2 class=\"wp-block-heading is-style-screen-reader-text has-base-color has-text-color has-link-color wp-elements-0335c41804510c5d55a997da7027317c\">Offres de conseil de la BNS<\/h2>\n\n\n\n<div id=\"readspeaker_button1\" class=\"rs_skip rsbtn rs_preserve\">\n    <a rel=\"nofollow\" class=\"rsbtn_play\" title=\"Pour \u00e9couter le texte, veuillez utiliser ReadSpeaker webReader\" href=\"https:\/\/app-eu.readspeaker.com\/cgi-bin\/rsent?customerid=14400&amp;lang=fr_fr&amp;readclass=offre-conseil&amp;url=https:\/\/bns.berlin\/fr\/\">\n        <span class=\"rsbtn_left rsimg rspart\"><span class=\"rsbtn_text\"><span>\u00c9couter<\/span><\/span><\/span>\n        <span class=\"rsbtn_right rsimg rsplay rspart\"><\/span>\n    <\/a>\n<\/div>\n\n\n\n<div style=\"height:0px\" aria-hidden=\"true\" class=\"wp-block-spacer wp-container-content-8af585c5\"><\/div>\n\n\n\n<p class=\"has-m-font-size\" style=\"line-height:1.5\">Nous sommes le \u00ab R\u00e9seau Berlinois pour les r\u00e9fugi\u00e9.e.s particuli\u00e8rement vuln\u00e9rables \u00bb (BNS). Ensemble, le BNS s\u2019engage pour les \u00eatres humains, qui selon le \u00a7 21 de la directive 2013\/33\/EU de l\u2019UE sur les conditions d\u2019accueil sont reconnus comme des personnes requ\u00e9rant des besoins sp\u00e9cifiques. Nos conseils sont dans plusieurs langues. Nos conseils sont gratuits. Ca veut dire que vous ne doivent rien payer. Nos conseils sont confidentiels. Ca signifie: Nous ne disons \u00e0 personne que vous nous avez appel\u00e9, et nous ne disons \u00e0 personne ce que vous nous dites. A part si vous le souhaitez.<br><\/p>\n\n\n\n<p>Depuis 2008, nous conseillons et venons en aide aux :<\/p>\n\n\n\n<ul class=\"wp-block-list\" style=\"line-height:2\">\n<li><a href=\"https:\/\/bns.berlin\/fr\/service-specialise\/kommmit-bbz\/\" data-type=\"page\" data-id=\"6012\"><strong>Mineur.es et mineur.es non accompagn\u00e9.es (enfants et adolescent.e.s aux moins de 18 ans)<\/strong><\/a><\/li>\n\n\n\n<li><a href=\"https:\/\/bns.berlin\/fr\/service-specialise\/kommmit-bbz\/\" data-type=\"page\" data-id=\"6012\"><strong>Jeunes majeur.e.s<\/strong><\/a><\/li>\n\n\n\n<li><a href=\"https:\/\/bns.berlin\/fr\/service-specialise\/bzsl\/\" data-type=\"page\" data-id=\"6011\"><strong>Personnes en situation de handicap<\/strong><\/a><\/li>\n\n\n\n<li><a href=\"https:\/\/bns.berlin\/fr\/service-specialise\/bzsl\/\" data-type=\"page\" data-id=\"6011\"><strong>Personnes avec une grave maladie ou une maladie chronique<\/strong><\/a><\/li>\n\n\n\n<li><a href=\"https:\/\/bns.berlin\/fr\/service-specialise\/bzsl\/\" data-type=\"page\" data-id=\"6011\"><strong>Personnes de plus de 60 ans<\/strong><\/a><\/li>\n\n\n\n<li><a href=\"https:\/\/bns.berlin\/fr\/service-specialise\/kub\/\" data-type=\"page\" data-id=\"6010\"><strong>Femmes enceintes<\/strong><\/a><\/li>\n\n\n\n<li><a href=\"https:\/\/bns.berlin\/fr\/service-specialise\/kub\/\" data-type=\"page\" data-id=\"6010\"><strong>Parents isol\u00e9s avec enfants mineurs (parents seuls avec leurs enfants aux moins de 18 ans en Allemagne)<\/strong><\/a><\/li>\n\n\n\n<li><a href=\"https:\/\/bns.berlin\/fr\/service-specialise\/kub\/\" data-type=\"page\" data-id=\"6010\"><strong>Femmes seules (Femmes sans famille \u00e0 Berlin)<\/strong><\/a><\/li>\n\n\n\n<li><a href=\"https:\/\/bns.berlin\/fr\/service-specialise\/kub\/\" data-type=\"page\" data-id=\"6010\"><strong>Femmes qui ont v\u00e9cues des violences<\/strong><\/a><\/li>\n\n\n\n<li><strong><a href=\"https:\/\/bns.berlin\/fr\/je-souhaite-recevoir-des-conseils\/xenion-et-zentrum-uberleben\/\" data-type=\"page\" data-id=\"6027\">personnes ayant subi des violences physiques,sexuelles,ou psychologiques graves, tortures ou viols.<\/a><\/strong><\/li>\n\n\n\n<li><a href=\"https:\/\/bns.berlin\/fr\/je-souhaite-recevoir-des-conseils\/xenion-et-zentrum-uberleben\/\" data-type=\"page\" data-id=\"6027\"><strong>Personnes traumatis\u00e9es<\/strong><\/a><\/li>\n\n\n\n<li><a href=\"https:\/\/bns.berlin\/fr\/je-souhaite-recevoir-des-conseils\/xenion-et-zentrum-uberleben\/\" data-type=\"page\" data-id=\"6027\"><strong>Victimes de torture<\/strong><\/a><\/li>\n\n\n\n<li><strong><a href=\"https:\/\/bns.berlin\/fr\/je-souhaite-recevoir-des-conseils\/xenion-et-zentrum-uberleben\/\" data-type=\"page\" data-id=\"6027\">Personnes souffrant de troubles mentaux ou de maladies mentales.<\/a><\/strong><\/li>\n\n\n\n<li><a href=\"https:\/\/bns.berlin\/fr\/service-specialise\/schwulenberatung-berlin\/\" data-type=\"page\" data-id=\"6013\"><strong>Gay, Lesbienne, Bisexuel, Trans* et Inter* (LSBTI*)<\/strong><\/a><\/li>\n<\/ul>\n<\/div>\n<\/div>\n\n\n\n<div class=\"wp-block-column is-style-default has-base-color has-base-background-color has-text-color has-background has-link-color wp-elements-40c0636e40116cc06ef30b6f78bb1218 is-layout-flow wp-container-core-column-is-layout-8ecafae9 wp-block-column-is-layout-flow\" style=\"border-style:none;border-width:0px;border-radius:25px;margin-top:var(--wp--preset--spacing--m);margin-bottom:var(--wp--preset--spacing--m);padding-top:0;padding-right:0;padding-bottom:0;padding-left:0\">\n<div class=\"wp-block-group question has-secondary-mixed-background-color has-background is-vertical is-content-justification-left is-layout-flex wp-container-core-group-is-layout-e8ddf4a2 wp-block-group-is-layout-flex\" style=\"border-radius:25px;margin-top:0;margin-bottom:var(--wp--preset--spacing--m);padding-top:var(--wp--preset--spacing--m);padding-right:var(--wp--preset--spacing--m);padding-bottom:var(--wp--preset--spacing--m);padding-left:var(--wp--preset--spacing--m)\">\n<div id=\"readspeaker_button1\" class=\"rs_skip rsbtn rs_preserve\">\n    <a rel=\"nofollow\" class=\"rsbtn_play\" title=\"Pour \u00e9couter le texte, veuillez utiliser ReadSpeaker webReader\" href=\"https:\/\/app-eu.readspeaker.com\/cgi-bin\/rsent?customerid=14400&amp;lang=fr_fr&amp;readclass=question&amp;url=https:\/\/bns.berlin\/fr\/\">\n        <span class=\"rsbtn_left rsimg rspart\"><span class=\"rsbtn_text\"><span>\u00c9couter<\/span><\/span><\/span>\n        <span class=\"rsbtn_right rsimg rsplay rspart\"><\/span>\n    <\/a>\n<\/div>\n\n\n\n<h2 class=\"wp-block-heading is-style-default has-base-color has-text-color has-link-color has-xl-font-size wp-elements-5eefb97737facbf53401ba1fa4e56f67\"><strong><strong>Avez-vous des questions?<\/strong><\/strong><\/h2>\n\n\n\n<p class=\"has-xl-font-size\" style=\"line-height:1.5\"><strong><strong>Vous avez besoin de notre aide?<\/strong><\/strong><\/p>\n\n\n\n<p class=\"has-m-font-size\">Nous discutons avec vous de votre situation personelle.<\/p>\n\n\n\n<p class=\"has-m-font-size\">Nous cherchons des solutions ensemble.<\/p>\n\n\n\n<p class=\"has-m-font-size\">Nous traitons vos informations de mani\u00e8re confidentielle.<\/p>\n<\/div>\n\n\n\n<div class=\"wp-block-group specialise has-secondary-mixed-background-color has-background is-vertical is-layout-flex wp-container-core-group-is-layout-d19d86a7 wp-block-group-is-layout-flex\" style=\"border-radius:25px;margin-top:0;margin-bottom:0;padding-top:var(--wp--preset--spacing--m);padding-right:var(--wp--preset--spacing--s);padding-bottom:var(--wp--preset--spacing--m);padding-left:var(--wp--preset--spacing--s)\">\n<div class=\"wp-block-columns is-layout-flex wp-container-core-columns-is-layout-28f84493 wp-block-columns-is-layout-flex\">\n<div class=\"wp-block-column is-layout-flow wp-block-column-is-layout-flow\" style=\"padding-right:20px;padding-left:20px\">\n<div id=\"readspeaker_button1\" class=\"rs_skip rsbtn rs_preserve\">\n    <a rel=\"nofollow\" class=\"rsbtn_play\" title=\"Pour \u00e9couter le texte, veuillez utiliser ReadSpeaker webReader\" href=\"https:\/\/app-eu.readspeaker.com\/cgi-bin\/rsent?customerid=14400&amp;lang=fr_fr&amp;readclass=specialise&amp;url=https:\/\/bns.berlin\/fr\/\">\n        <span class=\"rsbtn_left rsimg rspart\"><span class=\"rsbtn_text\"><span>\u00c9couter<\/span><\/span><\/span>\n        <span class=\"rsbtn_right rsimg rsplay rspart\"><\/span>\n    <\/a>\n<\/div>\n<\/div>\n<\/div>\n\n\n\n<h2 class=\"wp-block-heading has-base-color has-text-color has-link-color has-xl-font-size wp-elements-d924f6a86079ef2303c70a5cb07caa1d\" style=\"padding-right:20px;padding-left:20px;line-height:1.5\"><strong>Entre autres, le centre de conseil sp\u00e9cialis\u00e9 suivant est \u00e0 la disposition des victimes de la traite des 1etres humains \u00e0 Berlin:<\/strong><\/h2>\n\n\n\n<h3 class=\"wp-block-heading has-base-color has-text-color has-link-color has-m-font-size wp-elements-7472c9ef54870ad2b1acd0927ee990db\" style=\"padding-right:20px;padding-left:20px;line-height:1.2\"><strong>Ban Ying e.V.<\/strong><\/h3>\n\n\n\n<p style=\"padding-right:20px;padding-left:20px\">Koordinations- und Beratungsstelle gegen Menschenhandel<br><a href=\"http:\/\/www.ban-ying.de\/\" target=\"_blank\" rel=\"noreferrer noopener\">www.ban-ying.de<\/a><\/p>\n\n\n\n<h3 class=\"wp-block-heading has-base-color has-text-color has-link-color has-m-font-size wp-elements-2db27983f5cafa4563746961272d61a1\" style=\"padding-right:20px;padding-left:20px;line-height:1.2\"><strong>In VIA<\/strong><\/h3>\n\n\n\n<p style=\"padding-right:20px;padding-left:20px\">Beratungsstelle f\u00fcr von Menschenhandel betroffene Frauen<br><a href=\"http:\/\/www.invia-berlin.de\/\" target=\"_blank\" rel=\"noreferrer noopener\">www.invia-berlin.de<\/a><\/p>\n\n\n\n<h3 class=\"wp-block-heading has-base-color has-text-color has-link-color has-m-font-size wp-elements-41d9a581541fdb053f766398edbc9139\" style=\"padding-right:20px;padding-left:20px;line-height:1.2\"><strong>SOLWODI<\/strong><\/h3>\n\n\n\n<p style=\"padding-right:20px;padding-left:20px\"><a href=\"http:\/\/www.solwodi-berlin.de\/\" target=\"_blank\" rel=\"noreferrer noopener\">www.solwodi-berlin.de<\/a><\/p>\n<\/div>\n<\/div>\n<\/div>\n\n\n\n<hr class=\"wp-block-separator alignfull has-text-color has-primary-color has-alpha-channel-opacity has-primary-background-color has-background is-style-wide\" style=\"margin-top:var(--wp--preset--spacing--s);margin-bottom:var(--wp--preset--spacing--s)\"\/>\n","protected":false},"excerpt":{"rendered":"<p>Page d&rsquo;accueil Nos offres de conseil Qui somme-nous? Offres de conseil de la BNS \u00c9couter Nous sommes le \u00ab R\u00e9seau Berlinois pour les r\u00e9fugi\u00e9.e.s&hellip;<\/p>\n","protected":false},"author":1,"featured_media":0,"parent":0,"menu_order":84,"comment_status":"closed","ping_status":"closed","template":"custom-no-intro","meta":{"_coblocks_attr":"","_coblocks_dimensions":"","_coblocks_responsive_height":"","_coblocks_accordion_ie_support":"","inline_featured_image":false,"footnotes":""},"class_list":["post-1549","page","type-page","status-publish","hentry"],"_links":{"self":[{"href":"https:\/\/bns.berlin\/fr\/wp-json\/wp\/v2\/pages\/1549","targetHints":{"allow":["GET"]}}],"collection":[{"href":"https:\/\/bns.berlin\/fr\/wp-json\/wp\/v2\/pages"}],"about":[{"href":"https:\/\/bns.berlin\/fr\/wp-json\/wp\/v2\/types\/page"}],"author":[{"embeddable":true,"href":"https:\/\/bns.berlin\/fr\/wp-json\/wp\/v2\/users\/1"}],"replies":[{"embeddable":true,"href":"https:\/\/bns.berlin\/fr\/wp-json\/wp\/v2\/comments?post=1549"}],"version-history":[{"count":34,"href":"https:\/\/bns.berlin\/fr\/wp-json\/wp\/v2\/pages\/1549\/revisions"}],"predecessor-version":[{"id":7433,"href":"https:\/\/bns.berlin\/fr\/wp-json\/wp\/v2\/pages\/1549\/revisions\/7433"}],"wp:attachment":[{"href":"https:\/\/bns.berlin\/fr\/wp-json\/wp\/v2\/media?parent=1549"}],"curies":[{"name":"wp","href":"https:\/\/api.w.org\/{rel}","templated":true}]}}