{"id":1478,"date":"2020-09-17T16:16:53","date_gmt":"2020-09-17T14:16:53","guid":{"rendered":"https:\/\/bns.berlin\/fuer-gefluechtete-menschen-in-berlin\/"},"modified":"2026-02-05T14:41:02","modified_gmt":"2026-02-05T13:41:02","slug":"je-souhaite-recevoir-des-conseils","status":"publish","type":"page","link":"https:\/\/bns.berlin\/fr\/je-souhaite-recevoir-des-conseils\/","title":{"rendered":"Je souhaite recevoir des conseils"},"content":{"rendered":"\n<h1 class=\"wp-block-heading is-style-screen-reader-text hasnopadding\">Ich m\u00f6chte beraten werden<\/h1>\n\n\n\n<div class=\"wp-block-columns alignfull is-not-stacked-on-mobile hasnopadding is-layout-flex wp-container-core-columns-is-layout-f0342b05 wp-block-columns-is-layout-flex\" style=\"margin-top:0;margin-bottom:0\">\n<div class=\"wp-block-column hasnopadding is-layout-flow wp-block-column-is-layout-flow\">\n<div class=\"wp-block-cover aligncenter is-light is-style-default hasnopadding\" style=\"min-height:654px;aspect-ratio:unset;\"><img loading=\"lazy\" decoding=\"async\" width=\"1740\" height=\"890\" class=\"wp-block-cover__image-background wp-image-4541\" alt=\"\" src=\"https:\/\/bns.berlin\/wp-content\/uploads\/2023\/11\/flucht_bg.jpg\" data-object-fit=\"cover\" srcset=\"https:\/\/bns.berlin\/wp-content\/uploads\/2023\/11\/flucht_bg.jpg 1740w, https:\/\/bns.berlin\/wp-content\/uploads\/2023\/11\/flucht_bg-300x153.jpg 300w, https:\/\/bns.berlin\/wp-content\/uploads\/2023\/11\/flucht_bg-1024x524.jpg 1024w, https:\/\/bns.berlin\/wp-content\/uploads\/2023\/11\/flucht_bg-768x393.jpg 768w, https:\/\/bns.berlin\/wp-content\/uploads\/2023\/11\/flucht_bg-1536x786.jpg 1536w, https:\/\/bns.berlin\/wp-content\/uploads\/2023\/11\/flucht_bg-480x246.jpg 480w\" sizes=\"auto, (max-width: 1740px) 100vw, 1740px\" \/><span aria-hidden=\"true\" class=\"wp-block-cover__background has-custom-color-2-background-color has-background-dim\"><\/span><div class=\"wp-block-cover__inner-container is-layout-flow wp-block-cover-is-layout-flow\">\n<ul style=\"margin-top:0;margin-right:0;margin-bottom:0;margin-left:0;padding-right:var(--wp--preset--spacing--l);padding-left:var(--wp--preset--spacing--l);font-style:normal;font-weight:600\" class=\"wp-block-list aligncenter is-style-no-bullets has-primary-color has-text-color has-link-color has-l-font-size wp-elements-115e84e9c85e5708d61bdafd1de4ce49\">\n<li class=\"bubble\"><a href=\"https:\/\/bns.berlin\/fr\/je-souhaite-recevoir-des-conseils\/xenion-et-zentrum-uberleben\/\" data-type=\"page\" data-id=\"6027\">J&rsquo;ai subi des <br>actes de torture.<\/a><\/li>\n\n\n\n<li class=\"bubble\"><a href=\"https:\/\/bns.berlin\/fr\/service-specialise\/kub\/\" data-type=\"page\" data-id=\"6010\">Je suis <br>enceinte.<\/a><\/li>\n\n\n\n<li class=\"bubble\"><a href=\"https:\/\/bns.berlin\/fr\/service-specialise\/kommmit-bbz\/\" data-type=\"page\" data-id=\"6012\">J&rsquo;ai moins <br>de 18 ans.<\/a><\/li>\n\n\n\n<li class=\"bubble\"><a href=\"https:\/\/bns.berlin\/fr\/service-specialise\/kub\/\" data-type=\"page\" data-id=\"6010\">Je suis une femme et <br>une victime de violence.<\/a><\/li>\n\n\n\n<li class=\"bubble\"><a href=\"https:\/\/bns.berlin\/fr\/service-specialise\/bzsl\/\" data-type=\"page\" data-id=\"6011\">Je suis en situation de <br>handicap et j&rsquo;ai besoin <br>d&rsquo;aide au quotidien.<\/a><\/li>\n\n\n\n<li class=\"bubble\"><a href=\"https:\/\/bns.berlin\/fr\/service-specialise\/kommmit-bbz\/\" data-type=\"page\" data-id=\"6012\">J&rsquo;ai plus de 18 ans <br>et je b\u00e9n\u00e9ficie de <br>l&rsquo;aide aux mineurs.<\/a><\/li>\n\n\n\n<li class=\"bubble\"><a href=\"https:\/\/bns.berlin\/fr\/service-specialise\/kub\/\" data-type=\"page\" data-id=\"6010\">Je suis un <br>parent isol\u00e9.<\/a><\/li>\n\n\n\n<li class=\"bubble\"><a href=\"https:\/\/bns.berlin\/fr\/service-specialise\/kub\/\" data-type=\"page\" data-id=\"6010\">Je suis une femme et <br>j&rsquo;ai \u00e9t\u00e9 viol\u00e9e ou victime <br>d&rsquo;abus sexuels.<\/a><\/li>\n\n\n\n<li class=\"bubble\"><a href=\"https:\/\/bns.berlin\/fr\/service-specialise\/bzsl\/\" data-type=\"page\" data-id=\"6011\">J&rsquo;ai plus de 61 ans <br>et j&rsquo;ai des probl\u00e8mes <br>de sant\u00e9.<\/a><\/li>\n\n\n\n<li class=\"bubble\"><a href=\"https:\/\/bns.berlin\/fr\/je-souhaite-recevoir-des-conseils\/kommmit-bbz-schwulenberatung-berlin-xenion-et-zentrum-uberleben\/\" data-type=\"page\" data-id=\"6025\">J&rsquo;ai fr\u00e9quemment des <br>souvenirs d&rsquo;exp\u00e9riences <br>douloureuses \u2013 le jour et la nuit.<\/a><\/li>\n\n\n\n<li class=\"bubble\"><a href=\"https:\/\/bns.berlin\/fr\/service-specialise\/schwulenberatung-berlin\/\" data-type=\"page\" data-id=\"6013\">Je suis gay, <br>lesbienne, bisexuel.le, <br>trans<em>, inter<\/em> (LGBTI*).<\/a><\/li>\n\n\n\n<li class=\"bubble\"><a href=\"https:\/\/bns.berlin\/fr\/je-souhaite-recevoir-des-conseils\/xenion-et-zentrum-uberleben\/\" data-type=\"page\" data-id=\"6027\">J&rsquo;ai \u00e9t\u00e9 victime <br>de pers\u00e9cutions.<\/a><\/li>\n\n\n\n<li class=\"bubble\"><a href=\"https:\/\/bns.berlin\/fr\/service-specialise\/awo-kreisverband-berlin-mitte-e-v\/\" data-type=\"page\" data-id=\"6009\">Qui peut m\u2019aider? Qui peut me conseiller ?<\/a><\/li>\n\n\n\n<li class=\"bubble\"><a href=\"https:\/\/bns.berlin\/fr\/service-specialise\/awo-kreisverband-berlin-mitte-e-v\/\" data-type=\"page\" data-id=\"6009\">Est-ce que je suis particuli\u00e8rement vuln\u00e9rable ?<\/a><\/li>\n\n\n\n<li class=\"bubble\"><a href=\"https:\/\/bns.berlin\/fr\/je-souhaite-recevoir-des-conseils\/schwulenberatung-berlin-xenion-et-zentrum-uberleben\/\" data-type=\"page\" data-id=\"6026\">Je suis un.e victim.e <br>de violence grave.<\/a><\/li>\n\n\n\n<li class=\"bubble\"><a href=\"https:\/\/bns.berlin\/fr\/je-souhaite-recevoir-des-conseils\/awo-kreisverband-berlin-mitte-e-v-et-bzsl\/\" data-type=\"page\" data-id=\"6024\">J\u2019ai une maladie <br>tr\u00e8s grave.<\/a><\/li>\n\n\n\n<li class=\"bubble\"><a href=\"https:\/\/bns.berlin\/fr\/je-souhaite-recevoir-des-conseils\/xenion-et-zentrum-uberleben\/\" data-type=\"page\" data-id=\"6027\">J\u2019ai des <br>probl\u00e8mes mentales.<\/a><\/li>\n<\/ul>\n<\/div><\/div>\n<\/div>\n<\/div>\n\n\n\n<div class=\"wp-block-columns alignwide has-base-color has-secondary-background-color has-text-color has-background has-link-color wp-elements-961fab8a73243c2fe96785d55e219d86 is-layout-flex wp-container-core-columns-is-layout-28f84493 wp-block-columns-is-layout-flex\" style=\"border-radius:25px\">\n<div class=\"wp-block-column has-base-color has-text-color has-link-color wp-elements-ca46b4d14fd1a09661fe77d277c27b26 is-layout-flow wp-block-column-is-layout-flow\">\n<h2 class=\"wp-block-heading has-base-color has-text-color has-link-color has-xxl-font-size wp-elements-13e8b1053a3344f319ade0a59e109cdc\">En cas d&rsquo;extr\u00eame urgence, veuillez vous adresser aux services suivants<\/h2>\n\n\n\n<div class=\"wp-block-pb-accordion-item c-accordion__item js-accordion-item no-js invertedAkkordeon has-text-color\" data-initially-open=\"false\" data-click-to-close=\"true\" data-auto-close=\"true\" data-scroll=\"false\" data-scroll-offset=\"0\"><h3 id=\"at-14780\" class=\"c-accordion__title js-accordion-controller\" role=\"button\">\u2192 En cas de troubles physiques<\/h3><div id=\"ac-14780\" class=\"c-accordion__content\">\n<div style=\"height:50px\" aria-hidden=\"true\" class=\"wp-block-spacer\"><\/div>\n\n\n\n<p style=\"margin-right:0;margin-left:0\"><strong>Le centre de secours hospitalier le plus proche<br><\/strong><a href=\"http:\/\/www.gesundheitsberater-berlin.de\/kliniken\/klinikalltag\/berliner-rettungsstellen\">www.gesundheitsberater-berlin.de<\/a><\/p>\n\n\n\n<div style=\"height:50px\" aria-hidden=\"true\" class=\"wp-block-spacer\"><\/div>\n<\/div><\/div>\n\n\n\n<div class=\"wp-block-pb-accordion-item c-accordion__item js-accordion-item no-js invertedAkkordeon\" data-initially-open=\"false\" data-click-to-close=\"true\" data-auto-close=\"true\" data-scroll=\"false\" data-scroll-offset=\"0\"><h3 id=\"at-14781\" class=\"c-accordion__title js-accordion-controller\" role=\"button\">\u2192 En cas de crises psychologiques<\/h3><div id=\"ac-14781\" class=\"c-accordion__content\">\n<div style=\"height:50px\" aria-hidden=\"true\" class=\"wp-block-spacer\"><\/div>\n\n\n\n<h4 class=\"wp-block-heading has-base-color has-text-color has-link-color wp-elements-71848e3a42f8e94bd166fb795fd55680\" style=\"font-size:1.2em\">Berliner Krisendienst<\/h4>\n\n\n\n<p class=\"noPadding\"><strong><strong>Service d\u2019urgence suprar\u00e9gional du Berliner Krisendienst<\/strong><\/strong><br>T\u00e9l : 030 \/ 39 063 00<br>tous les jours de minuit \u00e0 8h et<br>le week-end et les jours f\u00e9ri\u00e9s de 8h \u00e0 16h<\/p>\n\n\n\n<p>Krausnickstr. 12A<br>10115 Berlin<\/p>\n\n\n\n<p>Le service d\u2019urgence de nuit est joignable \u00e0 partir de tous les num\u00e9ros de t\u00e9l\u00e9phone du Berliner Krisendienst (transfert automatique apr\u00e8s minuit).<\/p>\n\n\n\n<p>Le Berliner Krisendienst poss\u00e8de une antenne dans tous les arrondissements.<\/p>\n\n\n\n<div style=\"height:50px\" aria-hidden=\"true\" class=\"wp-block-spacer\"><\/div>\n<\/div><\/div>\n\n\n\n<div class=\"wp-block-pb-accordion-item c-accordion__item js-accordion-item no-js invertedAkkordeon\" data-initially-open=\"false\" data-click-to-close=\"true\" data-auto-close=\"true\" data-scroll=\"false\" data-scroll-offset=\"0\"><h3 id=\"at-14782\" class=\"c-accordion__title js-accordion-controller\" role=\"button\">\u2192 En cas de violences domestiques contre les femmes et leurs enfants<\/h3><div id=\"ac-14782\" class=\"c-accordion__content\">\n<div style=\"height:50px\" aria-hidden=\"true\" class=\"wp-block-spacer\"><\/div>\n\n\n\n<h4 class=\"wp-block-heading has-base-color has-text-color has-link-color wp-elements-a3d8be0249f7d5b054026ecef6adf812\" style=\"font-size:1.2em\">BIG &#8211; Soutien en cas de violences domestiques<\/h4>\n\n\n\n<p><strong>Hotline:<\/strong><\/p>\n\n\n\n<p>T\u00e9l : 030 \/ 611 03 00 (disponible 24h\/24, avec interpr\u00e9tation si n\u00e9cessaire)<\/p>\n\n\n\n<p><\/p>\n\n\n\n<p><strong>Accompagnement mobile:<\/strong><\/p>\n\n\n\n<p>T\u00e9l : 030 \/ 611 03 01<\/p>\n\n\n\n<p><\/p>\n\n\n\n<p><strong>Accompagnement mobile pour les personnes r\u00e9fugi\u00e9es &#8211; ind\u00e9pendamment du statut de s\u00e9jour<\/strong><\/p>\n\n\n\n<p>T\u00e9l : 030 \/ 611 03 012<\/p>\n\n\n\n<h4 class=\"wp-block-heading has-base-color has-text-color has-link-color wp-elements-47a254c9bea06bda4553c465ff34470a\" style=\"font-size:1.2em\">LARA Hotline en cas de violences sexuelles<\/h4>\n\n\n\n<p>T\u00e9l : 030 \/ 21 68 88 8<br>du lundi au vendredi, de 9h \u00e0 18h<\/p>\n\n\n\n<h4 class=\"wp-block-heading has-base-color has-text-color has-link-color wp-elements-8158d7f04922150621993bd5f96fb0eb\" style=\"font-size:1.2em\">Service national d\u2019assistance t\u00e9l\u00e9phonique pour les violences faites aux femmes<\/h4>\n\n\n\n<p>T\u00e9l : 08000 \/ 11 60 16<br>premi\u00e8re assistance t\u00e9l\u00e9phonique avec possibilit\u00e9 de m\u00e9diation linguistique<\/p>\n\n\n\n<h4 class=\"wp-block-heading has-base-color has-text-color has-link-color wp-elements-c7dd216571677d60867b59e1a2a8cfcd\" style=\"font-size:1.2em\">LARA \u2013 Service sp\u00e9cialis\u00e9 contre les violences sexuelles faites aux femmes*<\/h4>\n\n\n\n<p><strong>Assistance mobile pour les femmes r\u00e9fugi\u00e9es*<\/strong><\/p>\n\n\n\n<h5 class=\"wp-block-heading has-base-color has-text-color has-link-color has-m-font-size wp-elements-27d9b33cf2efd805582a39fb778e0e4a\" style=\"text-transform:none\">Hotline:<\/h5>\n\n\n\n<ul class=\"wp-block-list is-style-no-bullets\">\n<li>T\u00e9l : 030 \/ 21 68 88 8<\/li>\n\n\n\n<li><a href=\"mailto:beratung@lara-berlin.de\">beratung@lara-berlin.de<\/a><\/li>\n<\/ul>\n\n\n\n<h5 class=\"wp-block-heading has-base-color has-text-color has-link-color has-m-font-size wp-elements-b9f2eab263a7d77ca0bbf550099ac68d\" style=\"text-transform:none\">Assistance mobile :<\/h5>\n\n\n\n<ul class=\"wp-block-list is-style-no-bullets\">\n<li>T\u00e9l : 030 \/ 21 63 02 3<\/li>\n\n\n\n<li><a href=\"mailto:mobile-beratung@lara-berlin.de\">mobile-beratung@lara-berlin.de<\/a><\/li>\n\n\n\n<li><a href=\"https:\/\/lara-berlin.de\/home\">www.lara-berlin.de<\/a><\/li>\n<\/ul>\n\n\n\n<h5 class=\"wp-block-heading has-base-color has-text-color has-link-color has-m-font-size wp-elements-79480101242b2e287f8599a7a1baf1bf\" style=\"text-transform:none\"><strong>Langues<\/strong>:<\/h5>\n\n\n\n<p>allemand, anglais, arabe ou avec m\u00e9diation linguistique<\/p>\n\n\n\n<h5 class=\"wp-block-heading has-base-color has-text-color has-link-color has-m-font-size wp-elements-1bad210420902643ca18f9cac2e47ddb\" style=\"text-transform:none\"><strong>Offre<\/strong>: <\/h5>\n\n\n\n<p>assistance psychosociale en allemand, anglais, arabe ou avec m\u00e9diation linguistique, offres pour groupes, accompagnement aupr\u00e8s des autorit\u00e9s, m\u00e9decins et autres, r\u00e9unions d\u2019information sur divers th\u00e8mes, assistance juridique en mati\u00e8re de droit familial, l\u00e9gislation sur les violences domestiques et droit p\u00e9nal, mise en relation avec d\u2019autres services d\u2019assistance (comme par ex. dispositifs de protection pour les femmes* et les enfants, mise en relation avec des m\u00e9decins et th\u00e9rapeutes)<\/p>\n\n\n\n<div style=\"height:50px\" aria-hidden=\"true\" class=\"wp-block-spacer\"><\/div>\n<\/div><\/div>\n\n\n\n<div class=\"wp-block-pb-accordion-item c-accordion__item js-accordion-item no-js invertedAkkordeon\" data-initially-open=\"false\" data-click-to-close=\"true\" data-auto-close=\"true\" data-scroll=\"false\" data-scroll-offset=\"0\"><h3 id=\"at-14783\" class=\"c-accordion__title js-accordion-controller\" role=\"button\">\u2192 En cas d&rsquo;inqui\u00e9tudes concernant des enfants et adolescent.es<\/h3><div id=\"ac-14783\" class=\"c-accordion__content\">\n<div style=\"height:50px\" aria-hidden=\"true\" class=\"wp-block-spacer\"><\/div>\n\n\n\n<p><strong>Service d\u2019urgence Berliner Notdienst<\/strong><br>Hotline de la protection de l\u2019enfance (24h\/24)<br>T\u00e9l : 030 \/ 61 00 66<\/p>\n\n\n\n<div style=\"height:50px\" aria-hidden=\"true\" class=\"wp-block-spacer\"><\/div>\n<\/div><\/div>\n<\/div>\n<\/div>\n","protected":false},"excerpt":{"rendered":"<p>Ich m\u00f6chte beraten werden En cas d&rsquo;extr\u00eame urgence, veuillez vous adresser aux services suivants<\/p>\n","protected":false},"author":1,"featured_media":0,"parent":0,"menu_order":100,"comment_status":"closed","ping_status":"closed","template":"custom-no-intro","meta":{"_coblocks_attr":"","_coblocks_dimensions":"","_coblocks_responsive_height":"","_coblocks_accordion_ie_support":"","inline_featured_image":false,"footnotes":""},"class_list":["post-1478","page","type-page","status-publish","hentry"],"_links":{"self":[{"href":"https:\/\/bns.berlin\/fr\/wp-json\/wp\/v2\/pages\/1478","targetHints":{"allow":["GET"]}}],"collection":[{"href":"https:\/\/bns.berlin\/fr\/wp-json\/wp\/v2\/pages"}],"about":[{"href":"https:\/\/bns.berlin\/fr\/wp-json\/wp\/v2\/types\/page"}],"author":[{"embeddable":true,"href":"https:\/\/bns.berlin\/fr\/wp-json\/wp\/v2\/users\/1"}],"replies":[{"embeddable":true,"href":"https:\/\/bns.berlin\/fr\/wp-json\/wp\/v2\/comments?post=1478"}],"version-history":[{"count":27,"href":"https:\/\/bns.berlin\/fr\/wp-json\/wp\/v2\/pages\/1478\/revisions"}],"predecessor-version":[{"id":9515,"href":"https:\/\/bns.berlin\/fr\/wp-json\/wp\/v2\/pages\/1478\/revisions\/9515"}],"wp:attachment":[{"href":"https:\/\/bns.berlin\/fr\/wp-json\/wp\/v2\/media?parent=1478"}],"curies":[{"name":"wp","href":"https:\/\/api.w.org\/{rel}","templated":true}]}}